{"id":714941,"date":"2025-08-27T17:24:28","date_gmt":"2025-08-27T14:24:28","guid":{"rendered":"https:\/\/roveyayinevi.com.tr\/index.php\/urun\/yeni-turkiyenin-ruhu-hinc-tahakkum-muhtaclastirma\/"},"modified":"2026-04-16T02:23:17","modified_gmt":"2026-04-15T23:23:17","slug":"yeni-turkiyenin-ruhu-hinc-tahakkum-muhtaclastirma","status":"publish","type":"product","link":"https:\/\/roveyayinevi.com.tr\/index.php\/urun\/yeni-turkiyenin-ruhu-hinc-tahakkum-muhtaclastirma\/","title":{"rendered":"Yeni T\u00fcrkiye&#8217;nin Ruhu H\u0131n\u00e7, Tahakk\u00fcm, Muhta\u00e7la\u015ft\u0131rma"},"content":{"rendered":"<p>\u201cBelki di\u011fer d\u00fc\u015f\u00fcnce alanlar\u0131na nazaran, T\u00fcrkiye\u2019de siyasal d\u00fc\u015f\u00fcncenin s\u0131n\u0131rl\u0131 do\u011fas\u0131n\u0131 a\u00e7\u0131klayan en \u00f6nemli etken de yine devlet merkezli ve kat\u0131 bir milliyet\u00e7ilikle malul bu siyasal alan\u0131n ve onun muktedir akt\u00f6rlerinin, T\u00fcrkiye\u2019yi s\u00fcrekli ve topyek\u00fbn bir kriz toplumu olarak kurmay\u0131 ba\u015farmas\u0131nda yat\u0131yor. Topyek\u00fbn kriz hali, devletin kendisinin basit\u00e7e bir kurum olman\u0131n \u00e7ok \u00f6tesine ge\u00e7erek siyasetin ta kendisi haline gelmesini sa\u011fl\u0131yor ve her siyasal faaliyetin devletle ili\u015fkisi \u00fczerinden anla\u015f\u0131lmas\u0131n\u0131 siyasetin t\u00fcm icrac\u0131lar\u0131na dayat\u0131yor.\u201d \ufffcMuhalif \u00e7evrelerde mevcut siyasal durumu aktarman\u0131n ve betimlemenin, anlamaya ve kavramaya galebe \u00e7ald\u0131\u011f\u0131 maalesef g\u00f6rmezden gelinemeyecek bir ger\u00e7ek olarak kar\u015f\u0131m\u0131zda duruyor. \u201cKral \u00e7\u0131plak!\u201d demenin de bir anlam\u0131 var elbette fakat \u201cfelaket\u201d olarak addedilen dipsiz kuyuya tepetaklak yuvarlanmaya mahal vermeyen, ger\u00e7eklikle ili\u015fkisini koparmam\u0131\u015f ve yak\u0131c\u0131\/y\u0131k\u0131c\u0131 siyasal geli\u015fmelere duyars\u0131zla\u015fmam\u0131\u015f alternatif kavray\u0131\u015flara olan ihtiya\u00e7 kendini  dayat\u0131yor. Yeni T\u00fcrkiye\u2019nin Ruhu, tam da bu ihtiyac\u0131 tespit eden, \u201ch\u0131n\u00e7, tahakk\u00fcm, muhta\u00e7la\u015ft\u0131rma\u201d stratejilerinin nas\u0131l i\u015fledi\u011fini titizlikle ele alan, Yeni T\u00fcrkiye\u2019de \u201cyeni\u201d olan\u0131 kavramaya aday, k\u0131ymetli ve e\u015fsiz bir inceleme. Okuru, \u00fcmidi diri tutabilmenin imk\u00e2nlar\u0131na do\u011fru akl\u0131selim bir yolculu\u011fa davet ediyor\u2026 <\/p>\n","protected":false},"excerpt":{"rendered":"<p>\u201cBelki di\u011fer d\u00fc\u015f\u00fcnce alanlar\u0131na nazaran, T\u00fcrkiye\u2019de siyasal d\u00fc\u015f\u00fcncenin s\u0131n\u0131rl\u0131 do\u011fas\u0131n\u0131 a\u00e7\u0131klayan en \u00f6nemli etken de yine devlet merkezli ve kat\u0131 bir milliyet\u00e7ilikle malul bu siyasal alan\u0131n<span class=\"excerpt-hellip\"> [\u2026]<\/span><\/p>\n","protected":false},"featured_media":0,"template":"","meta":{"_monsterinsights_skip_tracking":false,"_monsterinsights_sitenote_active":false,"_monsterinsights_sitenote_note":"","_monsterinsights_sitenote_category":0},"product_brand":[],"product_cat":[13590,12337],"product_tag":[],"class_list":{"0":"post-714941","1":"product","2":"type-product","3":"status-publish","5":"product_cat-arastirma-inceleme-politika-siyaset","6":"product_cat-politika-siyaset","7":"pa_cilt-ciltsiz","8":"pa_tur-kitap","9":"pa_yayinevi-iletisim-yayinlari","10":"pa_yazar-zafer-yilmaz","12":"first","13":"instock","14":"sale","15":"shipping-taxable","16":"purchasable","17":"product-type-simple"},"_links":{"self":[{"href":"https:\/\/roveyayinevi.com.tr\/index.php\/wp-json\/wp\/v2\/product\/714941","targetHints":{"allow":["GET"]}}],"collection":[{"href":"https:\/\/roveyayinevi.com.tr\/index.php\/wp-json\/wp\/v2\/product"}],"about":[{"href":"https:\/\/roveyayinevi.com.tr\/index.php\/wp-json\/wp\/v2\/types\/product"}],"wp:attachment":[{"href":"https:\/\/roveyayinevi.com.tr\/index.php\/wp-json\/wp\/v2\/media?parent=714941"}],"wp:term":[{"taxonomy":"product_brand","embeddable":true,"href":"https:\/\/roveyayinevi.com.tr\/index.php\/wp-json\/wp\/v2\/product_brand?post=714941"},{"taxonomy":"product_cat","embeddable":true,"href":"https:\/\/roveyayinevi.com.tr\/index.php\/wp-json\/wp\/v2\/product_cat?post=714941"},{"taxonomy":"product_tag","embeddable":true,"href":"https:\/\/roveyayinevi.com.tr\/index.php\/wp-json\/wp\/v2\/product_tag?post=714941"}],"curies":[{"name":"wp","href":"https:\/\/api.w.org\/{rel}","templated":true}]}}