{"id":714940,"date":"2025-08-27T17:24:28","date_gmt":"2025-08-27T14:24:28","guid":{"rendered":"https:\/\/roveyayinevi.com.tr\/index.php\/urun\/turke-tapmak-sekuler-din-ve-iki-savas-arasi-kemalizm\/"},"modified":"2026-04-16T02:23:17","modified_gmt":"2026-04-15T23:23:17","slug":"turke-tapmak-sekuler-din-ve-iki-savas-arasi-kemalizm","status":"publish","type":"product","link":"https:\/\/roveyayinevi.com.tr\/index.php\/urun\/turke-tapmak-sekuler-din-ve-iki-savas-arasi-kemalizm\/","title":{"rendered":"T\u00fcrk&#8217;e Tapmak Sek\u00fcler Din ve \u0130ki Sava\u015f Aras\u0131 Kemalizm"},"content":{"rendered":"<p>\ufffcOnur Atalay, okuru 1930\u2019lar boyunca gen\u00e7 cumhuriyetin \u00fczerinde y\u00fckselece\u011fi \u201cmanevi\u201d temelleri yeniden de\u011ferlendirmeye \u00e7a\u011f\u0131r\u0131yor. Yazar, etraf\u0131nda milletin in\u015fa edilece\u011fi bir ortak anlat\u0131n\u0131n olu\u015fum s\u00fcrecinde s\u00f6ylemlerin, kavramlar\u0131n ve simgelerin sahip oldu\u011fu \u00f6zg\u00fcl a\u011f\u0131rl\u0131\u011f\u0131 ve bunlar\u0131n o zaman\u0131n totaliter rejimleriyle nas\u0131l bir etkile\u015fim i\u00e7erisinde \u015fekillendi\u011fini tart\u0131\u015f\u0131yor. Medeniyet, eskiden Tanr\u0131\u2019n\u0131n zihinlerde kaplad\u0131\u011f\u0131 yeri ele ge\u00e7irmi\u015f olabilir miydi? Bilim, kurucu kadro taraf\u0131ndan \u00fclkeyi cennete \u00e7evirecek bir sihirli de\u011fnek olarak m\u0131 g\u00f6r\u00fclmekteydi? Bilimin, medeniyetin veya T\u00fcrkl\u00fc\u011f\u00fcn mabetleri, m\u00fccahitleri, \u015fehitleri hatta peygamberleri var m\u0131yd\u0131? Sek\u00fcler kavramlar\u0131n ad\u0131m ad\u0131m tekrar b\u00fcy\u00fclenmesi sonucu ortaya nas\u0131l bir \u00fclke panoramas\u0131 \u00e7\u0131kacakt\u0131? T\u00fcrk\u2019e Tapmak, geleneksel dinin evreninden Kemalist kavramlara do\u011fru ya\u015fanan \u201ckutsiyet nakli\u201dnin ve nihayetinde Kemalizmin bir sivil din, hatta yar\u0131m kalm\u0131\u015f bir siyasal din olarak ayaklar\u0131 \u00fczerinde y\u00fckseli\u015finin anlat\u0131s\u0131\u2026 Medeniyet, bilim, millet ve sonunda \u015fef kavramlar\u0131n\u0131n kutsall\u0131k halesiyle nas\u0131l \u00e7evrildi\u011fini, Cumhuriyet\u2019in \u201cyeni insan\u201d\u0131n\u0131n onlar vas\u0131tas\u0131yla nas\u0131l mayaland\u0131\u011f\u0131n\u0131, Osmanl\u0131\u2019dan ve geleneksel inan\u00e7 sisteminden kopu\u015fun yaratt\u0131\u011f\u0131 manevi bo\u015fluk duygusunun farkl\u0131 bir tarzda nas\u0131l ikame edildi\u011fini anlatan Atalaydin  siyaset ili\u015fkisine dair zengin kaynak kullan\u0131m\u0131 ve titiz ara\u015ft\u0131rmac\u0131l\u0131\u011f\u0131yla T\u00fcrkiye Cumhuriyeti\u2019nin sadece ilk y\u0131llar\u0131n\u0131 de\u011fil bug\u00fcn\u00fcn\u00fc de anlamaya y\u00f6nelik yeni bir \u00e7er\u00e7eve \u00f6neriyor. <\/p>\n","protected":false},"excerpt":{"rendered":"<p>\ufffcOnur Atalay, okuru 1930\u2019lar boyunca gen\u00e7 cumhuriyetin \u00fczerinde y\u00fckselece\u011fi \u201cmanevi\u201d temelleri yeniden de\u011ferlendirmeye \u00e7a\u011f\u0131r\u0131yor. Yazar, etraf\u0131nda milletin in\u015fa edilece\u011fi bir ortak anlat\u0131n\u0131n olu\u015fum s\u00fcrecinde s\u00f6ylemlerin, kavramlar\u0131n<span class=\"excerpt-hellip\"> [\u2026]<\/span><\/p>\n","protected":false},"featured_media":0,"template":"","meta":{"_monsterinsights_skip_tracking":false,"_monsterinsights_sitenote_active":false,"_monsterinsights_sitenote_note":"","_monsterinsights_sitenote_category":0},"product_brand":[],"product_cat":[13590,12337],"product_tag":[],"class_list":{"0":"post-714940","1":"product","2":"type-product","3":"status-publish","5":"product_cat-arastirma-inceleme-politika-siyaset","6":"product_cat-politika-siyaset","7":"pa_cilt-ciltsiz","8":"pa_tur-kitap","9":"pa_yayinevi-iletisim-yayinlari","10":"pa_yazar-onur-atalay","12":"first","13":"instock","14":"sale","15":"shipping-taxable","16":"purchasable","17":"product-type-simple"},"_links":{"self":[{"href":"https:\/\/roveyayinevi.com.tr\/index.php\/wp-json\/wp\/v2\/product\/714940","targetHints":{"allow":["GET"]}}],"collection":[{"href":"https:\/\/roveyayinevi.com.tr\/index.php\/wp-json\/wp\/v2\/product"}],"about":[{"href":"https:\/\/roveyayinevi.com.tr\/index.php\/wp-json\/wp\/v2\/types\/product"}],"wp:attachment":[{"href":"https:\/\/roveyayinevi.com.tr\/index.php\/wp-json\/wp\/v2\/media?parent=714940"}],"wp:term":[{"taxonomy":"product_brand","embeddable":true,"href":"https:\/\/roveyayinevi.com.tr\/index.php\/wp-json\/wp\/v2\/product_brand?post=714940"},{"taxonomy":"product_cat","embeddable":true,"href":"https:\/\/roveyayinevi.com.tr\/index.php\/wp-json\/wp\/v2\/product_cat?post=714940"},{"taxonomy":"product_tag","embeddable":true,"href":"https:\/\/roveyayinevi.com.tr\/index.php\/wp-json\/wp\/v2\/product_tag?post=714940"}],"curies":[{"name":"wp","href":"https:\/\/api.w.org\/{rel}","templated":true}]}}