{"id":714939,"date":"2025-08-27T17:24:27","date_gmt":"2025-08-27T14:24:27","guid":{"rendered":"https:\/\/roveyayinevi.com.tr\/index.php\/urun\/ergenlik-sikintili-yillar-ergen-cocuklarimiza-keyifli-ebeveynlik-etmenin-yollari\/"},"modified":"2026-04-16T02:23:17","modified_gmt":"2026-04-15T23:23:17","slug":"ergenlik-sikintili-yillar-ergen-cocuklarimiza-keyifli-ebeveynlik-etmenin-yollari","status":"publish","type":"product","link":"https:\/\/roveyayinevi.com.tr\/index.php\/urun\/ergenlik-sikintili-yillar-ergen-cocuklarimiza-keyifli-ebeveynlik-etmenin-yollari\/","title":{"rendered":"Ergenlik; S\u0131k\u0131nt\u0131l\u0131 Y\u0131llar &#8211; Ergen \u00c7ocuklar\u0131m\u0131za Keyifli Ebeveynlik Etmenin Yollar\u0131"},"content":{"rendered":"<p>\u00c7ocuklar ergenli\u011fe girdi\u011finde, aile i\u00e7i ili\u015fkilerde b\u00fcy\u00fck de\u011fi\u015fiklikler ya\u015fan\u0131r. Daha d\u00fcne kadar anne babalar\u0131n\u0131n s\u00f6z\u00fcnden \u00e7\u0131kmayan yeniyetmeler birden kendi fikirlerini savunmaya ve karar alma s\u00fcre\u00e7lerinde aktif rol almaya ba\u015flarlar. B\u00fct\u00fcn bunlar g\u00f6z a\u00e7\u0131p kapay\u0131ncaya kadar oluverdi\u011finden, ebeveynler genelde bu de\u011fi\u015fime haz\u0131rl\u0131ks\u0131z yakalan\u0131r ve \u00f6fkeyle hayk\u0131r\u0131r: \u201cNeler oluyor?!\u201d Ergenler ile ebeveynler neden s\u0131k s\u0131k \u00e7at\u0131\u015fma ya\u015farlar? Ergenler neden riskli ve tehlikeli i\u015flere kalk\u0131\u015f\u0131p ba\u015flar\u0131n\u0131 derde sokarlar? Akran bask\u0131s\u0131 ve ba\u015fka sosyal etkilerin ergen davran\u0131\u015flar\u0131ndaki rol\u00fc nedir? Ergen \u00e7ocuklara sorumluluk nas\u0131l a\u015f\u0131lan\u0131r? G\u00fcven duygusu, ergen- ebeveyn ili\u015fkisinin neresinde durur?Bulu\u011f ve cinsellik gibi hassas konularda nas\u0131l ve ne kadar konu\u015fulmal\u0131d\u0131r? Ergenler duygusal \u00f6zerkliklerini nas\u0131l kazan\u0131rlar ve bu s\u00fcre\u00e7 nas\u0131l yeni bir kimlik edinmelerine yol a\u00e7ar? Anne babalar bu zorlu geli\u015fim yolculu\u011funda \u00e7ocuklar\u0131n\u0131 nas\u0131l destekleyebilirler? Ba\u011f\u0131ms\u0131zl\u0131k ve s\u0131n\u0131r m\u00fccadelesine denge nas\u0131l bulunmal\u0131d\u0131r? Ergenleri iyi y\u00fcrekli, sorumluluk sahibi, bilin\u00e7li, \u015fefkatli bireyler olarak yeti\u015ftirmenin s\u0131rr\u0131 nerede gizlidir? Deneyimli \u00e7ocuk ve ergen psikolo\u011fu Sara Villanueva, akademik ve klinik bulgulara dayanarak insan hayat\u0131n\u0131n en karma\u015f\u0131k d\u00f6nemlerinden biri olan ergenlik d\u00f6nemini incelerken, kendi ebeveynlik tecr\u00fcbesi \u0131\u015f\u0131\u011f\u0131nda ailelere ergen \u00e7ocuklar\u0131yla ya\u015faman\u0131n zenginle\u015ftirici ve keyifli yanlar\u0131n\u0131 g\u00f6steriyor. <\/p>\n","protected":false},"excerpt":{"rendered":"<p>\u00c7ocuklar ergenli\u011fe girdi\u011finde, aile i\u00e7i ili\u015fkilerde b\u00fcy\u00fck de\u011fi\u015fiklikler ya\u015fan\u0131r. Daha d\u00fcne kadar anne babalar\u0131n\u0131n s\u00f6z\u00fcnden \u00e7\u0131kmayan yeniyetmeler birden kendi fikirlerini savunmaya ve karar alma s\u00fcre\u00e7lerinde aktif<span class=\"excerpt-hellip\"> [\u2026]<\/span><\/p>\n","protected":false},"featured_media":0,"template":"","meta":{"_monsterinsights_skip_tracking":false,"_monsterinsights_sitenote_active":false,"_monsterinsights_sitenote_note":"","_monsterinsights_sitenote_category":0},"product_brand":[],"product_cat":[17996,12364],"product_tag":[],"class_list":{"0":"post-714939","1":"product","2":"type-product","3":"status-publish","5":"product_cat-ebeveyn-kitaplari","6":"product_cat-genel-konular","7":"pa_cilt-ciltsiz","8":"pa_tur-kitap","9":"pa_yayinevi-iletisim-yayinlari","10":"pa_yazar-sara-villanueva","12":"first","13":"instock","14":"sale","15":"shipping-taxable","16":"purchasable","17":"product-type-simple"},"_links":{"self":[{"href":"https:\/\/roveyayinevi.com.tr\/index.php\/wp-json\/wp\/v2\/product\/714939","targetHints":{"allow":["GET"]}}],"collection":[{"href":"https:\/\/roveyayinevi.com.tr\/index.php\/wp-json\/wp\/v2\/product"}],"about":[{"href":"https:\/\/roveyayinevi.com.tr\/index.php\/wp-json\/wp\/v2\/types\/product"}],"wp:attachment":[{"href":"https:\/\/roveyayinevi.com.tr\/index.php\/wp-json\/wp\/v2\/media?parent=714939"}],"wp:term":[{"taxonomy":"product_brand","embeddable":true,"href":"https:\/\/roveyayinevi.com.tr\/index.php\/wp-json\/wp\/v2\/product_brand?post=714939"},{"taxonomy":"product_cat","embeddable":true,"href":"https:\/\/roveyayinevi.com.tr\/index.php\/wp-json\/wp\/v2\/product_cat?post=714939"},{"taxonomy":"product_tag","embeddable":true,"href":"https:\/\/roveyayinevi.com.tr\/index.php\/wp-json\/wp\/v2\/product_tag?post=714939"}],"curies":[{"name":"wp","href":"https:\/\/api.w.org\/{rel}","templated":true}]}}