{"id":714937,"date":"2025-08-27T17:24:26","date_gmt":"2025-08-27T14:24:26","guid":{"rendered":"https:\/\/roveyayinevi.com.tr\/index.php\/urun\/kedi-uykusu\/"},"modified":"2026-04-16T02:23:17","modified_gmt":"2026-04-15T23:23:17","slug":"kedi-uykusu","status":"publish","type":"product","link":"https:\/\/roveyayinevi.com.tr\/index.php\/urun\/kedi-uykusu\/","title":{"rendered":"Kedi Uykusu"},"content":{"rendered":"<p>Kedi Uykusu\u2019nun i\u00e7erisindeki her bir \u015fiirde, m\u0131srada sabah g\u00f6zlerimizi a\u00e7\u0131\u015f\u0131m\u0131z\u0131n g\u00fcndeli\u011finden, sa\u00e7lar\u0131m\u0131za, nefesimize dolan r\u00fczgar\u0131n do\u011fas\u0131na kadar, her an\u0131m\u0131z\u0131n \u201cSen\u201d ve \u201cZen\u201di aras\u0131nda gidip geliyoruz. Arafta kal\u0131p kor oluyoruz, sonra uykudan uyan\u0131p bir Ankara sonbahar\u0131nda yere d\u00fc\u015fen denizkestanesi&#8230; En \u00e7ok kad\u0131n oluyoruz ama\u2026 En \u00e7ok kedi oluyoruz. Anne karn\u0131ndaki kedilerin kordonlar\u0131 dolan\u0131yor kad\u0131nl\u0131\u011f\u0131n boynuna, can\u0131m\u0131z yan\u0131yor san\u0131yoruz ki, bir de bakm\u0131\u015f\u0131z bahar kap\u0131da. Sabah ezan\u0131 g\u00fcn\u00fcn ayd\u0131nl\u0131\u011f\u0131n\u0131 m\u00fcjdelerken, bembeyaz evlerdeki kapkara kediler, kapkara y\u0131llardaki bembeyaz kedileri affediyor. K\u00f6rl\u00fc\u011f\u00fc g\u00f6r\u00fcyoruz. \u201cSen\u201d ile \u201cZen\u201d aras\u0131nda bir nefes buluyoruz. Bir \u201cSen\u201d bir \u201cZen\u201d oluyoruz. T\u00fcm olu\u015flar\u0131n direncini k\u0131r\u0131p kabule ge\u00e7iyoruz. Sonra bahar yerini yaza b\u0131rak\u0131yor, aylardan yine a\u011fustos, kendi ka\u00e7\u0131\u015flar\u0131m\u0131z\u0131n yolculu\u011funda yine kendimizi buluyoruz. \u201cSen\u201d ile \u201cZen\u201d aras\u0131nda bir yerde\u2026 Funda Kara\u2019n\u0131n kaleminden hem m\u0131sralar hem \u00e7izgiler ak\u0131p giderken, Kedi Uykusu\u2019na ninniler s\u00f6yl\u00fcyoruz.  Bir \u201cSen\u201dden bir \u201cZen\u201dden\u2026                                                                                                                                   <\/p>\n","protected":false},"excerpt":{"rendered":"<p>Kedi Uykusu\u2019nun i\u00e7erisindeki her bir \u015fiirde, m\u0131srada sabah g\u00f6zlerimizi a\u00e7\u0131\u015f\u0131m\u0131z\u0131n g\u00fcndeli\u011finden, sa\u00e7lar\u0131m\u0131za, nefesimize dolan r\u00fczgar\u0131n do\u011fas\u0131na kadar, her an\u0131m\u0131z\u0131n \u201cSen\u201d ve \u201cZen\u201di aras\u0131nda gidip geliyoruz. Arafta<span class=\"excerpt-hellip\"> [\u2026]<\/span><\/p>\n","protected":false},"featured_media":0,"template":"","meta":{"_monsterinsights_skip_tracking":false,"_monsterinsights_sitenote_active":false,"_monsterinsights_sitenote_note":"","_monsterinsights_sitenote_category":0},"product_brand":[],"product_cat":[12291,12509],"product_tag":[],"class_list":{"0":"post-714937","1":"product","2":"type-product","3":"status-publish","5":"product_cat-edebiyat","6":"product_cat-siir","7":"pa_cilt-ciltsiz","8":"pa_tur-kitap","9":"pa_yayinevi-lirik-yayincilik","10":"pa_yazar-funda-kara","12":"first","13":"instock","14":"sale","15":"shipping-taxable","16":"purchasable","17":"product-type-simple"},"_links":{"self":[{"href":"https:\/\/roveyayinevi.com.tr\/index.php\/wp-json\/wp\/v2\/product\/714937","targetHints":{"allow":["GET"]}}],"collection":[{"href":"https:\/\/roveyayinevi.com.tr\/index.php\/wp-json\/wp\/v2\/product"}],"about":[{"href":"https:\/\/roveyayinevi.com.tr\/index.php\/wp-json\/wp\/v2\/types\/product"}],"wp:attachment":[{"href":"https:\/\/roveyayinevi.com.tr\/index.php\/wp-json\/wp\/v2\/media?parent=714937"}],"wp:term":[{"taxonomy":"product_brand","embeddable":true,"href":"https:\/\/roveyayinevi.com.tr\/index.php\/wp-json\/wp\/v2\/product_brand?post=714937"},{"taxonomy":"product_cat","embeddable":true,"href":"https:\/\/roveyayinevi.com.tr\/index.php\/wp-json\/wp\/v2\/product_cat?post=714937"},{"taxonomy":"product_tag","embeddable":true,"href":"https:\/\/roveyayinevi.com.tr\/index.php\/wp-json\/wp\/v2\/product_tag?post=714937"}],"curies":[{"name":"wp","href":"https:\/\/api.w.org\/{rel}","templated":true}]}}