{"id":714936,"date":"2025-08-27T17:24:26","date_gmt":"2025-08-27T14:24:26","guid":{"rendered":"https:\/\/roveyayinevi.com.tr\/index.php\/urun\/coco-chanel-kucuk-insanlar-ve-buyuk-hayaller\/"},"modified":"2026-01-21T02:38:45","modified_gmt":"2026-01-20T23:38:45","slug":"coco-chanel-kucuk-insanlar-ve-buyuk-hayaller","status":"publish","type":"product","link":"https:\/\/roveyayinevi.com.tr\/index.php\/urun\/coco-chanel-kucuk-insanlar-ve-buyuk-hayaller\/","title":{"rendered":"Coco Chanel &#8211; K\u00fc\u00e7\u00fck \u0130nsanlar ve B\u00fcy\u00fck Hayaller"},"content":{"rendered":"<p>Tasar\u0131mc\u0131lardan sanat\u00e7\u0131lara, bilim insanlar\u0131ndan yazarlara bu \u00f6zel ki\u015filerin hayat hikayelerini ke\u015ffedin. Hepsi hayalleri olan k\u00fc\u00e7\u00fck \u00e7ocuklard\u0131 ve b\u00fcy\u00fcy\u00fcp inan\u0131lmaz i\u015fler ba\u015fard\u0131lar.Gabrielle Bonheur, yani d\u00fcnyan\u0131n bildi\u011fi ismiyle Coco Chanel, Frans\u0131z modas\u0131n\u0131n en \u00fcnl\u00fc kad\u0131nlar\u0131ndan biriydi. Bir modac\u0131 olarak kad\u0131nlar\u0131 korselerden kurtard\u0131, etekleri k\u0131saltt\u0131 ve bir\u00e7ok k\u0131yafete mask\u00fclen bir tarz katt\u0131. Onun sade, rahat ve \u015f\u0131k tarz\u0131 geleneksel kad\u0131n imaj\u0131nda devrim yaratt\u0131. Bu ak\u0131m zamanla modern kad\u0131nlar i\u00e7in bir \u00f6zg\u00fcrl\u00fck sembol\u00fc haline geldi; ona g\u00f6re bir kad\u0131n akl\u0131na koydu\u011fu her \u015feyi elde edebilirdi.<\/p>\n","protected":false},"excerpt":{"rendered":"<p>Tasar\u0131mc\u0131lardan sanat\u00e7\u0131lara, bilim insanlar\u0131ndan yazarlara bu \u00f6zel ki\u015filerin hayat hikayelerini ke\u015ffedin. Hepsi hayalleri olan k\u00fc\u00e7\u00fck \u00e7ocuklard\u0131 ve b\u00fcy\u00fcy\u00fcp inan\u0131lmaz i\u015fler ba\u015fard\u0131lar.Gabrielle Bonheur, yani d\u00fcnyan\u0131n bildi\u011fi ismiyle<span class=\"excerpt-hellip\"> [\u2026]<\/span><\/p>\n","protected":false},"featured_media":0,"template":"","meta":{"_monsterinsights_skip_tracking":false,"_monsterinsights_sitenote_active":false,"_monsterinsights_sitenote_note":"","_monsterinsights_sitenote_category":0},"product_brand":[],"product_cat":[12274,12284],"product_tag":[],"class_list":{"0":"post-714936","1":"product","2":"type-product","3":"status-publish","5":"product_cat-cocuk-ve-genclik-kitaplari","6":"product_cat-hikayeler","7":"pa_cilt-ciltsiz","8":"pa_tur-kitap","9":"pa_yayinevi-marti-cocuk-yayinlari","10":"pa_yazar-maria-isabel-sanchez-vegara","12":"first","13":"instock","14":"sale","15":"shipping-taxable","16":"purchasable","17":"product-type-simple"},"_links":{"self":[{"href":"https:\/\/roveyayinevi.com.tr\/index.php\/wp-json\/wp\/v2\/product\/714936","targetHints":{"allow":["GET"]}}],"collection":[{"href":"https:\/\/roveyayinevi.com.tr\/index.php\/wp-json\/wp\/v2\/product"}],"about":[{"href":"https:\/\/roveyayinevi.com.tr\/index.php\/wp-json\/wp\/v2\/types\/product"}],"wp:attachment":[{"href":"https:\/\/roveyayinevi.com.tr\/index.php\/wp-json\/wp\/v2\/media?parent=714936"}],"wp:term":[{"taxonomy":"product_brand","embeddable":true,"href":"https:\/\/roveyayinevi.com.tr\/index.php\/wp-json\/wp\/v2\/product_brand?post=714936"},{"taxonomy":"product_cat","embeddable":true,"href":"https:\/\/roveyayinevi.com.tr\/index.php\/wp-json\/wp\/v2\/product_cat?post=714936"},{"taxonomy":"product_tag","embeddable":true,"href":"https:\/\/roveyayinevi.com.tr\/index.php\/wp-json\/wp\/v2\/product_tag?post=714936"}],"curies":[{"name":"wp","href":"https:\/\/api.w.org\/{rel}","templated":true}]}}