{"id":714929,"date":"2025-08-27T17:24:21","date_gmt":"2025-08-27T14:24:21","guid":{"rendered":"https:\/\/roveyayinevi.com.tr\/index.php\/urun\/gozluk-2-lacivert-pazartesi-ciltli\/"},"modified":"2026-04-16T02:23:17","modified_gmt":"2026-04-15T23:23:17","slug":"gozluk-2-lacivert-pazartesi-ciltli","status":"publish","type":"product","link":"https:\/\/roveyayinevi.com.tr\/index.php\/urun\/gozluk-2-lacivert-pazartesi-ciltli\/","title":{"rendered":"G\u00f6zl\u00fck &#8211; 2  Lacivert Pazartesi ( Ciltli )"},"content":{"rendered":"<p>K\u0131sa zamanda \u00e7ok \u015fey ya\u015fand\u0131 ve bitti. U\u011furlar\u0131na kurulan c\u00fcmleler t\u00fckenmeden, g\u00f6zl\u00fck yere d\u00fc\u015ft\u00fc. Savruldu, par\u00e7aland\u0131. Sonbahar yakla\u015f\u0131rken, k\u00fc\u00e7\u00fck bir k\u0131z\u0131n i\u00e7 \u00e7eki\u015fine, bir arac\u0131n siren sesine sakland\u0131 bo\u011faz ac\u0131tan \u00e7\u0131\u011fl\u0131klar. Umudu arayan kalpler, sevgi ve arkada\u015fl\u0131k ba\u011flar\u0131n\u0131 tutan incecik iplere sard\u0131 titrek parmaklar\u0131n\u0131.G\u00f6zl\u00fc\u011f\u00fcn camlar\u0131 k\u0131r\u0131l\u0131rken, nice kalpler de k\u0131r\u0131ld\u0131 beraberinde. Ate\u015f d\u00fc\u015ft\u00fc. Yakt\u0131, kavurdu. Buhar oldu, havaya kar\u0131\u015ft\u0131. Sonra herkes ate\u015fi soludu. Bazen ci\u011ferler yand\u0131, bazen so\u011fuk bedenler \u0131s\u0131nd\u0131.Kaybedi\u015fin bo\u011fazlar\u0131 d\u00fc\u011f\u00fcm d\u00fc\u011f\u00fcm etti\u011fi bir g\u00fcn, r\u00fczg\u00e2r sa\u00e7 telleri ile dans ederken sar\u0131ld\u0131lar birbirlerine.Sonra bir g\u00fcn se\u00e7tiler kendilerine.Onlar, sevilmeyeni sevdiler.O g\u00fcne ise, Lacivert Pazartesi dediler.<\/p>\n","protected":false},"excerpt":{"rendered":"<p>K\u0131sa zamanda \u00e7ok \u015fey ya\u015fand\u0131 ve bitti. U\u011furlar\u0131na kurulan c\u00fcmleler t\u00fckenmeden, g\u00f6zl\u00fck yere d\u00fc\u015ft\u00fc. Savruldu, par\u00e7aland\u0131. Sonbahar yakla\u015f\u0131rken, k\u00fc\u00e7\u00fck bir k\u0131z\u0131n i\u00e7 \u00e7eki\u015fine, bir arac\u0131n siren<span class=\"excerpt-hellip\"> [\u2026]<\/span><\/p>\n","protected":false},"featured_media":0,"template":"","meta":{"_monsterinsights_skip_tracking":false,"_monsterinsights_sitenote_active":false,"_monsterinsights_sitenote_note":"","_monsterinsights_sitenote_category":0},"product_brand":[],"product_cat":[12291,12711],"product_tag":[],"class_list":{"0":"post-714929","1":"product","2":"type-product","3":"status-publish","5":"product_cat-edebiyat","6":"product_cat-roman-oyku","7":"pa_cilt-ciltli","8":"pa_tur-kitap","9":"pa_yayinevi-ephesus-yayinlari","10":"pa_yazar-koray-yersuren","12":"first","13":"instock","14":"sale","15":"shipping-taxable","16":"purchasable","17":"product-type-simple"},"_links":{"self":[{"href":"https:\/\/roveyayinevi.com.tr\/index.php\/wp-json\/wp\/v2\/product\/714929","targetHints":{"allow":["GET"]}}],"collection":[{"href":"https:\/\/roveyayinevi.com.tr\/index.php\/wp-json\/wp\/v2\/product"}],"about":[{"href":"https:\/\/roveyayinevi.com.tr\/index.php\/wp-json\/wp\/v2\/types\/product"}],"wp:attachment":[{"href":"https:\/\/roveyayinevi.com.tr\/index.php\/wp-json\/wp\/v2\/media?parent=714929"}],"wp:term":[{"taxonomy":"product_brand","embeddable":true,"href":"https:\/\/roveyayinevi.com.tr\/index.php\/wp-json\/wp\/v2\/product_brand?post=714929"},{"taxonomy":"product_cat","embeddable":true,"href":"https:\/\/roveyayinevi.com.tr\/index.php\/wp-json\/wp\/v2\/product_cat?post=714929"},{"taxonomy":"product_tag","embeddable":true,"href":"https:\/\/roveyayinevi.com.tr\/index.php\/wp-json\/wp\/v2\/product_tag?post=714929"}],"curies":[{"name":"wp","href":"https:\/\/api.w.org\/{rel}","templated":true}]}}