{"id":714927,"date":"2025-08-27T17:24:20","date_gmt":"2025-08-27T14:24:20","guid":{"rendered":"https:\/\/roveyayinevi.com.tr\/index.php\/urun\/yasamsal-zenginlik-yaratmak-daha-verimli-bir-yasam-icin-adan-zye-adimlar\/"},"modified":"2026-04-16T02:23:17","modified_gmt":"2026-04-15T23:23:17","slug":"yasamsal-zenginlik-yaratmak-daha-verimli-bir-yasam-icin-adan-zye-adimlar","status":"publish","type":"product","link":"https:\/\/roveyayinevi.com.tr\/index.php\/urun\/yasamsal-zenginlik-yaratmak-daha-verimli-bir-yasam-icin-adan-zye-adimlar\/","title":{"rendered":"Ya\u015famsal Zenginlik Yaratmak &#8211;  Daha Verimli Bir Ya\u015fam \u0130\u00e7in A&#8217;dan Z&#8217;ye Ad\u0131mlar"},"content":{"rendered":"<p>Ba\u015far\u0131n\u0131n 7 Spirit\u00fcel Yasas\u0131 kitab\u0131n\u0131n yazar\u0131 Deepak Chopra&#8217;n\u0131n bu \u00e7arp\u0131c\u0131 kitab\u0131nda, zenginlik yaratman\u0131n s\u0131rr\u0131 yat\u0131yor. M\u00fcthi\u015f bir bilgi birikimine sahip olan Deepak Chopra bir yandan zenginlik bilincinin anlam\u0131n\u0131 irdelerken, bir yandan da hayat\u0131m\u0131z\u0131n her evresinde zenginlik ve ba\u015far\u0131 elde etmemiz i\u00e7in atmam\u0131z gereken ad\u0131mlara bizler i\u00e7in \u0131\u015f\u0131k tutuyor. Yazara g\u00f6re, zenginlik tabiat\u0131n bir par\u00e7as\u0131 ve maddi evren \u2013t\u00fcm bollu\u011fuyla beraber\u2013 sonsuz, s\u0131n\u0131rs\u0131z olanaklar alan\u0131n\u0131n bir \u00fcr\u00fcn\u00fc. Basit birka\u00e7 ad\u0131mla ve g\u00fcnl\u00fck hareketle birlikte bu alana ula\u015fmak ve isteklerimizi ger\u00e7ekle\u015ftirmek m\u00fcmk\u00fcn. Chopra\u2019n\u0131n t\u00fcm olanaklar\u0131n fark\u0131na varmam\u0131z\u0131, hayattan zevk alma deneyimi elde etmemizi sa\u011flayacak e\u015fsiz g\u00f6r\u00fc\u015fleri bizlere fazla \u00e7aba harcamadan, keyif alarak bolluk yaratmak i\u00e7in ihtiya\u00e7 duydu\u011fumuz zenginlik bilincine dair ayd\u0131nlat\u0131c\u0131 bilgiler sunuyor. <\/p>\n","protected":false},"excerpt":{"rendered":"<p>Ba\u015far\u0131n\u0131n 7 Spirit\u00fcel Yasas\u0131 kitab\u0131n\u0131n yazar\u0131 Deepak Chopra&#8217;n\u0131n bu \u00e7arp\u0131c\u0131 kitab\u0131nda, zenginlik yaratman\u0131n s\u0131rr\u0131 yat\u0131yor. M\u00fcthi\u015f bir bilgi birikimine sahip olan Deepak Chopra bir yandan zenginlik<span class=\"excerpt-hellip\"> [\u2026]<\/span><\/p>\n","protected":false},"featured_media":0,"template":"","meta":{"_monsterinsights_skip_tracking":false,"_monsterinsights_sitenote_active":false,"_monsterinsights_sitenote_note":"","_monsterinsights_sitenote_category":0},"product_brand":[],"product_cat":[12364,12376],"product_tag":[],"class_list":{"0":"post-714927","1":"product","2":"type-product","3":"status-publish","5":"product_cat-genel-konular","6":"product_cat-kisisel-gelisim","7":"pa_cilt-ciltsiz","8":"pa_tur-kitap","9":"pa_yayinevi-pozitif-yayinlari","10":"pa_yazar-deepak-chopra","12":"first","13":"instock","14":"sale","15":"shipping-taxable","16":"purchasable","17":"product-type-simple"},"_links":{"self":[{"href":"https:\/\/roveyayinevi.com.tr\/index.php\/wp-json\/wp\/v2\/product\/714927","targetHints":{"allow":["GET"]}}],"collection":[{"href":"https:\/\/roveyayinevi.com.tr\/index.php\/wp-json\/wp\/v2\/product"}],"about":[{"href":"https:\/\/roveyayinevi.com.tr\/index.php\/wp-json\/wp\/v2\/types\/product"}],"wp:attachment":[{"href":"https:\/\/roveyayinevi.com.tr\/index.php\/wp-json\/wp\/v2\/media?parent=714927"}],"wp:term":[{"taxonomy":"product_brand","embeddable":true,"href":"https:\/\/roveyayinevi.com.tr\/index.php\/wp-json\/wp\/v2\/product_brand?post=714927"},{"taxonomy":"product_cat","embeddable":true,"href":"https:\/\/roveyayinevi.com.tr\/index.php\/wp-json\/wp\/v2\/product_cat?post=714927"},{"taxonomy":"product_tag","embeddable":true,"href":"https:\/\/roveyayinevi.com.tr\/index.php\/wp-json\/wp\/v2\/product_tag?post=714927"}],"curies":[{"name":"wp","href":"https:\/\/api.w.org\/{rel}","templated":true}]}}