{"id":714926,"date":"2025-08-27T17:24:19","date_gmt":"2025-08-27T14:24:19","guid":{"rendered":"https:\/\/roveyayinevi.com.tr\/index.php\/urun\/tarik-bugra\/"},"modified":"2026-04-16T02:23:17","modified_gmt":"2026-04-15T23:23:17","slug":"tarik-bugra","status":"publish","type":"product","link":"https:\/\/roveyayinevi.com.tr\/index.php\/urun\/tarik-bugra\/","title":{"rendered":"Tar\u0131k Bu\u011fra"},"content":{"rendered":"<p>Bu kitapta sadece Tar\u0131k Bu\u011fra\u2019n\u0131n yazarl\u0131k ser\u00fcvenini anlatmad\u0131m, ayn\u0131 zamanda, T\u00fcrkiye\u2019nin M\u00fctareke s\u00fcrecinden 90\u2019l\u0131 y\u0131llara uzanan ini\u015fli \u00e7\u0131k\u0131\u015fl\u0131 toplumsal, siyasal ser\u00fcvenini de anlatmaya \u00e7al\u0131\u015ft\u0131m. Kitab\u0131n ana \u00e7izgisini tabii ki Bu\u011fra\u2019n\u0131n hayat hik\u00e2yesi olu\u015fturmaktad\u0131r. \u00d6ncelenip \u00f6nemsenen de buydu. T\u00fcrkiye\u2019nin ya\u015fad\u0131\u011f\u0131 70 y\u0131ll\u0131k de\u011fi\u015fim ve d\u00f6n\u00fc\u015f\u00fcm ger\u00e7e\u011fi; Bu\u011fra\u2019n\u0131n, somutla\u015ft\u0131rmaya \u00e7al\u0131\u015ft\u0131\u011f\u0131m\u0131z sosyo\/politik portresinin billurla\u015fmas\u0131 i\u00e7in \u2018fon\u2019 olarak kullan\u0131ld\u0131: \u00c7\u00fcnk\u00fc Bu\u011fra, kaderin her faniye bi\u00e7ti\u011fi bir \u00f6m\u00fcrle, belirli bir zamanda ya\u015fam\u0131\u015f, o zaman\u0131n ko\u015fullar\u0131na t\u00e2bi olmu\u015f, nihayet konumu ve mesle\u011fi gere\u011fi d\u00f6n\u00fcp bu zamana tan\u0131kl\u0131k etmi\u015f \u00f6nemli biridir. Onun miza\u00e7 ve felsefesinin, tan\u0131kl\u0131\u011f\u0131n y\u00f6n ve i\u00e7eri\u011fini belirlemesi do\u011fal kar\u015f\u0131lanmal\u0131. \u00c7\u00fcnk\u00fc Bu\u011fra, son tahlilde bir felsefenin, bir d\u00fc\u015f\u00fcnce yap\u0131s\u0131n\u0131n, hatta bir ideolojinin adam\u0131d\u0131r. Tan\u0131kl\u0131\u011f\u0131n yoruma tahvil edilmi\u015f metinleri \u00e7o\u011fu zaman nesnel, kimi zaman da \u00f6znel ise, ki \u00f6yledir, bunu Bu\u011fra\u2019n\u0131n konum, ki\u015filik ve felsefesiyle a\u00e7\u0131klamak gerek. Her \u015feye ra\u011fmen onun tan\u0131kl\u0131\u011f\u0131 \u00f6nemlidir. Zira Bu\u011fra, s\u0131radan bir f\u00e2ni de\u011fil, T\u00fcrkiye\u2019nin sorunlarla sarmalanm\u0131\u015f, l\u00e2kin her \u015feye ra\u011fmen umuda ve g\u00fcvene a\u00e7\u0131k zamanlar\u0131nda ya\u015fam\u0131\u015f, mensubu oldu\u011fu mesle\u011fin gere\u011fince sorunlarla y\u00fcz y\u00fcze gelmi\u015f; bu sorunlara, g\u00fcn gelmi\u015f gazete k\u00f6\u015felerinde, g\u00fcn gelmi\u015f roman, hik\u00e2ye \u00f6l\u00e7eklerinde cevap aramaya \u00e7al\u0131\u015fm\u0131\u015f sorumlu bir ayd\u0131n, nitelikli bir sanat\u00e7\u0131d\u0131r. Onun; \u0130mparatorluk\u2019tan Cumhuriyet\u2019e, tek partiden \u00e7ok partili hayata, demokrasiye, on y\u0131ll\u0131k d\u00f6nemlerle g\u00fcncellenen ihtil\u00e2llere evrilen hayli s\u0131k\u0131nt\u0131l\u0131 bir s\u00fcre\u00e7te g\u00fcndeme gelen tan\u0131kl\u0131\u011f\u0131, hem kendisini hem de toplumu tan\u0131mak a\u00e7\u0131s\u0131ndan \u00f6nemli. Tan\u0131kl\u0131\u011f\u0131n semeresi olan binlerce yaz\u0131 ile onlarca kitab\u0131n, k\u00fclt\u00fcrel belle\u011fimize katk\u0131s\u0131 da tart\u0131\u015f\u0131lmaz. Bu \u00e7al\u0131\u015fmayla, ilk fas\u0131lda katk\u0131 sahibinin kimlik ve ki\u015fili\u011fine a\u00e7\u0131kl\u0131k getirmek istedim. Ard\u0131ndan, Osmanl\u0131\u2019n\u0131n ba\u015flatt\u0131\u011f\u0131 modernle\u015fme miras\u0131n\u0131 daha ileri d\u00fczeye ta\u015f\u0131yan T\u00fcrkiye\u2019nin, Bu\u011fra\u2019ya neler verdi\u011fine, formasyonunu nas\u0131l y\u00f6nlendirdi\u011fine, sonras\u0131nda onun, modernle\u015fme yolunda ilerleyen T\u00fcrkiye\u2019ye hangi ele\u015ftirileri getirdi\u011fine, sosyo\/politik hayat\u0131m\u0131za d\u00f6n\u00fck isabetli g\u00f6r\u00fc\u015flerinin yan\u0131 s\u0131ra nerelerde yan\u0131ld\u0131\u011f\u0131na dikkat \u00e7ekmek istedim. \u0130lgin\u00e7 bir ser\u00fcvene tan\u0131kl\u0131k etti\u011fimi belirtmeliyim: Emperyal i\u015ftah\u0131n pen\u00e7elerinden m\u00fcthi\u015f bir direni\u015fle kurtulan T\u00fcrkiye, kurulu\u015f zamanlar\u0131n\u0131n m\u00fctevaz\u0131 imk\u00e2nlar\u0131yla bir yerlere gelirken, Bu\u011fralar da o m\u00fctevaz\u0131 T\u00fcrkiye\u2019nin sa\u011flad\u0131\u011f\u0131 imk\u00e2nlarla yeti\u015fip adam olman\u0131n, bir yerlere gelmenin f\u0131rsat\u0131n\u0131 yakalam\u0131\u015flard\u0131r. Birey olarak Bu\u011fra\u2019n\u0131n, Ak\u015fehir\u2019den Dersaadet\u2019e uzanan hik\u00e2yesi, ilgin\u00e7 ve ibretlik bir hik\u00e2yedir. \u00c7\u00fcnk\u00fc onun hayatla s\u0131nanm\u0131\u015f hik\u00e2yesinde, biraz da kendimizi; kasabalardan kentlere uzanan yollarda kendi ayak izlerimizi, kendi varolu\u015f m\u00fccadelemizin gurur ve heyecan\u0131n\u0131 buluruz. Elinizdeki kitab\u0131n, bu gurur ve heyecan\u0131 ifade etmek amac\u0131yla kaleme al\u0131nd\u0131\u011f\u0131n\u0131 belirtmek isterim. <\/p>\n","protected":false},"excerpt":{"rendered":"<p>Bu kitapta sadece Tar\u0131k Bu\u011fra\u2019n\u0131n yazarl\u0131k ser\u00fcvenini anlatmad\u0131m, ayn\u0131 zamanda, T\u00fcrkiye\u2019nin M\u00fctareke s\u00fcrecinden 90\u2019l\u0131 y\u0131llara uzanan ini\u015fli \u00e7\u0131k\u0131\u015fl\u0131 toplumsal, siyasal ser\u00fcvenini de anlatmaya \u00e7al\u0131\u015ft\u0131m. Kitab\u0131n ana<span class=\"excerpt-hellip\"> [\u2026]<\/span><\/p>\n","protected":false},"featured_media":0,"template":"","meta":{"_monsterinsights_skip_tracking":false,"_monsterinsights_sitenote_active":false,"_monsterinsights_sitenote_note":"","_monsterinsights_sitenote_category":0},"product_brand":[],"product_cat":[14009,12291],"product_tag":[],"class_list":{"0":"post-714926","1":"product","2":"type-product","3":"status-publish","5":"product_cat-biyografi-otobiyografi-edebiyat","6":"product_cat-edebiyat","7":"pa_cilt-ciltsiz","8":"pa_tur-kitap","9":"pa_yayinevi-otuken-nesriyat","10":"pa_yazar-mehmet-tekin","12":"first","13":"instock","14":"sale","15":"shipping-taxable","16":"purchasable","17":"product-type-simple"},"_links":{"self":[{"href":"https:\/\/roveyayinevi.com.tr\/index.php\/wp-json\/wp\/v2\/product\/714926","targetHints":{"allow":["GET"]}}],"collection":[{"href":"https:\/\/roveyayinevi.com.tr\/index.php\/wp-json\/wp\/v2\/product"}],"about":[{"href":"https:\/\/roveyayinevi.com.tr\/index.php\/wp-json\/wp\/v2\/types\/product"}],"wp:attachment":[{"href":"https:\/\/roveyayinevi.com.tr\/index.php\/wp-json\/wp\/v2\/media?parent=714926"}],"wp:term":[{"taxonomy":"product_brand","embeddable":true,"href":"https:\/\/roveyayinevi.com.tr\/index.php\/wp-json\/wp\/v2\/product_brand?post=714926"},{"taxonomy":"product_cat","embeddable":true,"href":"https:\/\/roveyayinevi.com.tr\/index.php\/wp-json\/wp\/v2\/product_cat?post=714926"},{"taxonomy":"product_tag","embeddable":true,"href":"https:\/\/roveyayinevi.com.tr\/index.php\/wp-json\/wp\/v2\/product_tag?post=714926"}],"curies":[{"name":"wp","href":"https:\/\/api.w.org\/{rel}","templated":true}]}}