{"id":714925,"date":"2025-08-27T17:24:19","date_gmt":"2025-08-27T14:24:19","guid":{"rendered":"https:\/\/roveyayinevi.com.tr\/index.php\/urun\/edebiyatin-yollari-tastan-tarik-bugra-ile-soylesiler\/"},"modified":"2026-04-16T02:23:17","modified_gmt":"2026-04-15T23:23:17","slug":"edebiyatin-yollari-tastan-tarik-bugra-ile-soylesiler","status":"publish","type":"product","link":"https:\/\/roveyayinevi.com.tr\/index.php\/urun\/edebiyatin-yollari-tastan-tarik-bugra-ile-soylesiler\/","title":{"rendered":"Edebiyat\u0131n Yollar\u0131 Ta\u015ftan &#8211; Tar\u0131k Bu\u011fra ile S\u00f6yle\u015filer"},"content":{"rendered":"<p>Tar\u0131k Bu\u011fra\u2019n\u0131n derledi\u011fimiz s\u00f6yle\u015fileri, sanatsal ve toplumsal a\u00e7\u0131dan \u00f6nemli metinlerdir. \u00c7\u00fcnk\u00fc bu metinler bize, sadece Bu\u011fra\u2019n\u0131n sanat\u00e7\u0131 y\u00f6n\u00fc, gazetecili\u011fi, be\u015feri portresi hakk\u0131nda bilgi vermekle kalm\u0131yor ayn\u0131 zamanda onun, zamana ve topluma d\u00f6n\u00fck tan\u0131kl\u0131\u011f\u0131n\u0131 da veriyor. Soru\/cevap y\u00f6ntemiyle kotar\u0131lan metinlerin katk\u0131s\u0131yla biz okurlar, Bu\u011fra\u2019n\u0131n geldi\u011fi \u00e7evreyi, yeti\u015fme ko\u015fullar\u0131n\u0131, yazar olmaya karar veri\u015fini, bu u\u011furda hangi zorlu yollardan ge\u00e7ti\u011fini, gazetecilik mesle\u011fine nas\u0131l intisap etti\u011fini, hangi denemelerle edebiyat d\u00fcnyas\u0131na ad\u0131m att\u0131\u011f\u0131n\u0131 ve edebiyat\u00e7\u0131 olmak i\u00e7in verdi\u011fi m\u00fccadeleleri ayr\u0131nt\u0131l\u0131 olarak \u00f6\u011freniyoruz. S\u00f6yle\u015filerin bir \u00f6nemli yan\u0131 da topluma d\u00f6n\u00fck mesajlar, d\u00fc\u015f\u00fcnceler, yorumlar i\u00e7ermesidir. Bilindi\u011fi \u00fczere Bu\u011fra, hem bir gazeteci hem bir sanat\u00e7\u0131d\u0131r. Gazetecilik mesle\u011finde idrak edilen 45 y\u0131l\u0131n, ona kazand\u0131rd\u0131\u011f\u0131 bilgi, g\u00f6rg\u00fc ve deneyimi tart\u0131\u015fmaya gerek yok. O, buradan gelen birikimle ve kendine \u00f6zg\u00fc bak\u0131\u015f tarz\u0131yla topluma, toplumsal, siyasal olaylara bakar ve yine kendine \u00f6zg\u00fc bir anlay\u0131\u015fla olaylar\u0131 yorumlar. Getirilen yorumlar, dillendirilen yarg\u0131lar ve yarg\u0131lamalar bizim i\u00e7in \u00f6nemli. S\u00f6yle\u015filer sath\u0131nda toplumu okumak m\u00fcmk\u00fcn ve b\u00f6ylesi bir okuma bizim i\u00e7in bir kazan\u00e7, ancak as\u0131l kazan\u00e7, Bu\u011fra\u2019n\u0131n ayd\u0131n ve sanat\u00e7\u0131 portresine d\u00f6n\u00fck edindi\u011fimiz bilgilerdir: S\u00f6yle\u015filerin as\u0131l de\u011feri, \u00f6nemi burada yatmaktad\u0131r. O y\u00fczden s\u00f6yle\u015fileri dikkate almadan, Bu\u011fra\u2019n\u0131n ki\u015filik ve sanat\u00e7\u0131 kimli\u011fine d\u00f6n\u00fck yap\u0131lacak de\u011ferlendirmeler eksik olacakt\u0131r.<\/p>\n","protected":false},"excerpt":{"rendered":"<p>Tar\u0131k Bu\u011fra\u2019n\u0131n derledi\u011fimiz s\u00f6yle\u015fileri, sanatsal ve toplumsal a\u00e7\u0131dan \u00f6nemli metinlerdir. \u00c7\u00fcnk\u00fc bu metinler bize, sadece Bu\u011fra\u2019n\u0131n sanat\u00e7\u0131 y\u00f6n\u00fc, gazetecili\u011fi, be\u015feri portresi hakk\u0131nda bilgi vermekle kalm\u0131yor ayn\u0131<span class=\"excerpt-hellip\"> [\u2026]<\/span><\/p>\n","protected":false},"featured_media":0,"template":"","meta":{"_monsterinsights_skip_tracking":false,"_monsterinsights_sitenote_active":false,"_monsterinsights_sitenote_note":"","_monsterinsights_sitenote_category":0},"product_brand":[],"product_cat":[12291,30969],"product_tag":[],"class_list":{"0":"post-714925","1":"product","2":"type-product","3":"status-publish","5":"product_cat-edebiyat","6":"product_cat-soylesi-edebiyat","7":"pa_cilt-ciltsiz","8":"pa_tur-kitap","9":"pa_yayinevi-otuken-nesriyat","10":"pa_yazar-mehmet-tekin","12":"first","13":"instock","14":"sale","15":"shipping-taxable","16":"purchasable","17":"product-type-simple"},"_links":{"self":[{"href":"https:\/\/roveyayinevi.com.tr\/index.php\/wp-json\/wp\/v2\/product\/714925","targetHints":{"allow":["GET"]}}],"collection":[{"href":"https:\/\/roveyayinevi.com.tr\/index.php\/wp-json\/wp\/v2\/product"}],"about":[{"href":"https:\/\/roveyayinevi.com.tr\/index.php\/wp-json\/wp\/v2\/types\/product"}],"wp:attachment":[{"href":"https:\/\/roveyayinevi.com.tr\/index.php\/wp-json\/wp\/v2\/media?parent=714925"}],"wp:term":[{"taxonomy":"product_brand","embeddable":true,"href":"https:\/\/roveyayinevi.com.tr\/index.php\/wp-json\/wp\/v2\/product_brand?post=714925"},{"taxonomy":"product_cat","embeddable":true,"href":"https:\/\/roveyayinevi.com.tr\/index.php\/wp-json\/wp\/v2\/product_cat?post=714925"},{"taxonomy":"product_tag","embeddable":true,"href":"https:\/\/roveyayinevi.com.tr\/index.php\/wp-json\/wp\/v2\/product_tag?post=714925"}],"curies":[{"name":"wp","href":"https:\/\/api.w.org\/{rel}","templated":true}]}}