{"id":714922,"date":"2025-08-27T17:24:17","date_gmt":"2025-08-27T14:24:17","guid":{"rendered":"https:\/\/roveyayinevi.com.tr\/index.php\/urun\/oguzlarin-dili\/"},"modified":"2026-04-16T02:23:17","modified_gmt":"2026-04-15T23:23:17","slug":"oguzlarin-dili","status":"publish","type":"product","link":"https:\/\/roveyayinevi.com.tr\/index.php\/urun\/oguzlarin-dili\/","title":{"rendered":"O\u011fuzlar\u0131n Dili"},"content":{"rendered":"<p>O\u011fuzlar\u0131n Dili, Eski Anadolu T\u00fcrk\u00e7esini tarihi, co\u011frafyas\u0131, yazarlar\u0131, onlar\u0131n eserleri ve gramer \u00f6zellikleri ba\u011flam\u0131nda b\u00fct\u00fcn olarak ele alan temel bir ba\u015fvuru eseridir. Kitap, \u0131\u015f\u0131k tuttu\u011fu 13 \u2013 15. y\u00fczy\u0131llar aras\u0131nda, yani O\u011fuzcan\u0131n olu\u015fum ve geli\u015fim s\u00fcreci i\u00e7inde, ilk yaz\u0131c\u0131lar\u0131n biyografi ve eserlerinden ba\u015flayarak 16. y\u00fczy\u0131ldan itibaren \u00e7a\u011fda\u015f T\u00fcrkiye T\u00fcrk\u00e7esinin temelini te\u015fkil edecek \u00f6zellikler kazanan s\u00f6z konusu leh\u00e7enin dil ve k\u00fclt\u00fcr tarihimizdeki yerini ortaya koyarken, konuyu anlamam\u0131za katk\u0131 sunacak \u00f6zg\u00fcn metinlerden \u00e7ok\u00e7a \u00f6rneklerle de desteklenmi\u015ftir. E\u015f zamanl\u0131 gramer inceleme y\u00f6ntemlerinin yan\u0131 s\u0131ra art zamanl\u0131 y\u00f6nteme de ba\u015fvurulan kitap, bu sayede, Eski T\u00fcrk\u00e7enin devam\u0131, Genel T\u00fcrk\u00e7enin bir kolu olarak Orta Asya\u2019daki Karahanl\u0131 \u2013 Harezm yaz\u0131 dili geleneklerinden beslenen O\u011fuz T\u00fcrk\u00e7esinin genel dil \u00f6zelliklerini b\u00fct\u00fcnl\u00fckl\u00fc olarak \u00f6\u011frenmemizi de kolayla\u015ft\u0131rm\u0131\u015ft\u0131r. O\u011fuzlar\u0131n Dili, gerek bu \u00f6zellikleriyle gerek ilk \u00fc\u00e7 b\u00f6l\u00fcmde i\u015flenen O\u011fuz k\u00fclt\u00fcr tarihine ait levhalarla sadece \u00f6\u011frencilere hitap eden bir ders kitab\u0131 de\u011fil, genel okurun entelekt\u00fcel merak\u0131n\u0131 da giderecek bir k\u00fclt\u00fcr tarihi kitab\u0131 olarak da benzerlerinden farkl\u0131la\u015fmaktad\u0131r.<\/p>\n","protected":false},"excerpt":{"rendered":"<p>O\u011fuzlar\u0131n Dili, Eski Anadolu T\u00fcrk\u00e7esini tarihi, co\u011frafyas\u0131, yazarlar\u0131, onlar\u0131n eserleri ve gramer \u00f6zellikleri ba\u011flam\u0131nda b\u00fct\u00fcn olarak ele alan temel bir ba\u015fvuru eseridir. Kitap, \u0131\u015f\u0131k tuttu\u011fu 13<span class=\"excerpt-hellip\"> [\u2026]<\/span><\/p>\n","protected":false},"featured_media":0,"template":"","meta":{"_monsterinsights_skip_tracking":false,"_monsterinsights_sitenote_active":false,"_monsterinsights_sitenote_note":"","_monsterinsights_sitenote_category":0},"product_brand":[],"product_cat":[12573,12566],"product_tag":[],"class_list":{"0":"post-714922","1":"product","2":"type-product","3":"status-publish","5":"product_cat-akademik-kitaplar","6":"product_cat-egitim","7":"pa_cilt-ciltsiz","8":"pa_tur-kitap","9":"pa_yayinevi-otuken-nesriyat","10":"pa_yazar-ali-akar","12":"first","13":"instock","14":"sale","15":"shipping-taxable","16":"purchasable","17":"product-type-simple"},"_links":{"self":[{"href":"https:\/\/roveyayinevi.com.tr\/index.php\/wp-json\/wp\/v2\/product\/714922","targetHints":{"allow":["GET"]}}],"collection":[{"href":"https:\/\/roveyayinevi.com.tr\/index.php\/wp-json\/wp\/v2\/product"}],"about":[{"href":"https:\/\/roveyayinevi.com.tr\/index.php\/wp-json\/wp\/v2\/types\/product"}],"wp:attachment":[{"href":"https:\/\/roveyayinevi.com.tr\/index.php\/wp-json\/wp\/v2\/media?parent=714922"}],"wp:term":[{"taxonomy":"product_brand","embeddable":true,"href":"https:\/\/roveyayinevi.com.tr\/index.php\/wp-json\/wp\/v2\/product_brand?post=714922"},{"taxonomy":"product_cat","embeddable":true,"href":"https:\/\/roveyayinevi.com.tr\/index.php\/wp-json\/wp\/v2\/product_cat?post=714922"},{"taxonomy":"product_tag","embeddable":true,"href":"https:\/\/roveyayinevi.com.tr\/index.php\/wp-json\/wp\/v2\/product_tag?post=714922"}],"curies":[{"name":"wp","href":"https:\/\/api.w.org\/{rel}","templated":true}]}}