{"id":714921,"date":"2025-08-27T17:24:16","date_gmt":"2025-08-27T14:24:16","guid":{"rendered":"https:\/\/roveyayinevi.com.tr\/index.php\/urun\/ibn-eca-seyahatnamesi\/"},"modified":"2026-04-16T02:23:17","modified_gmt":"2026-04-15T23:23:17","slug":"ibn-eca-seyahatnamesi","status":"publish","type":"product","link":"https:\/\/roveyayinevi.com.tr\/index.php\/urun\/ibn-eca-seyahatnamesi\/","title":{"rendered":"\u0130bn Eca Seyahatnamesi"},"content":{"rendered":"<p>15. y\u00fczy\u0131l seyyahlar\u0131ndan \u0130bn Ec\u00e2 et-T\u00fcrk\u00ee (1417-1478), Meml\u00fbk Devleti\u2019nde hem ordu kad\u0131l\u0131\u011f\u0131 (kazaskerlik) hem de el\u00e7ilik vazifesi yapm\u0131\u015f T\u00fcrk k\u00f6kenli bir tarih\u00e7i ve seyy\u00e2ht\u0131r. \u0130bn Ec\u00e2, 1471 senesinde Sultan Kay\u0131tbay d\u00f6neminde Meml\u00fbk kumandan\u0131 Em\u00eer Ye\u015fbek ed-Dev\u00e2d\u00e2r\u2019\u0131n yan\u0131nda Dulkadiro\u011flu \u015eehsuvar\u2019a kar\u015f\u0131 yap\u0131lan son sefere kat\u0131lm\u0131\u015ft\u0131r. Bu sefer esnas\u0131nda Em\u00eer Ye\u015fbek taraf\u0131ndan \u015eehsuvar\u2019a Meml\u00fbk el\u00e7isi olarak g\u00f6nderilmi\u015ftir. Ard\u0131ndan \u0130bn Ec\u00e2, Akkoyunlu Uzun Hasan\u2019a Meml\u00fbk el\u00e7isi olarak g\u00f6nderilmi\u015ftir. Bu el\u00e7ilik g\u00f6revleri esnas\u0131nda g\u00f6rd\u00fcklerini kaleme alarak \u0130bn Ec\u00e2 Seyahatn\u00e2mesi ad\u0131yla terc\u00fcmesi yap\u0131lan Kit\u00e2b f\u00ee T\u00e2rih Ye\u015fbek ez-Z\u00e2hir\u00ee adl\u0131 eserini haz\u0131rlam\u0131\u015ft\u0131r. \u0130bn Ec\u00e2\u2019n\u0131n yazd\u0131\u011f\u0131 bu eser; M\u0131s\u0131r ve Suriye\u2019de h\u00e2kimiyet tesis etmi\u015f olan Meml\u00fbklerin, Mara\u015f ve Elbistan ile \u00c7ukurova B\u00f6lgesin\u2019de varl\u0131k g\u00f6steren Dulkadiro\u011fullar\u0131 Beyli\u011fi\u2019nin, Do\u011fu Anadolu ile Azerbaycan ve Irak\u2019ta h\u00fck\u00fcm s\u00fcren Akkoyunlu Devleti\u2019nin co\u011fraf\u00ee varl\u0131\u011f\u0131, siyas\u00ee ve k\u00fclt\u00fcr tarihi hakk\u0131nda ana kaynakt\u0131r. \u0130bn Ec\u00e2 Seyahatn\u00e2mesi\u2019nin T\u00fcrk tarihi a\u00e7\u0131s\u0131ndan \u00f6nemli bir kaynak oldu\u011fu g\u00f6r\u00fclmektedir. Eserde Halep\u2019ten Diyarbak\u0131r\u2019a oradan Ahlat\u2019a ve Tebriz\u2019e kadar o d\u00f6nemde b\u00f6lgede yer alan \u015fehirlerde T\u00fcrk n\u00fcfusunun yo\u011funlu\u011fu g\u00f6ze \u00e7arpmaktad\u0131r. Dolay\u0131s\u0131yla \u0130bn Ec\u00e2 Seyahatn\u00e2mesi, yakla\u015f\u0131k be\u015f y\u00fcz elli y\u0131l \u00f6nce Anadolu\u2019nun Do\u011fu ve G\u00fcneydo\u011fu B\u00f6lgesi\u2019nde T\u00fcrk n\u00fcfusunun \u00e7oklu\u011fuyla birlikte b\u00f6lgenin h\u00e2kimiyetinin T\u00fcrklerde oldu\u011funu ortaya koymaktad\u0131r. Bu durum; Malazgirt Zaferi\u2019nden itibaren Anadolu\u2019nun T\u00fcrkle\u015fmesinin m\u00fckemmel bir \u015fekilde ger\u00e7ekle\u015fmi\u015f oldu\u011fu hakikatinin, 15. y\u00fczy\u0131l\u0131n ikinci yar\u0131s\u0131nda Do\u011fu ve G\u00fcneydo\u011fu Anadolu B\u00f6lgesi\u2019nde apa\u00e7\u0131k bi\u00e7imde g\u00f6r\u00fcld\u00fc\u011f\u00fcn\u00fcn ispat\u0131d\u0131r. Bu y\u00f6n\u00fcyle eser, tarih\u00ee ve co\u011fraf\u00ee k\u0131ymetinin yan\u0131nda Anadolu\u2019nun T\u00fcrk yurdu oldu\u011funu g\u00f6stermesi a\u00e7\u0131s\u0131ndan da ayr\u0131ca \u00f6neme sahiptir.<\/p>\n","protected":false},"excerpt":{"rendered":"<p>15. y\u00fczy\u0131l seyyahlar\u0131ndan \u0130bn Ec\u00e2 et-T\u00fcrk\u00ee (1417-1478), Meml\u00fbk Devleti\u2019nde hem ordu kad\u0131l\u0131\u011f\u0131 (kazaskerlik) hem de el\u00e7ilik vazifesi yapm\u0131\u015f T\u00fcrk k\u00f6kenli bir tarih\u00e7i ve seyy\u00e2ht\u0131r. \u0130bn Ec\u00e2,<span class=\"excerpt-hellip\"> [\u2026]<\/span><\/p>\n","protected":false},"featured_media":0,"template":"","meta":{"_monsterinsights_skip_tracking":false,"_monsterinsights_sitenote_active":false,"_monsterinsights_sitenote_note":"","_monsterinsights_sitenote_category":0},"product_brand":[],"product_cat":[13055,13054],"product_tag":[],"class_list":{"0":"post-714921","1":"product","2":"type-product","3":"status-publish","5":"product_cat-gezi-rehberi","6":"product_cat-gezi-ve-rehber-kitaplari","7":"pa_cilt-ciltsiz","8":"pa_tur-kitap","9":"pa_yayinevi-otuken-nesriyat","10":"pa_yazar-muhammed-b-mahmud-b-eca-et-turki","12":"first","13":"instock","14":"sale","15":"shipping-taxable","16":"purchasable","17":"product-type-simple"},"_links":{"self":[{"href":"https:\/\/roveyayinevi.com.tr\/index.php\/wp-json\/wp\/v2\/product\/714921","targetHints":{"allow":["GET"]}}],"collection":[{"href":"https:\/\/roveyayinevi.com.tr\/index.php\/wp-json\/wp\/v2\/product"}],"about":[{"href":"https:\/\/roveyayinevi.com.tr\/index.php\/wp-json\/wp\/v2\/types\/product"}],"wp:attachment":[{"href":"https:\/\/roveyayinevi.com.tr\/index.php\/wp-json\/wp\/v2\/media?parent=714921"}],"wp:term":[{"taxonomy":"product_brand","embeddable":true,"href":"https:\/\/roveyayinevi.com.tr\/index.php\/wp-json\/wp\/v2\/product_brand?post=714921"},{"taxonomy":"product_cat","embeddable":true,"href":"https:\/\/roveyayinevi.com.tr\/index.php\/wp-json\/wp\/v2\/product_cat?post=714921"},{"taxonomy":"product_tag","embeddable":true,"href":"https:\/\/roveyayinevi.com.tr\/index.php\/wp-json\/wp\/v2\/product_tag?post=714921"}],"curies":[{"name":"wp","href":"https:\/\/api.w.org\/{rel}","templated":true}]}}