{"id":714920,"date":"2025-08-27T17:24:16","date_gmt":"2025-08-27T14:24:16","guid":{"rendered":"https:\/\/roveyayinevi.com.tr\/index.php\/urun\/kozmik-hologram\/"},"modified":"2026-04-16T02:23:17","modified_gmt":"2026-04-15T23:23:17","slug":"kozmik-hologram","status":"publish","type":"product","link":"https:\/\/roveyayinevi.com.tr\/index.php\/urun\/kozmik-hologram\/","title":{"rendered":"Kozmik Hologram"},"content":{"rendered":"<p>Evrene dair anlay\u0131\u015f\u0131m\u0131z, en ku\u0308\u00e7u\u0308k Planck \u00f6l\u00e7e\u011finden uzay\u0131n muazzam derinli\u011fine dek her boyutta de\u011fi\u015fmek u\u0308zere. \u00c7u\u0308nku\u0308 yap\u0131lan son bilimsel \u00e7al\u0131\u015fmalar, modern teknolojiyi destekleyen bilginin, evrensel i\u00e7ten-olu\u015fumla birebir ayn\u0131 oldu\u011funu, onu savundu\u011funu, yay\u0131lmas\u0131na yard\u0131m etti\u011fini ve fiziksel ger\u00e7eklik dedi\u011fimiz \u015feyin ta kendisi oldu\u011funu g\u00f6steriyor. Dr. Jude Currivan bilginin nas\u0131l enerji, madde, uzay ya da zamandan daha gerekli oldu\u011funu ke\u015ffederken, pek \u00e7ok alanda yap\u0131lan en yeni \u00e7al\u0131\u015fmalar\u0131 ve varolu\u015f \u00f6l\u00e7eklerini, evrenimizin nas\u0131l i\u00e7ten-olu\u015ftu\u011funu ve holografik olarak a\u00e7\u0131\u011fa \u00e7\u0131kt\u0131\u011f\u0131n\u0131 g\u00f6stermek i\u00e7in inceliyor. Fraktal i\u00e7ten-olu\u015fum modelinin atomik du\u0308zeyde nas\u0131l yol g\u00f6sterdi\u011fini, Einstein\u2019\u0131n g\u00f6relilik kuram\u0131 ve kuantum mekani\u011fi gibi fizi\u011fin en \u00e7arp\u0131c\u0131 teorileri e\u015fli\u011finde a\u00e7\u0131kl\u0131yor. Kozmik Hologram, evrenin ve i\u00e7indeki her \u015feyin geli\u015fimini merak edenler i\u00e7in yol g\u00f6sterici bir kitap. \u201cKozmik Hologram ayd\u0131nlat\u0131c\u0131 ve esin verici. Kuantum mekani\u011finin hu\u0308cre biyolojisiyle bu\u0308tu\u0308nle\u015fmesine ili\u015fkin anlat\u0131m\u0131 \u00e7ok a\u00e7\u0131k se\u00e7ik ve ba\u015far\u0131l\u0131. Daha adil, su\u0308rdu\u0308ru\u0308lebilir ve bar\u0131\u015f\u00e7\u0131l bir du\u0308nya yaratmak i\u00e7in \u00e7al\u0131\u015fan herkesin bu kitab\u0131 mutlaka okumas\u0131 gerek.\u201d<\/p>\n","protected":false},"excerpt":{"rendered":"<p>Evrene dair anlay\u0131\u015f\u0131m\u0131z, en ku\u0308\u00e7u\u0308k Planck \u00f6l\u00e7e\u011finden uzay\u0131n muazzam derinli\u011fine dek her boyutta de\u011fi\u015fmek u\u0308zere. \u00c7u\u0308nku\u0308 yap\u0131lan son bilimsel \u00e7al\u0131\u015fmalar, modern teknolojiyi destekleyen bilginin, evrensel i\u00e7ten-olu\u015fumla<span class=\"excerpt-hellip\"> [\u2026]<\/span><\/p>\n","protected":false},"featured_media":0,"template":"","meta":{"_monsterinsights_skip_tracking":false,"_monsterinsights_sitenote_active":false,"_monsterinsights_sitenote_note":"","_monsterinsights_sitenote_category":0},"product_brand":[],"product_cat":[12364,16154],"product_tag":[],"class_list":{"0":"post-714920","1":"product","2":"type-product","3":"status-publish","5":"product_cat-genel-konular","6":"product_cat-parapsikoloji","7":"pa_cilt-ciltsiz","8":"pa_tur-kitap","9":"pa_yayinevi-omega","10":"pa_yazar-jude-currivan","12":"first","13":"instock","14":"sale","15":"shipping-taxable","16":"purchasable","17":"product-type-simple"},"_links":{"self":[{"href":"https:\/\/roveyayinevi.com.tr\/index.php\/wp-json\/wp\/v2\/product\/714920","targetHints":{"allow":["GET"]}}],"collection":[{"href":"https:\/\/roveyayinevi.com.tr\/index.php\/wp-json\/wp\/v2\/product"}],"about":[{"href":"https:\/\/roveyayinevi.com.tr\/index.php\/wp-json\/wp\/v2\/types\/product"}],"wp:attachment":[{"href":"https:\/\/roveyayinevi.com.tr\/index.php\/wp-json\/wp\/v2\/media?parent=714920"}],"wp:term":[{"taxonomy":"product_brand","embeddable":true,"href":"https:\/\/roveyayinevi.com.tr\/index.php\/wp-json\/wp\/v2\/product_brand?post=714920"},{"taxonomy":"product_cat","embeddable":true,"href":"https:\/\/roveyayinevi.com.tr\/index.php\/wp-json\/wp\/v2\/product_cat?post=714920"},{"taxonomy":"product_tag","embeddable":true,"href":"https:\/\/roveyayinevi.com.tr\/index.php\/wp-json\/wp\/v2\/product_tag?post=714920"}],"curies":[{"name":"wp","href":"https:\/\/api.w.org\/{rel}","templated":true}]}}