{"id":714918,"date":"2025-08-27T17:24:15","date_gmt":"2025-08-27T14:24:15","guid":{"rendered":"https:\/\/roveyayinevi.com.tr\/index.php\/urun\/deyim-kartlari-3\/"},"modified":"2026-04-16T02:23:16","modified_gmt":"2026-04-15T23:23:16","slug":"deyim-kartlari-3","status":"publish","type":"product","link":"https:\/\/roveyayinevi.com.tr\/index.php\/urun\/deyim-kartlari-3\/","title":{"rendered":"Deyim Kartlar\u0131 3"},"content":{"rendered":"<p>Redhouse Deyim Kartlar\u0131 serisinde deyimler \u00e7\u0131\u011f gibi b\u00fcy\u00fcy\u00fcyor.Redhouse Deyim Kartlar\u0131 3 ile yeni deyimler \u00f6\u011frenerek dizginleri ele al\u0131n!Bu kutunun i\u00e7inde 50 adet deyim kart\u0131 bulacaks\u0131n\u0131z. Her deyim birbirinden e\u011flenceli resimlerle renkleniyor. Ayr\u0131ca kartlar\u0131n \u00fczerinde deyim tan\u0131mlar\u0131n\u0131n yan\u0131 s\u0131ra birer \u00f6rnek c\u00fcmle de yer al\u0131yor.Bu kartlar, hem \u00e7ocuklar\u0131n kendi aralar\u0131nda oynayaca\u011f\u0131 bir oyun seti hem de \u00f6\u011fretmenlerin derslerde faydalanaca\u011f\u0131 bir set olarak kullan\u0131labilir. Kutunun i\u00e7inden \u00e7\u0131kan Kullan\u0131m K\u0131lavuzu&#8217;nda kartlar\u0131 nas\u0131l kullanabilece\u011finiz ile ilgili ipu\u00e7lar\u0131 bulacaks\u0131n\u0131z.Siz de bu e\u011flenceli kartlar\u0131m\u0131za g\u00f6z at\u0131n!<\/p>\n","protected":false},"excerpt":{"rendered":"<p>Redhouse Deyim Kartlar\u0131 serisinde deyimler \u00e7\u0131\u011f gibi b\u00fcy\u00fcy\u00fcyor.Redhouse Deyim Kartlar\u0131 3 ile yeni deyimler \u00f6\u011frenerek dizginleri ele al\u0131n!Bu kutunun i\u00e7inde 50 adet deyim kart\u0131 bulacaks\u0131n\u0131z. Her<span class=\"excerpt-hellip\"> [\u2026]<\/span><\/p>\n","protected":false},"featured_media":0,"template":"","meta":{"_monsterinsights_skip_tracking":false,"_monsterinsights_sitenote_active":false,"_monsterinsights_sitenote_note":"","_monsterinsights_sitenote_category":0},"product_brand":[],"product_cat":[14597,12566],"product_tag":[],"class_list":{"0":"post-714918","1":"product","2":"type-product","3":"status-publish","5":"product_cat-dil-ogrenimi","6":"product_cat-egitim","7":"pa_cilt-ciltsiz","8":"pa_tur-kitap10","9":"pa_yayinevi-redhouse-yayinlari","10":"pa_yazar-kollektif","12":"first","13":"instock","14":"sale","15":"shipping-taxable","16":"purchasable","17":"product-type-simple"},"_links":{"self":[{"href":"https:\/\/roveyayinevi.com.tr\/index.php\/wp-json\/wp\/v2\/product\/714918","targetHints":{"allow":["GET"]}}],"collection":[{"href":"https:\/\/roveyayinevi.com.tr\/index.php\/wp-json\/wp\/v2\/product"}],"about":[{"href":"https:\/\/roveyayinevi.com.tr\/index.php\/wp-json\/wp\/v2\/types\/product"}],"wp:attachment":[{"href":"https:\/\/roveyayinevi.com.tr\/index.php\/wp-json\/wp\/v2\/media?parent=714918"}],"wp:term":[{"taxonomy":"product_brand","embeddable":true,"href":"https:\/\/roveyayinevi.com.tr\/index.php\/wp-json\/wp\/v2\/product_brand?post=714918"},{"taxonomy":"product_cat","embeddable":true,"href":"https:\/\/roveyayinevi.com.tr\/index.php\/wp-json\/wp\/v2\/product_cat?post=714918"},{"taxonomy":"product_tag","embeddable":true,"href":"https:\/\/roveyayinevi.com.tr\/index.php\/wp-json\/wp\/v2\/product_tag?post=714918"}],"curies":[{"name":"wp","href":"https:\/\/api.w.org\/{rel}","templated":true}]}}