{"id":714917,"date":"2025-08-27T17:24:14","date_gmt":"2025-08-27T14:24:14","guid":{"rendered":"https:\/\/roveyayinevi.com.tr\/index.php\/urun\/deyim-kartlari-2-2\/"},"modified":"2026-04-16T02:23:16","modified_gmt":"2026-04-15T23:23:16","slug":"deyim-kartlari-2-2","status":"publish","type":"product","link":"https:\/\/roveyayinevi.com.tr\/index.php\/urun\/deyim-kartlari-2-2\/","title":{"rendered":"Deyim Kartlar\u0131 2"},"content":{"rendered":"<p>Redhouse Deyim Kartlar\u0131 serisi \u00e7ok daha e\u011flenceli resimler ve yepyeni deyimlerle devam ediyor. Redhouse Deyim Kartlar\u0131 2 sayesinde \u00e7ocuklar, ak\u0131llar\u0131nda tutmakta zorland\u0131klar\u0131 deyimleri renkli resimler sayesinde kolayl\u0131kla \u00f6\u011frenebilecekler. 50 adet deyim kart\u0131n\u0131n \u00f6n y\u00fcz\u00fcnde deyimleri anlatan birbirinden e\u011flenceli resimler, arka y\u00fcz\u00fcnde ise deyimlerin tan\u0131m\u0131 ve \u00f6rnek c\u00fcmle i\u00e7inde kullan\u0131m\u0131n\u0131 g\u00f6receksiniz. Kutunun i\u00e7inden \u00e7\u0131kan Kullan\u0131m K\u0131lavuzu\u2019nda kartlar\u0131 nas\u0131l bir oyun haline getirebilece\u011finiz ile ilgili ipu\u00e7lar\u0131 bulabilirsiniz. Redhouse Kidz markam\u0131z\u0131n T\u00fcrk\u00e7e E\u011fitim b\u00f6l\u00fcm\u00fcnde yerini alan deyim kartlar\u0131, \u00d6zel \u00dcsk\u00fcdar SEV \u0130lk\u00f6\u011fretim Okulu \u00f6\u011fretmenlerinin dan\u0131\u015fmanl\u0131\u011f\u0131nda haz\u0131rland\u0131. Birinci setimize g\u00f6re biraz daha \u00fcst seviyede olan bu deyim kartlar\u0131, ilk\u00f6\u011fretim okullar\u0131n\u0131n 4. ve 5. s\u0131n\u0131flar\u0131nda ders malzemesi olarak da kullan\u0131labilir. Redhouse Deyim Kartlar\u0131 sayesinde art\u0131k deyimler \u00e7antada keklik! <\/p>\n","protected":false},"excerpt":{"rendered":"<p>Redhouse Deyim Kartlar\u0131 serisi \u00e7ok daha e\u011flenceli resimler ve yepyeni deyimlerle devam ediyor. Redhouse Deyim Kartlar\u0131 2 sayesinde \u00e7ocuklar, ak\u0131llar\u0131nda tutmakta zorland\u0131klar\u0131 deyimleri renkli resimler sayesinde<span class=\"excerpt-hellip\"> [\u2026]<\/span><\/p>\n","protected":false},"featured_media":0,"template":"","meta":{"_monsterinsights_skip_tracking":false,"_monsterinsights_sitenote_active":false,"_monsterinsights_sitenote_note":"","_monsterinsights_sitenote_category":0},"product_brand":[],"product_cat":[12274],"product_tag":[],"class_list":{"0":"post-714917","1":"product","2":"type-product","3":"status-publish","5":"product_cat-cocuk-ve-genclik-kitaplari","6":"pa_cilt-ciltsiz","7":"pa_tur-kitap10","8":"pa_yayinevi-redhouse-yayinlari","9":"pa_yazar-kollektif","11":"first","12":"instock","13":"sale","14":"shipping-taxable","15":"purchasable","16":"product-type-simple"},"_links":{"self":[{"href":"https:\/\/roveyayinevi.com.tr\/index.php\/wp-json\/wp\/v2\/product\/714917","targetHints":{"allow":["GET"]}}],"collection":[{"href":"https:\/\/roveyayinevi.com.tr\/index.php\/wp-json\/wp\/v2\/product"}],"about":[{"href":"https:\/\/roveyayinevi.com.tr\/index.php\/wp-json\/wp\/v2\/types\/product"}],"wp:attachment":[{"href":"https:\/\/roveyayinevi.com.tr\/index.php\/wp-json\/wp\/v2\/media?parent=714917"}],"wp:term":[{"taxonomy":"product_brand","embeddable":true,"href":"https:\/\/roveyayinevi.com.tr\/index.php\/wp-json\/wp\/v2\/product_brand?post=714917"},{"taxonomy":"product_cat","embeddable":true,"href":"https:\/\/roveyayinevi.com.tr\/index.php\/wp-json\/wp\/v2\/product_cat?post=714917"},{"taxonomy":"product_tag","embeddable":true,"href":"https:\/\/roveyayinevi.com.tr\/index.php\/wp-json\/wp\/v2\/product_tag?post=714917"}],"curies":[{"name":"wp","href":"https:\/\/api.w.org\/{rel}","templated":true}]}}