{"id":714916,"date":"2025-08-27T17:24:13","date_gmt":"2025-08-27T14:24:13","guid":{"rendered":"https:\/\/roveyayinevi.com.tr\/index.php\/urun\/marduk-bir-tanri-kasifi\/"},"modified":"2026-04-16T02:23:16","modified_gmt":"2026-04-15T23:23:16","slug":"marduk-bir-tanri-kasifi","status":"publish","type":"product","link":"https:\/\/roveyayinevi.com.tr\/index.php\/urun\/marduk-bir-tanri-kasifi\/","title":{"rendered":"Marduk: Bir Tanr\u0131 Ka\u015fifi"},"content":{"rendered":"<p>Ezoterik \u00f6\u011fretinin temelinde kendimizi bilmeyi \u00f6\u011frenmek yatar. Ezoterik \u00f6\u011freti buna ba\u011fl\u0131 olarak hakikati arama yolunda ya\u015fayaca\u011f\u0131m\u0131z ser\u00fcvenler b\u00fct\u00fcn\u00fcd\u00fcr. \u0130nsan makro kozmosun mikroya indirgenmi\u015f halidir. Her birimiz i\u00e7imizde birer evren ta\u015f\u0131yoruz. Duygular\u0131m\u0131z, d\u00fc\u015f\u00fcncelerimiz, ya\u015fam tarz\u0131m\u0131z farkl\u0131, fakat arad\u0131\u011f\u0131m\u0131z hakikat ayn\u0131. Ezoterizme g\u00f6nl\u00fcn\u00fc a\u00e7m\u0131\u015f bir insan g\u00f6rd\u00fc\u011f\u00fcnde onun tutkular\u0131na kucak a\u00e7m\u0131\u015f, onlardan b\u00fcy\u00fck keyif alan ve ya\u015fam\u0131n engin bilmecesini \u00e7\u00f6zmeye \u00e7al\u0131\u015fan bir k\u00e2\u015fif oldu\u011funu an\u0131msa. Tan\u0131\u015ft\u0131\u011f\u0131m\u0131z hi\u00e7 kimse hayat\u0131m\u0131za rastgele girmez. Merhabala\u015ft\u0131\u011f\u0131m\u0131z her insan bize hayat\u0131n bir y\u00f6n\u00fcn\u00fc \u00f6\u011freten gizli \u00f6\u011fretmenlerdir. En i\u015fine yaramaz insan\u0131 bile k\u00fc\u00e7\u00fcmseme, dinle. Dinle ki ders alas\u0131n. Dinle ki onun cevherini g\u00f6resin.Jezebel, Utu, Apollon ve kendini arayan bir adam: Marduk.Beyrut\u2019tan \u0130stanbul\u2019a, Enuma Eli\u015f\u2019ten Van Gogh\u2019a uzanan yer yer felsefi yer yer mitolojik bir kendini bulma roman\u0131n\u0131 yazar\u0131m\u0131z\u0131n b\u00fcy\u00fcl\u00fc anlat\u0131m\u0131yla okuyacaks\u0131n\u0131z.<\/p>\n","protected":false},"excerpt":{"rendered":"<p>Ezoterik \u00f6\u011fretinin temelinde kendimizi bilmeyi \u00f6\u011frenmek yatar. Ezoterik \u00f6\u011freti buna ba\u011fl\u0131 olarak hakikati arama yolunda ya\u015fayaca\u011f\u0131m\u0131z ser\u00fcvenler b\u00fct\u00fcn\u00fcd\u00fcr. \u0130nsan makro kozmosun mikroya indirgenmi\u015f halidir. Her birimiz<span class=\"excerpt-hellip\"> [\u2026]<\/span><\/p>\n","protected":false},"featured_media":0,"template":"","meta":{"_monsterinsights_skip_tracking":false,"_monsterinsights_sitenote_active":false,"_monsterinsights_sitenote_note":"","_monsterinsights_sitenote_category":0},"product_brand":[],"product_cat":[12291,12711],"product_tag":[],"class_list":{"0":"post-714916","1":"product","2":"type-product","3":"status-publish","5":"product_cat-edebiyat","6":"product_cat-roman-oyku","7":"pa_cilt-ciltsiz","8":"pa_tur-kitap","9":"pa_yayinevi-luna-yayinlari","10":"pa_yazar-billur-ergun","12":"first","13":"instock","14":"sale","15":"shipping-taxable","16":"purchasable","17":"product-type-simple"},"_links":{"self":[{"href":"https:\/\/roveyayinevi.com.tr\/index.php\/wp-json\/wp\/v2\/product\/714916","targetHints":{"allow":["GET"]}}],"collection":[{"href":"https:\/\/roveyayinevi.com.tr\/index.php\/wp-json\/wp\/v2\/product"}],"about":[{"href":"https:\/\/roveyayinevi.com.tr\/index.php\/wp-json\/wp\/v2\/types\/product"}],"wp:attachment":[{"href":"https:\/\/roveyayinevi.com.tr\/index.php\/wp-json\/wp\/v2\/media?parent=714916"}],"wp:term":[{"taxonomy":"product_brand","embeddable":true,"href":"https:\/\/roveyayinevi.com.tr\/index.php\/wp-json\/wp\/v2\/product_brand?post=714916"},{"taxonomy":"product_cat","embeddable":true,"href":"https:\/\/roveyayinevi.com.tr\/index.php\/wp-json\/wp\/v2\/product_cat?post=714916"},{"taxonomy":"product_tag","embeddable":true,"href":"https:\/\/roveyayinevi.com.tr\/index.php\/wp-json\/wp\/v2\/product_tag?post=714916"}],"curies":[{"name":"wp","href":"https:\/\/api.w.org\/{rel}","templated":true}]}}