{"id":714914,"date":"2025-08-27T17:24:12","date_gmt":"2025-08-27T14:24:12","guid":{"rendered":"https:\/\/roveyayinevi.com.tr\/index.php\/urun\/son-soz-cilt-1\/"},"modified":"2026-04-16T02:23:16","modified_gmt":"2026-04-15T23:23:16","slug":"son-soz-cilt-1","status":"publish","type":"product","link":"https:\/\/roveyayinevi.com.tr\/index.php\/urun\/son-soz-cilt-1\/","title":{"rendered":"Son S\u00f6z &#8211; Cilt 1"},"content":{"rendered":"<p>Bu eser 2 ciltlik eserin 1. cildidir.Bu kitaptaki dersler 2012 y\u0131l\u0131nda NHI Do\u011fal Sa\u011fl\u0131k Enstit\u00fcs\u00fc taraf\u0131ndan videoya kaydedilen g\u00f6r\u00fcnt\u00fclerin transkripte edilmi\u015f hali olup Aidin Salih&#8217;in vefat\u0131ndan sonra haz\u0131rlanm\u0131\u015ft\u0131r.G\u00fcn\u00fcm\u00fczde modern t\u0131bb\u0131n imk\u00e2nlar\u0131 \u00e7o\u011fald\u0131 ama hastal\u0131klar da ayn\u0131 \u015fekilde \u00e7o\u011fald\u0131 ve yayg\u0131nla\u015ft\u0131.Hi\u00e7bir hastal\u0131\u011f\u0131n ger\u00e7ek sebebini bilmeyen modern t\u0131p, birtak\u0131m hastal\u0131k belirtilerine isim verip te\u015fhis koyarak deneme yan\u0131lma y\u00f6ntemleriyle tedavi etmeye \u00e7al\u0131\u015fmaktad\u0131r. \u00c7\u00fcnk\u00fc sebebi bilinmeyen bir hastal\u0131\u011f\u0131n tedavisi imkans\u0131zd\u0131r.Bug\u00fcnk\u00fc fen bilimlerini d\u00fc\u015f\u00fcnd\u00fc\u011f\u00fcn\u00fczde mekanik fizik, elektromanyetik fizik ve sair hakk\u0131nda kal\u0131n kal\u0131n kitaplar mevcut oldu\u011funu g\u00f6r\u00fcrs\u00fcn\u00fcz.\u015eimdi ise sibernetik t\u0131p \u00e7\u0131kt\u0131 ve fizik kanunlar\u0131n\u0131n t\u00fcm\u00fc, kimya kanunlar\u0131n\u0131nda %70&#8217;i iptal oldu. Hani o bildiklerinize ne oldu?Hepsi seraptan ibarettir.Bu y\u00fczden Cenab-\u0131 Hak, kitapta bizim i\u00e7in farzlar\u0131 bildirdi. Peygamberimiz (sav) de b\u00fct\u00fcn s\u00fcnnetleri g\u00f6sterdi. Art\u0131k bizim i\u00e7in inanacak ba\u015fka bir\u015fey yoktur.Cenab-\u0131 Hak Al-i \u0130mran suresi 160. ayette &#8220;Allah yard\u0131m ederse size galip gelecek kimse yoktur. E\u011fer sizi b\u0131rak\u0131verirse O&#8217;ndan sonra size kim yard\u0131m eder? M\u00fc&#8217;minler ancak Allah&#8217;a dayan\u0131p g\u00fcvensinler.&#8221; demektedir.Bu son noktad\u0131r, ba\u015fka da hi\u00e7bir \u015fey yoktur.<\/p>\n","protected":false},"excerpt":{"rendered":"<p>Bu eser 2 ciltlik eserin 1. cildidir.Bu kitaptaki dersler 2012 y\u0131l\u0131nda NHI Do\u011fal Sa\u011fl\u0131k Enstit\u00fcs\u00fc taraf\u0131ndan videoya kaydedilen g\u00f6r\u00fcnt\u00fclerin transkripte edilmi\u015f hali olup Aidin Salih&#8217;in vefat\u0131ndan<span class=\"excerpt-hellip\"> [\u2026]<\/span><\/p>\n","protected":false},"featured_media":0,"template":"","meta":{"_monsterinsights_skip_tracking":false,"_monsterinsights_sitenote_active":false,"_monsterinsights_sitenote_note":"","_monsterinsights_sitenote_category":0},"product_brand":[],"product_cat":[13365],"product_tag":[],"class_list":{"0":"post-714914","1":"product","2":"type-product","3":"status-publish","5":"product_cat-saglik","6":"pa_cilt-ciltsiz","7":"pa_tur-kitap","8":"pa_yayinevi-yitik-sifa-yayinlari","9":"pa_yazar-aidin-salih","11":"first","12":"instock","13":"sale","14":"shipping-taxable","15":"purchasable","16":"product-type-simple"},"_links":{"self":[{"href":"https:\/\/roveyayinevi.com.tr\/index.php\/wp-json\/wp\/v2\/product\/714914","targetHints":{"allow":["GET"]}}],"collection":[{"href":"https:\/\/roveyayinevi.com.tr\/index.php\/wp-json\/wp\/v2\/product"}],"about":[{"href":"https:\/\/roveyayinevi.com.tr\/index.php\/wp-json\/wp\/v2\/types\/product"}],"wp:attachment":[{"href":"https:\/\/roveyayinevi.com.tr\/index.php\/wp-json\/wp\/v2\/media?parent=714914"}],"wp:term":[{"taxonomy":"product_brand","embeddable":true,"href":"https:\/\/roveyayinevi.com.tr\/index.php\/wp-json\/wp\/v2\/product_brand?post=714914"},{"taxonomy":"product_cat","embeddable":true,"href":"https:\/\/roveyayinevi.com.tr\/index.php\/wp-json\/wp\/v2\/product_cat?post=714914"},{"taxonomy":"product_tag","embeddable":true,"href":"https:\/\/roveyayinevi.com.tr\/index.php\/wp-json\/wp\/v2\/product_tag?post=714914"}],"curies":[{"name":"wp","href":"https:\/\/api.w.org\/{rel}","templated":true}]}}