{"id":714911,"date":"2025-08-27T17:24:11","date_gmt":"2025-08-27T14:24:11","guid":{"rendered":"https:\/\/roveyayinevi.com.tr\/index.php\/urun\/hayvanlari-taniyalim-kediler\/"},"modified":"2025-11-06T04:53:44","modified_gmt":"2025-11-06T01:53:44","slug":"hayvanlari-taniyalim-kediler","status":"publish","type":"product","link":"https:\/\/roveyayinevi.com.tr\/index.php\/urun\/hayvanlari-taniyalim-kediler\/","title":{"rendered":"Hayvanlar\u0131 Tan\u0131yal\u0131m &#8211; Kediler"},"content":{"rendered":"<p>En sevimli arkada\u015flar\u0131m\u0131z kediler hakk\u0131nda \u00f6\u011frenmek istedi\u011fin t\u00fcm bilgileri bu kitapta okuyabilirsin. Kedilerin \u201cmiyav miyav\u201d diye ba\u011f\u0131rd\u0131\u011f\u0131n\u0131 biliyorsun. Peki, her zaman temiz olmaktan ho\u015fland\u0131klar\u0131n\u0131 biliyor muydun?   Harika \u00e7izimleriyle Hayvanlar\u0131 Tan\u0131yal\u0131m dizisini \u00e7ok sevecek ve hayvanlar hakk\u0131nda yeni bilgiler \u00f6\u011freneceksin.<\/p>\n","protected":false},"excerpt":{"rendered":"<p>En sevimli arkada\u015flar\u0131m\u0131z kediler hakk\u0131nda \u00f6\u011frenmek istedi\u011fin t\u00fcm bilgileri bu kitapta okuyabilirsin. Kedilerin \u201cmiyav miyav\u201d diye ba\u011f\u0131rd\u0131\u011f\u0131n\u0131 biliyorsun. Peki, her zaman temiz olmaktan ho\u015fland\u0131klar\u0131n\u0131 biliyor muydun?<span class=\"excerpt-hellip\"> [\u2026]<\/span><\/p>\n","protected":false},"featured_media":0,"template":"","meta":{"_monsterinsights_skip_tracking":false,"_monsterinsights_sitenote_active":false,"_monsterinsights_sitenote_note":"","_monsterinsights_sitenote_category":0},"product_brand":[],"product_cat":[12274,15842],"product_tag":[],"class_list":{"0":"post-714911","1":"product","2":"type-product","3":"status-publish","5":"product_cat-cocuk-ve-genclik-kitaplari","6":"product_cat-egitici-kitaplar","7":"pa_cilt-ciltsiz","8":"pa_tur-kitap","9":"pa_yayinevi-1001-cicek-kitaplar","10":"pa_yazar-emilie-belineau","12":"first","13":"instock","14":"sale","15":"shipping-taxable","16":"purchasable","17":"product-type-simple"},"_links":{"self":[{"href":"https:\/\/roveyayinevi.com.tr\/index.php\/wp-json\/wp\/v2\/product\/714911","targetHints":{"allow":["GET"]}}],"collection":[{"href":"https:\/\/roveyayinevi.com.tr\/index.php\/wp-json\/wp\/v2\/product"}],"about":[{"href":"https:\/\/roveyayinevi.com.tr\/index.php\/wp-json\/wp\/v2\/types\/product"}],"wp:attachment":[{"href":"https:\/\/roveyayinevi.com.tr\/index.php\/wp-json\/wp\/v2\/media?parent=714911"}],"wp:term":[{"taxonomy":"product_brand","embeddable":true,"href":"https:\/\/roveyayinevi.com.tr\/index.php\/wp-json\/wp\/v2\/product_brand?post=714911"},{"taxonomy":"product_cat","embeddable":true,"href":"https:\/\/roveyayinevi.com.tr\/index.php\/wp-json\/wp\/v2\/product_cat?post=714911"},{"taxonomy":"product_tag","embeddable":true,"href":"https:\/\/roveyayinevi.com.tr\/index.php\/wp-json\/wp\/v2\/product_tag?post=714911"}],"curies":[{"name":"wp","href":"https:\/\/api.w.org\/{rel}","templated":true}]}}