{"id":714907,"date":"2025-08-27T17:24:08","date_gmt":"2025-08-27T14:24:08","guid":{"rendered":"https:\/\/roveyayinevi.com.tr\/index.php\/urun\/sosyal-medya-canavari-olmak-ister-misin\/"},"modified":"2026-04-16T02:23:16","modified_gmt":"2026-04-15T23:23:16","slug":"sosyal-medya-canavari-olmak-ister-misin","status":"publish","type":"product","link":"https:\/\/roveyayinevi.com.tr\/index.php\/urun\/sosyal-medya-canavari-olmak-ister-misin\/","title":{"rendered":"Sosyal Medya Canavar\u0131 Olmak \u0130ster Misin?"},"content":{"rendered":"<p>Sosyal Medyada Ki\u015fisel Marka Konumland\u0131rma Sosyal Medyada \u0130\u00e7erik \u00dcretimi Sosyal Medyada Rakip Analizi Sosyal Medyada Monitoring Sosyal Medyada Kriz Y\u00f6netimi Viral Kampanyalar Sosyal Medyada Profil Olu\u015fturma Facebook\u2019u U\u00e7uracak Taktikler Twitter\u2019\u0131 U\u00e7uracak Taktikler Instagram\u2019\u0131 U\u00e7uracak Taktikler Youtube\u2019u U\u00e7uracak Taktikler LinkedIn\u2019I U\u00e7uracak Taktikler Eski t\u00fcfeklerden yeni nesle, herkese hitap edecek dolu, ak\u0131c\u0131 ve somut \u00f6neriler i\u00e7eren bir kitap. Okurken kendime iki sayfa not ald\u0131m. \u0130leride bir sosyal medya canavar\u0131 olursam bilin ki sebebi O\u011fuzhan Saruhan\u2019\u0131n tavsiyeleridir.                     Sosyal medya pazarlamas\u0131n\u0131n y\u00f6ntemselli\u011fi, ilk ba\u015flad\u0131\u011f\u0131 y\u0131llarda bir bilgi birikimi \u00fczerine geli\u015fmedi. Bu nedenle alanla ilgili yap\u0131lan her \u00e7al\u0131\u015fma b\u00fcy\u00fck de\u011fer i\u00e7eriyor. O\u011fuzhan Saruhan da anadamarda ilgin\u00e7 ve etkileyici bir kitap yazm\u0131\u015f. Farkl\u0131 y\u00f6ntemler, pek \u00e7ok \u00f6rnek vaka ve ger\u00e7ekten de\u011ferli bir kitap\u2026 <\/p>\n","protected":false},"excerpt":{"rendered":"<p>Sosyal Medyada Ki\u015fisel Marka Konumland\u0131rma Sosyal Medyada \u0130\u00e7erik \u00dcretimi Sosyal Medyada Rakip Analizi Sosyal Medyada Monitoring Sosyal Medyada Kriz Y\u00f6netimi Viral Kampanyalar Sosyal Medyada Profil Olu\u015fturma<span class=\"excerpt-hellip\"> [\u2026]<\/span><\/p>\n","protected":false},"featured_media":0,"template":"","meta":{"_monsterinsights_skip_tracking":false,"_monsterinsights_sitenote_active":false,"_monsterinsights_sitenote_note":"","_monsterinsights_sitenote_category":0},"product_brand":[],"product_cat":[22061,13488],"product_tag":[],"class_list":{"0":"post-714907","1":"product","2":"type-product","3":"status-publish","5":"product_cat-sosyal-medya-ve-iletisim","6":"product_cat-toplum-ve-insan","7":"pa_cilt-ciltsiz","8":"pa_tur-kitap","9":"pa_yayinevi-mediacat-kitaplari","10":"pa_yazar-oguzhan-saruhan","12":"first","13":"instock","14":"sale","15":"shipping-taxable","16":"purchasable","17":"product-type-simple"},"_links":{"self":[{"href":"https:\/\/roveyayinevi.com.tr\/index.php\/wp-json\/wp\/v2\/product\/714907","targetHints":{"allow":["GET"]}}],"collection":[{"href":"https:\/\/roveyayinevi.com.tr\/index.php\/wp-json\/wp\/v2\/product"}],"about":[{"href":"https:\/\/roveyayinevi.com.tr\/index.php\/wp-json\/wp\/v2\/types\/product"}],"wp:attachment":[{"href":"https:\/\/roveyayinevi.com.tr\/index.php\/wp-json\/wp\/v2\/media?parent=714907"}],"wp:term":[{"taxonomy":"product_brand","embeddable":true,"href":"https:\/\/roveyayinevi.com.tr\/index.php\/wp-json\/wp\/v2\/product_brand?post=714907"},{"taxonomy":"product_cat","embeddable":true,"href":"https:\/\/roveyayinevi.com.tr\/index.php\/wp-json\/wp\/v2\/product_cat?post=714907"},{"taxonomy":"product_tag","embeddable":true,"href":"https:\/\/roveyayinevi.com.tr\/index.php\/wp-json\/wp\/v2\/product_tag?post=714907"}],"curies":[{"name":"wp","href":"https:\/\/api.w.org\/{rel}","templated":true}]}}