{"id":714906,"date":"2025-08-27T17:24:08","date_gmt":"2025-08-27T14:24:08","guid":{"rendered":"https:\/\/roveyayinevi.com.tr\/index.php\/urun\/firtinaya-karsi\/"},"modified":"2026-04-03T02:29:30","modified_gmt":"2026-04-02T23:29:30","slug":"firtinaya-karsi","status":"publish","type":"product","link":"https:\/\/roveyayinevi.com.tr\/index.php\/urun\/firtinaya-karsi\/","title":{"rendered":"F\u0131rt\u0131naya Kar\u015f\u0131"},"content":{"rendered":"<p>\u201c\u0130\u00e7inde ya\u015fad\u0131\u011f\u0131m\u0131z k\u00fclt\u00fcr bizi bir mesaj bombard\u0131man\u0131na tutuyor: \u201cDe\u011fi\u015f! Geli\u015f! Daha iyisini yap!\u201d Her g\u00fcn\u00fcm\u00fcz her gecemiz bu talimatlar\u0131 duymakla ge\u00e7iyor; ister diyet sekt\u00f6r\u00fcnden duyal\u0131m, ister \u015fu bitip t\u00fckenmek bilmeyen ki\u015fisel geli\u015fim literat\u00fcr\u00fcnden veya siyaset\u00e7ilerin s\u00f6ylemlerinden\u2026 \u00d6yle ki di\u015f macunu reklamlar\u0131 bile bizi co\u015fturmaya \u00e7al\u0131\u015f\u0131yor! T\u00fcm bu tavsiyelere kim uyabilir ki? Ama her birini dinliyoruz, \u00e7\u00fcnk\u00fc derinlerde bir yerlerde biliyoruz ki daha iyi y\u00f6nde de\u011fi\u015febiliriz; ke\u015fke bu de\u011fi\u015fimi nas\u0131l ger\u00e7ekle\u015ftirece\u011fimizi de bilseydik. Zaten bizi alt\u00fcst eden soru da bu: Nas\u0131l? Pek \u00e7o\u011fumuz de\u011fi\u015fmek i\u00e7in y\u0131llar boyunca u\u011fra\u015f\u0131r\u0131z, fakat bir t\u00fcrl\u00fc bu de\u011fi\u015fimi kal\u0131c\u0131 k\u0131lamay\u0131z. Olmay\u0131 istedi\u011fimiz ki\u015fiye, olabilece\u011fimizi bildi\u011fimiz ki\u015fiye nas\u0131l d\u00f6n\u00fc\u015fece\u011fimizi d\u00fc\u015f\u00fcn\u00fcr dururuz.\u201d D\u00fcnyaca \u00fcnl\u00fc ko\u00e7lar Marshall Goldsmith ve Alan Weiss, i\u015fte bu d\u00fc\u015f\u00fcnme s\u00fcrecine noktay\u0131 koyuyor! Kendi ya\u015fam deneyimlerinden de \u00e7ok \u015fey katt\u0131klar\u0131 elinizdeki kitapta i\u015f ve \u00f6zel ya\u015fam\u0131n\u0131z\u0131 nas\u0131l yeniden d\u00fczenleyece\u011finizi kolay hedefler e\u015fli\u011finde bir bir anlat\u0131yor. Evet, de\u011fi\u015fim zordur ancak F\u0131rt\u0131naya Kar\u015f\u0131\u2019n\u0131n rehberli\u011finde ge\u00e7mi\u015fin y\u00fcklerinden kurtulurken, daha \u00f6nce m\u00fcmk\u00fcn olmad\u0131\u011f\u0131n\u0131 d\u00fc\u015f\u00fcnd\u00fc\u011f\u00fcn\u00fcz yepyeni sulara yelken a\u00e7acaks\u0131n\u0131z. <\/p>\n","protected":false},"excerpt":{"rendered":"<p>\u201c\u0130\u00e7inde ya\u015fad\u0131\u011f\u0131m\u0131z k\u00fclt\u00fcr bizi bir mesaj bombard\u0131man\u0131na tutuyor: \u201cDe\u011fi\u015f! Geli\u015f! Daha iyisini yap!\u201d Her g\u00fcn\u00fcm\u00fcz her gecemiz bu talimatlar\u0131 duymakla ge\u00e7iyor; ister diyet sekt\u00f6r\u00fcnden duyal\u0131m, ister<span class=\"excerpt-hellip\"> [\u2026]<\/span><\/p>\n","protected":false},"featured_media":0,"template":"","meta":{"_monsterinsights_skip_tracking":false,"_monsterinsights_sitenote_active":false,"_monsterinsights_sitenote_note":"","_monsterinsights_sitenote_category":0},"product_brand":[],"product_cat":[12364,12376],"product_tag":[],"class_list":{"0":"post-714906","1":"product","2":"type-product","3":"status-publish","5":"product_cat-genel-konular","6":"product_cat-kisisel-gelisim","7":"pa_cilt-ciltsiz","8":"pa_tur-kitap","9":"pa_yayinevi-mediacat-kitaplari","10":"pa_yazar-marshall-goldsmith-alan-weiss","12":"first","13":"instock","14":"sale","15":"shipping-taxable","16":"purchasable","17":"product-type-simple"},"_links":{"self":[{"href":"https:\/\/roveyayinevi.com.tr\/index.php\/wp-json\/wp\/v2\/product\/714906","targetHints":{"allow":["GET"]}}],"collection":[{"href":"https:\/\/roveyayinevi.com.tr\/index.php\/wp-json\/wp\/v2\/product"}],"about":[{"href":"https:\/\/roveyayinevi.com.tr\/index.php\/wp-json\/wp\/v2\/types\/product"}],"wp:attachment":[{"href":"https:\/\/roveyayinevi.com.tr\/index.php\/wp-json\/wp\/v2\/media?parent=714906"}],"wp:term":[{"taxonomy":"product_brand","embeddable":true,"href":"https:\/\/roveyayinevi.com.tr\/index.php\/wp-json\/wp\/v2\/product_brand?post=714906"},{"taxonomy":"product_cat","embeddable":true,"href":"https:\/\/roveyayinevi.com.tr\/index.php\/wp-json\/wp\/v2\/product_cat?post=714906"},{"taxonomy":"product_tag","embeddable":true,"href":"https:\/\/roveyayinevi.com.tr\/index.php\/wp-json\/wp\/v2\/product_tag?post=714906"}],"curies":[{"name":"wp","href":"https:\/\/api.w.org\/{rel}","templated":true}]}}