{"id":714896,"date":"2025-08-27T17:24:01","date_gmt":"2025-08-27T14:24:01","guid":{"rendered":"https:\/\/roveyayinevi.com.tr\/index.php\/urun\/dortlerin-esrari-sherlock-holmes\/"},"modified":"2026-04-12T02:28:33","modified_gmt":"2026-04-11T23:28:33","slug":"dortlerin-esrari-sherlock-holmes","status":"publish","type":"product","link":"https:\/\/roveyayinevi.com.tr\/index.php\/urun\/dortlerin-esrari-sherlock-holmes\/","title":{"rendered":"D\u00f6rtlerin Esrar\u0131 &#8211; Sherlock Holmes"},"content":{"rendered":"<p>\u0130ngiliz yazar Sir Arthur Conan Doyle taraf\u0131ndan olu\u015fturulan dedektif Sherlock Holmes, polisiye edebiyat\u0131n\u0131n \u00f6nemli karakterlerinden birisidir. Gerek s\u0131ra d\u0131\u015f\u0131 ki\u015fili\u011fi gerekse olaylar\u0131 \u00e7\u00f6zme tarz\u0131yla yay\u0131nlanmaya ba\u015flad\u0131\u011f\u0131 g\u00fcnden itibaren geni\u015f halk kitleleri taraf\u0131ndan ilgiyle takip edilmi\u015ftir.D\u00f6rtlerin Esrar\u0131, 1890 y\u0131l\u0131nda yay\u0131nlanan ikinci Sherlock Holmes roman\u0131d\u0131r.<\/p>\n","protected":false},"excerpt":{"rendered":"<p>\u0130ngiliz yazar Sir Arthur Conan Doyle taraf\u0131ndan olu\u015fturulan dedektif Sherlock Holmes, polisiye edebiyat\u0131n\u0131n \u00f6nemli karakterlerinden birisidir. Gerek s\u0131ra d\u0131\u015f\u0131 ki\u015fili\u011fi gerekse olaylar\u0131 \u00e7\u00f6zme tarz\u0131yla yay\u0131nlanmaya ba\u015flad\u0131\u011f\u0131<span class=\"excerpt-hellip\"> [\u2026]<\/span><\/p>\n","protected":false},"featured_media":0,"template":"","meta":{"_monsterinsights_skip_tracking":false,"_monsterinsights_sitenote_active":false,"_monsterinsights_sitenote_note":"","_monsterinsights_sitenote_category":0},"product_brand":[],"product_cat":[12291,12711],"product_tag":[],"class_list":{"0":"post-714896","1":"product","2":"type-product","3":"status-publish","5":"product_cat-edebiyat","6":"product_cat-roman-oyku","7":"pa_cilt-ciltsiz","8":"pa_tur-kitap","9":"pa_yayinevi-yediveren-yayinlari","10":"pa_yazar-sir-arthur-conan-doyle","12":"first","13":"instock","14":"sale","15":"shipping-taxable","16":"purchasable","17":"product-type-simple"},"_links":{"self":[{"href":"https:\/\/roveyayinevi.com.tr\/index.php\/wp-json\/wp\/v2\/product\/714896","targetHints":{"allow":["GET"]}}],"collection":[{"href":"https:\/\/roveyayinevi.com.tr\/index.php\/wp-json\/wp\/v2\/product"}],"about":[{"href":"https:\/\/roveyayinevi.com.tr\/index.php\/wp-json\/wp\/v2\/types\/product"}],"wp:attachment":[{"href":"https:\/\/roveyayinevi.com.tr\/index.php\/wp-json\/wp\/v2\/media?parent=714896"}],"wp:term":[{"taxonomy":"product_brand","embeddable":true,"href":"https:\/\/roveyayinevi.com.tr\/index.php\/wp-json\/wp\/v2\/product_brand?post=714896"},{"taxonomy":"product_cat","embeddable":true,"href":"https:\/\/roveyayinevi.com.tr\/index.php\/wp-json\/wp\/v2\/product_cat?post=714896"},{"taxonomy":"product_tag","embeddable":true,"href":"https:\/\/roveyayinevi.com.tr\/index.php\/wp-json\/wp\/v2\/product_tag?post=714896"}],"curies":[{"name":"wp","href":"https:\/\/api.w.org\/{rel}","templated":true}]}}