{"id":714895,"date":"2025-08-27T17:24:00","date_gmt":"2025-08-27T14:24:00","guid":{"rendered":"https:\/\/roveyayinevi.com.tr\/index.php\/urun\/cocuk-egitiminde-pozitif-disiplin-teknikleri\/"},"modified":"2026-04-16T02:23:16","modified_gmt":"2026-04-15T23:23:16","slug":"cocuk-egitiminde-pozitif-disiplin-teknikleri","status":"publish","type":"product","link":"https:\/\/roveyayinevi.com.tr\/index.php\/urun\/cocuk-egitiminde-pozitif-disiplin-teknikleri\/","title":{"rendered":"\u00c7ocuk E\u011fitiminde Pozitif Disiplin Teknikleri"},"content":{"rendered":"<p>Ebeveynlik, aklen ve ruhen sa\u011fl\u0131kl\u0131 geli\u015fmeleri konusunda \u00e7ocuklar\u0131m\u0131za yard\u0131mc\u0131 oldu\u011fumuz uzun bir yolculuktur. Bu kitap aile k\u00fclt\u00fcr\u00fcm\u00fcz, gelenek ve g\u00f6reneklerimiz g\u00f6z \u00f6n\u00fcnde bulundurularak A\u2019dan Z\u2019ye bir seyahat rehber niteli\u011finde titizlikle haz\u0131rlanm\u0131\u015ft\u0131r.Sab\u0131r s\u0131n\u0131rlar\u0131n\u0131z zorlan\u0131p i\u015fin i\u00e7inden \u00e7\u0131kamad\u0131\u011f\u0131n\u0131z anlarda, tarafs\u0131z bir arkada\u015f rol\u00fc \u00fcstlenerek bir \u00e7ok konuda size yard\u0131mc\u0131 olacakt\u0131r.Bebeklikten ergenli\u011fe en \u00e7ok zorland\u0131\u011f\u0131n\u0131zda konularla ilgili \u00d6rnek olaylar, pratik uygulamalar sunan bu kitab\u0131; \u201cmutlu ve ba\u015far\u0131l\u0131\u201d \u00e7ocuklar yeti\u015ftirmek ad\u0131na ba\u015fucunuzdan ay\u0131rmayacaks\u0131n\u0131z\u2026<\/p>\n","protected":false},"excerpt":{"rendered":"<p>Ebeveynlik, aklen ve ruhen sa\u011fl\u0131kl\u0131 geli\u015fmeleri konusunda \u00e7ocuklar\u0131m\u0131za yard\u0131mc\u0131 oldu\u011fumuz uzun bir yolculuktur. Bu kitap aile k\u00fclt\u00fcr\u00fcm\u00fcz, gelenek ve g\u00f6reneklerimiz g\u00f6z \u00f6n\u00fcnde bulundurularak A\u2019dan Z\u2019ye bir<span class=\"excerpt-hellip\"> [\u2026]<\/span><\/p>\n","protected":false},"featured_media":0,"template":"","meta":{"_monsterinsights_skip_tracking":false,"_monsterinsights_sitenote_active":false,"_monsterinsights_sitenote_note":"","_monsterinsights_sitenote_category":0},"product_brand":[],"product_cat":[12831,12324],"product_tag":[],"class_list":{"0":"post-714895","1":"product","2":"type-product","3":"status-publish","5":"product_cat-aile-ve-cocuk","6":"product_cat-sosyoloji","7":"pa_cilt-ciltsiz","8":"pa_tur-kitap","9":"pa_yayinevi-yediveren-yayinlari","10":"pa_yazar-oya-akbas","12":"first","13":"instock","14":"sale","15":"shipping-taxable","16":"purchasable","17":"product-type-simple"},"_links":{"self":[{"href":"https:\/\/roveyayinevi.com.tr\/index.php\/wp-json\/wp\/v2\/product\/714895","targetHints":{"allow":["GET"]}}],"collection":[{"href":"https:\/\/roveyayinevi.com.tr\/index.php\/wp-json\/wp\/v2\/product"}],"about":[{"href":"https:\/\/roveyayinevi.com.tr\/index.php\/wp-json\/wp\/v2\/types\/product"}],"wp:attachment":[{"href":"https:\/\/roveyayinevi.com.tr\/index.php\/wp-json\/wp\/v2\/media?parent=714895"}],"wp:term":[{"taxonomy":"product_brand","embeddable":true,"href":"https:\/\/roveyayinevi.com.tr\/index.php\/wp-json\/wp\/v2\/product_brand?post=714895"},{"taxonomy":"product_cat","embeddable":true,"href":"https:\/\/roveyayinevi.com.tr\/index.php\/wp-json\/wp\/v2\/product_cat?post=714895"},{"taxonomy":"product_tag","embeddable":true,"href":"https:\/\/roveyayinevi.com.tr\/index.php\/wp-json\/wp\/v2\/product_tag?post=714895"}],"curies":[{"name":"wp","href":"https:\/\/api.w.org\/{rel}","templated":true}]}}