{"id":714890,"date":"2025-08-27T17:23:57","date_gmt":"2025-08-27T14:23:57","guid":{"rendered":"https:\/\/roveyayinevi.com.tr\/index.php\/urun\/ayi-olmayan-ayi\/"},"modified":"2026-04-16T02:23:16","modified_gmt":"2026-04-15T23:23:16","slug":"ayi-olmayan-ayi","status":"publish","type":"product","link":"https:\/\/roveyayinevi.com.tr\/index.php\/urun\/ayi-olmayan-ayi\/","title":{"rendered":"Ay\u0131 Olmayan Ay\u0131"},"content":{"rendered":"<p>K\u0131\u015f uykusundaki Ay\u0131, bahar gelip uyand\u0131\u011f\u0131nda kendini devasa bir fabrikan\u0131n ortas\u0131nda bulur! A\u011fa\u00e7lar, \u00e7imen, \u00e7i\u00e7ekler, hepsi gitmi\u015f, yerine har\u0131l har\u0131l \u00e7al\u0131\u015fan makineler ve ta\u015f y\u0131\u011f\u0131n\u0131 binalar gelmi\u015ftir. Daha fenas\u0131, herkes ona bir ay\u0131 olmad\u0131\u011f\u0131n\u0131 s\u00f6yler durur. Ay\u0131 onlar\u0131, fabrikada \u00e7al\u0131\u015fan bir insan de\u011fil ger\u00e7ek bir ay\u0131 oldu\u011funa ikna edebilecek midir?Frank Tashlin\u2019in unutulmaz kitab\u0131 Ay\u0131 Olmayan Ay\u0131, ustaca anlat\u0131lm\u0131\u015f, \u00e7arp\u0131c\u0131 bir \u00f6yk\u00fc. Ay\u0131n\u0131n i\u00e7ine d\u00fc\u015ft\u00fc\u011f\u00fc tuhaf durum, okurlar\u0131 g\u00fcl\u00fcmsetirken, kim oldu\u011fumuz ve do\u011fayla kurdu\u011fumuz ili\u015fki gibi \u00f6nemli konular \u00fczerine d\u00fc\u015f\u00fcnd\u00fcr\u00fcyor. Ay\u0131 Olmayan Ay\u0131, etkileyici kurgusu ve d\u00fc\u015f\u00fcnd\u00fcrd\u00fckleriyle, her ya\u015ftan okura seslenmeyi ba\u015far\u0131yor.<\/p>\n","protected":false},"excerpt":{"rendered":"<p>K\u0131\u015f uykusundaki Ay\u0131, bahar gelip uyand\u0131\u011f\u0131nda kendini devasa bir fabrikan\u0131n ortas\u0131nda bulur! A\u011fa\u00e7lar, \u00e7imen, \u00e7i\u00e7ekler, hepsi gitmi\u015f, yerine har\u0131l har\u0131l \u00e7al\u0131\u015fan makineler ve ta\u015f y\u0131\u011f\u0131n\u0131 binalar<span class=\"excerpt-hellip\"> [\u2026]<\/span><\/p>\n","protected":false},"featured_media":0,"template":"","meta":{"_monsterinsights_skip_tracking":false,"_monsterinsights_sitenote_active":false,"_monsterinsights_sitenote_note":"","_monsterinsights_sitenote_category":0},"product_brand":[],"product_cat":[12274,12284],"product_tag":[],"class_list":{"0":"post-714890","1":"product","2":"type-product","3":"status-publish","5":"product_cat-cocuk-ve-genclik-kitaplari","6":"product_cat-hikayeler","7":"pa_cilt-ciltsiz","8":"pa_tur-kitap","9":"pa_yayinevi-redhouse-kidz-yayinlari","10":"pa_yazar-frank-tashlin","12":"first","13":"instock","14":"sale","15":"shipping-taxable","16":"purchasable","17":"product-type-simple"},"_links":{"self":[{"href":"https:\/\/roveyayinevi.com.tr\/index.php\/wp-json\/wp\/v2\/product\/714890","targetHints":{"allow":["GET"]}}],"collection":[{"href":"https:\/\/roveyayinevi.com.tr\/index.php\/wp-json\/wp\/v2\/product"}],"about":[{"href":"https:\/\/roveyayinevi.com.tr\/index.php\/wp-json\/wp\/v2\/types\/product"}],"wp:attachment":[{"href":"https:\/\/roveyayinevi.com.tr\/index.php\/wp-json\/wp\/v2\/media?parent=714890"}],"wp:term":[{"taxonomy":"product_brand","embeddable":true,"href":"https:\/\/roveyayinevi.com.tr\/index.php\/wp-json\/wp\/v2\/product_brand?post=714890"},{"taxonomy":"product_cat","embeddable":true,"href":"https:\/\/roveyayinevi.com.tr\/index.php\/wp-json\/wp\/v2\/product_cat?post=714890"},{"taxonomy":"product_tag","embeddable":true,"href":"https:\/\/roveyayinevi.com.tr\/index.php\/wp-json\/wp\/v2\/product_tag?post=714890"}],"curies":[{"name":"wp","href":"https:\/\/api.w.org\/{rel}","templated":true}]}}