{"id":714889,"date":"2025-08-27T17:23:56","date_gmt":"2025-08-27T14:23:56","guid":{"rendered":"https:\/\/roveyayinevi.com.tr\/index.php\/urun\/ilk-sozcuklerim\/"},"modified":"2026-04-16T02:23:16","modified_gmt":"2026-04-15T23:23:16","slug":"ilk-sozcuklerim","status":"publish","type":"product","link":"https:\/\/roveyayinevi.com.tr\/index.php\/urun\/ilk-sozcuklerim\/","title":{"rendered":"\u0130lk S\u00f6zc\u00fcklerim"},"content":{"rendered":"<p>Bebe\u011finizin, canl\u0131 resimlerine tekrar tekrar bakmak isteyece\u011fi bir seri!\u00dcnl\u00fc tasar\u0131mc\u0131 Jane Foster\u2019in imzas\u0131n\u0131 ta\u015f\u0131yan bu seri ile bebe\u011finiz ilk s\u00f6zc\u00fcklerini \u00f6\u011frenecek, nesneleri, say\u0131lar\u0131, renkleri ve canl\u0131lar\u0131 tan\u0131yacak. Seri d\u00f6rt kitaptan olu\u015fuyor: \u0130lk S\u00f6zc\u00fcklerim, 1 2 3, Renkler ve Siyah Beyaz.Jane Foster\u2019in \u00e7izimlerde kulland\u0131\u011f\u0131 z\u0131t tonlar bebe\u011finizin ilgisini \u00e7ekecek, \u00e7izimlerin yal\u0131nl\u0131\u011f\u0131 da dikkatlerinin kolayca da\u011f\u0131lmamas\u0131n\u0131 sa\u011flayacak. Kal\u0131n kartondan sayfalar\u0131 ve yuvarlat\u0131lm\u0131\u015f kenarlar\u0131 sayesinde bebe\u011finiz zarar g\u00f6rmeden kitab\u0131 kar\u0131\u015ft\u0131rabilecek.<\/p>\n","protected":false},"excerpt":{"rendered":"<p>Bebe\u011finizin, canl\u0131 resimlerine tekrar tekrar bakmak isteyece\u011fi bir seri!\u00dcnl\u00fc tasar\u0131mc\u0131 Jane Foster\u2019in imzas\u0131n\u0131 ta\u015f\u0131yan bu seri ile bebe\u011finiz ilk s\u00f6zc\u00fcklerini \u00f6\u011frenecek, nesneleri, say\u0131lar\u0131, renkleri ve canl\u0131lar\u0131<span class=\"excerpt-hellip\"> [\u2026]<\/span><\/p>\n","protected":false},"featured_media":0,"template":"","meta":{"_monsterinsights_skip_tracking":false,"_monsterinsights_sitenote_active":false,"_monsterinsights_sitenote_note":"","_monsterinsights_sitenote_category":0},"product_brand":[],"product_cat":[15192,12274],"product_tag":[],"class_list":{"0":"post-714889","1":"product","2":"type-product","3":"status-publish","5":"product_cat-1-3-yas-kitaplari","6":"product_cat-cocuk-ve-genclik-kitaplari","7":"pa_cilt-ciltli","8":"pa_tur-kitap","9":"pa_yayinevi-redhouse-kidz-yayinlari","10":"pa_yazar-jane-foster","12":"first","13":"instock","14":"sale","15":"shipping-taxable","16":"purchasable","17":"product-type-simple"},"_links":{"self":[{"href":"https:\/\/roveyayinevi.com.tr\/index.php\/wp-json\/wp\/v2\/product\/714889","targetHints":{"allow":["GET"]}}],"collection":[{"href":"https:\/\/roveyayinevi.com.tr\/index.php\/wp-json\/wp\/v2\/product"}],"about":[{"href":"https:\/\/roveyayinevi.com.tr\/index.php\/wp-json\/wp\/v2\/types\/product"}],"wp:attachment":[{"href":"https:\/\/roveyayinevi.com.tr\/index.php\/wp-json\/wp\/v2\/media?parent=714889"}],"wp:term":[{"taxonomy":"product_brand","embeddable":true,"href":"https:\/\/roveyayinevi.com.tr\/index.php\/wp-json\/wp\/v2\/product_brand?post=714889"},{"taxonomy":"product_cat","embeddable":true,"href":"https:\/\/roveyayinevi.com.tr\/index.php\/wp-json\/wp\/v2\/product_cat?post=714889"},{"taxonomy":"product_tag","embeddable":true,"href":"https:\/\/roveyayinevi.com.tr\/index.php\/wp-json\/wp\/v2\/product_tag?post=714889"}],"curies":[{"name":"wp","href":"https:\/\/api.w.org\/{rel}","templated":true}]}}