{"id":714888,"date":"2025-08-27T17:23:56","date_gmt":"2025-08-27T14:23:56","guid":{"rendered":"https:\/\/roveyayinevi.com.tr\/index.php\/urun\/kadinin-erki\/"},"modified":"2026-04-16T02:23:16","modified_gmt":"2026-04-15T23:23:16","slug":"kadinin-erki","status":"publish","type":"product","link":"https:\/\/roveyayinevi.com.tr\/index.php\/urun\/kadinin-erki\/","title":{"rendered":"Kad\u0131n\u0131n Erki"},"content":{"rendered":"<p>1987 y\u0131l\u0131nda \u00dcsk\u00fcdar\u2019da do\u011fdu. Marmara \u00dcniversitesi Hukuk Fak\u00fcltesi mezunudur. Altun Hukuk &amp; Dan\u0131\u015fmanl\u0131k b\u00fcrosunda avukatl\u0131k yapmaktad\u0131r. \u0130ngilizce, Frans\u0131zca ve Fars\u00e7a bilmektedir. Halen Tarafs\u0131z \u00c7al\u0131\u015fan Anneler Platformu kurucusu olarak dernekle\u015ftirme \u00e7al\u0131\u015fmalar\u0131na devam ediyor. Kad\u0131n Birli\u011fi\u2019ni kurmu\u015f ve her g\u00f6r\u00fc\u015ften kad\u0131n\u0131n haklar\u0131 i\u00e7in \u00f6rg\u00fctlenmesini sa\u011flamaya \u00e7al\u0131\u015fmaktad\u0131r. Altun, Kad\u0131n\u0131n Fenni ve Kad\u0131n\u0131n Derdi kitaplar\u0131n\u0131n yazar\u0131d\u0131r. <\/p>\n","protected":false},"excerpt":{"rendered":"<p>1987 y\u0131l\u0131nda \u00dcsk\u00fcdar\u2019da do\u011fdu. Marmara \u00dcniversitesi Hukuk Fak\u00fcltesi mezunudur. Altun Hukuk &amp; Dan\u0131\u015fmanl\u0131k b\u00fcrosunda avukatl\u0131k yapmaktad\u0131r. \u0130ngilizce, Frans\u0131zca ve Fars\u00e7a bilmektedir. Halen Tarafs\u0131z \u00c7al\u0131\u015fan Anneler Platformu<span class=\"excerpt-hellip\"> [\u2026]<\/span><\/p>\n","protected":false},"featured_media":0,"template":"","meta":{"_monsterinsights_skip_tracking":false,"_monsterinsights_sitenote_active":false,"_monsterinsights_sitenote_note":"","_monsterinsights_sitenote_category":0},"product_brand":[],"product_cat":[12291,12711],"product_tag":[],"class_list":{"0":"post-714888","1":"product","2":"type-product","3":"status-publish","5":"product_cat-edebiyat","6":"product_cat-roman-oyku","7":"pa_cilt-ciltsiz","8":"pa_tur-kitap","9":"pa_yayinevi-inkilap-kitabevi","10":"pa_yazar-feyza-altun","12":"first","13":"instock","14":"sale","15":"shipping-taxable","16":"purchasable","17":"product-type-simple"},"_links":{"self":[{"href":"https:\/\/roveyayinevi.com.tr\/index.php\/wp-json\/wp\/v2\/product\/714888","targetHints":{"allow":["GET"]}}],"collection":[{"href":"https:\/\/roveyayinevi.com.tr\/index.php\/wp-json\/wp\/v2\/product"}],"about":[{"href":"https:\/\/roveyayinevi.com.tr\/index.php\/wp-json\/wp\/v2\/types\/product"}],"wp:attachment":[{"href":"https:\/\/roveyayinevi.com.tr\/index.php\/wp-json\/wp\/v2\/media?parent=714888"}],"wp:term":[{"taxonomy":"product_brand","embeddable":true,"href":"https:\/\/roveyayinevi.com.tr\/index.php\/wp-json\/wp\/v2\/product_brand?post=714888"},{"taxonomy":"product_cat","embeddable":true,"href":"https:\/\/roveyayinevi.com.tr\/index.php\/wp-json\/wp\/v2\/product_cat?post=714888"},{"taxonomy":"product_tag","embeddable":true,"href":"https:\/\/roveyayinevi.com.tr\/index.php\/wp-json\/wp\/v2\/product_tag?post=714888"}],"curies":[{"name":"wp","href":"https:\/\/api.w.org\/{rel}","templated":true}]}}