{"id":714884,"date":"2025-08-27T17:23:53","date_gmt":"2025-08-27T14:23:53","guid":{"rendered":"https:\/\/roveyayinevi.com.tr\/index.php\/urun\/gecmisin-buyuk-halklari-misirlilar\/"},"modified":"2026-04-16T02:23:16","modified_gmt":"2026-04-15T23:23:16","slug":"gecmisin-buyuk-halklari-misirlilar","status":"publish","type":"product","link":"https:\/\/roveyayinevi.com.tr\/index.php\/urun\/gecmisin-buyuk-halklari-misirlilar\/","title":{"rendered":"Ge\u00e7mi\u015fin B\u00fcy\u00fck Halklar\u0131 &#8211; M\u0131s\u0131rl\u0131lar"},"content":{"rendered":"<p>B\u00fcy\u00fck Antik Uygarl\u0131klar\u0131n Gizemlerini ve Harikalar\u0131n\u0131 Ke\u015ffet!Merak Uyand\u0131ran Pek \u00c7ok Bilgiyle Zenginle\u015ftirilmi\u015f Bir Hikaye Okuyacaks\u0131n. Gizemin Bek\u00e7ileriM\u0131s\u0131rl\u0131lar, varl\u0131\u011f\u0131n\u0131 \u00fc\u00e7 milenyum s\u00fcrd\u00fcren bir imparatorluk kurdular. \u00d6l\u00fcmden sonra ruhun ya\u015famas\u0131n\u0131 garanti etmek i\u00e7in ak\u0131l almaz an\u0131tlar in\u015fa ettiler. Gelin, gen\u00e7 zanaatkar Sabu ile birlikte krallar\u0131n mezarlar\u0131n\u0131n bulundu\u011fu vadide ke\u015ffe \u00e7\u0131kal\u0131m. Sabu, kendisini ve bir h\u0131rs\u0131z\u0131 firavunun gazab\u0131ndan korumay\u0131 ba\u015farabilicek mi?<\/p>\n","protected":false},"excerpt":{"rendered":"<p>B\u00fcy\u00fck Antik Uygarl\u0131klar\u0131n Gizemlerini ve Harikalar\u0131n\u0131 Ke\u015ffet!Merak Uyand\u0131ran Pek \u00c7ok Bilgiyle Zenginle\u015ftirilmi\u015f Bir Hikaye Okuyacaks\u0131n. Gizemin Bek\u00e7ileriM\u0131s\u0131rl\u0131lar, varl\u0131\u011f\u0131n\u0131 \u00fc\u00e7 milenyum s\u00fcrd\u00fcren bir imparatorluk kurdular. \u00d6l\u00fcmden sonra<span class=\"excerpt-hellip\"> [\u2026]<\/span><\/p>\n","protected":false},"featured_media":0,"template":"","meta":{"_monsterinsights_skip_tracking":false,"_monsterinsights_sitenote_active":false,"_monsterinsights_sitenote_note":"","_monsterinsights_sitenote_category":0},"product_brand":[],"product_cat":[12274,12284],"product_tag":[],"class_list":{"0":"post-714884","1":"product","2":"type-product","3":"status-publish","5":"product_cat-cocuk-ve-genclik-kitaplari","6":"product_cat-hikayeler","7":"pa_cilt-ciltsiz","8":"pa_tur-kitap","9":"pa_yayinevi-redhouse-kidz-yayinlari","10":"pa_yazar-christian-hill","12":"first","13":"instock","14":"sale","15":"shipping-taxable","16":"purchasable","17":"product-type-simple"},"_links":{"self":[{"href":"https:\/\/roveyayinevi.com.tr\/index.php\/wp-json\/wp\/v2\/product\/714884","targetHints":{"allow":["GET"]}}],"collection":[{"href":"https:\/\/roveyayinevi.com.tr\/index.php\/wp-json\/wp\/v2\/product"}],"about":[{"href":"https:\/\/roveyayinevi.com.tr\/index.php\/wp-json\/wp\/v2\/types\/product"}],"wp:attachment":[{"href":"https:\/\/roveyayinevi.com.tr\/index.php\/wp-json\/wp\/v2\/media?parent=714884"}],"wp:term":[{"taxonomy":"product_brand","embeddable":true,"href":"https:\/\/roveyayinevi.com.tr\/index.php\/wp-json\/wp\/v2\/product_brand?post=714884"},{"taxonomy":"product_cat","embeddable":true,"href":"https:\/\/roveyayinevi.com.tr\/index.php\/wp-json\/wp\/v2\/product_cat?post=714884"},{"taxonomy":"product_tag","embeddable":true,"href":"https:\/\/roveyayinevi.com.tr\/index.php\/wp-json\/wp\/v2\/product_tag?post=714884"}],"curies":[{"name":"wp","href":"https:\/\/api.w.org\/{rel}","templated":true}]}}