{"id":714883,"date":"2025-08-27T17:23:53","date_gmt":"2025-08-27T14:23:53","guid":{"rendered":"https:\/\/roveyayinevi.com.tr\/index.php\/urun\/gecmisin-buyuk-halklari-yunanlilar\/"},"modified":"2026-04-16T02:23:16","modified_gmt":"2026-04-15T23:23:16","slug":"gecmisin-buyuk-halklari-yunanlilar","status":"publish","type":"product","link":"https:\/\/roveyayinevi.com.tr\/index.php\/urun\/gecmisin-buyuk-halklari-yunanlilar\/","title":{"rendered":"Ge\u00e7mi\u015fin B\u00fcy\u00fck Halklar\u0131 &#8211; Yunanl\u0131lar"},"content":{"rendered":"<p>B\u00fcy\u00fck Antik Uygarl\u0131klar\u0131n Gizemlerini ve Harikaralar\u0131n\u0131 Ke\u015ffet!Merak Uyand\u0131ran Pek \u00c7ok Bilgiyle Zenginle\u015ftirilmi\u015f Bir Hikaye Okuyacaks\u0131n. Uygarl\u0131\u011f\u0131n Koruyucular\u0131G\u00fc\u00e7l\u00fc askerler, b\u00fcy\u00fck matematik\u00e7iler, dahi d\u00fc\u015f\u00fcn\u00fcrler ve sporcular&#8230; Yunanl\u0131lar, pek \u00e7ok toplumu \u015fekillendiren kurallar\u0131 tasarlam\u0131\u015flard\u0131r. Gelin, gen\u00e7 Olimpiyat ko\u015fucusu Andrippo i\u00e7in tezah\u00fcrat yapal\u0131m. Andrippo, galip gelip Spartal\u0131 ac\u0131mas\u0131z rakibini yenmeyi ba\u015farabilicek mi?<\/p>\n","protected":false},"excerpt":{"rendered":"<p>B\u00fcy\u00fck Antik Uygarl\u0131klar\u0131n Gizemlerini ve Harikaralar\u0131n\u0131 Ke\u015ffet!Merak Uyand\u0131ran Pek \u00c7ok Bilgiyle Zenginle\u015ftirilmi\u015f Bir Hikaye Okuyacaks\u0131n. Uygarl\u0131\u011f\u0131n Koruyucular\u0131G\u00fc\u00e7l\u00fc askerler, b\u00fcy\u00fck matematik\u00e7iler, dahi d\u00fc\u015f\u00fcn\u00fcrler ve sporcular&#8230; Yunanl\u0131lar, pek<span class=\"excerpt-hellip\"> [\u2026]<\/span><\/p>\n","protected":false},"featured_media":0,"template":"","meta":{"_monsterinsights_skip_tracking":false,"_monsterinsights_sitenote_active":false,"_monsterinsights_sitenote_note":"","_monsterinsights_sitenote_category":0},"product_brand":[],"product_cat":[12274,12284],"product_tag":[],"class_list":{"0":"post-714883","1":"product","2":"type-product","3":"status-publish","5":"product_cat-cocuk-ve-genclik-kitaplari","6":"product_cat-hikayeler","7":"pa_cilt-ciltsiz","8":"pa_tur-kitap","9":"pa_yayinevi-redhouse-kidz-yayinlari","10":"pa_yazar-christian-hill","12":"first","13":"instock","14":"sale","15":"shipping-taxable","16":"purchasable","17":"product-type-simple"},"_links":{"self":[{"href":"https:\/\/roveyayinevi.com.tr\/index.php\/wp-json\/wp\/v2\/product\/714883","targetHints":{"allow":["GET"]}}],"collection":[{"href":"https:\/\/roveyayinevi.com.tr\/index.php\/wp-json\/wp\/v2\/product"}],"about":[{"href":"https:\/\/roveyayinevi.com.tr\/index.php\/wp-json\/wp\/v2\/types\/product"}],"wp:attachment":[{"href":"https:\/\/roveyayinevi.com.tr\/index.php\/wp-json\/wp\/v2\/media?parent=714883"}],"wp:term":[{"taxonomy":"product_brand","embeddable":true,"href":"https:\/\/roveyayinevi.com.tr\/index.php\/wp-json\/wp\/v2\/product_brand?post=714883"},{"taxonomy":"product_cat","embeddable":true,"href":"https:\/\/roveyayinevi.com.tr\/index.php\/wp-json\/wp\/v2\/product_cat?post=714883"},{"taxonomy":"product_tag","embeddable":true,"href":"https:\/\/roveyayinevi.com.tr\/index.php\/wp-json\/wp\/v2\/product_tag?post=714883"}],"curies":[{"name":"wp","href":"https:\/\/api.w.org\/{rel}","templated":true}]}}