{"id":714882,"date":"2025-08-27T17:23:52","date_gmt":"2025-08-27T14:23:52","guid":{"rendered":"https:\/\/roveyayinevi.com.tr\/index.php\/urun\/gecmisin-buyuk-halklari-romalilar\/"},"modified":"2026-04-16T02:23:16","modified_gmt":"2026-04-15T23:23:16","slug":"gecmisin-buyuk-halklari-romalilar","status":"publish","type":"product","link":"https:\/\/roveyayinevi.com.tr\/index.php\/urun\/gecmisin-buyuk-halklari-romalilar\/","title":{"rendered":"Ge\u00e7mi\u015fin B\u00fcy\u00fck Halklar\u0131 &#8211; Romal\u0131lar"},"content":{"rendered":"<p>B\u00fcy\u00fck Antik Uygarl\u0131klar\u0131n Gizemlerini ve Harikalar\u0131n\u0131 Ke\u015ffet!Merak Uyand\u0131ran Pek \u00c7ok Bilgiyle Zenginle\u015ftirilmi\u015f Bir Hikaye Okuyacaks\u0131n. Eski Zamanlar\u0131n M\u00fchendisleriRomal\u0131lar, modern d\u00fcnyan\u0131n temelini atm\u0131\u015flard\u0131r. Askerlik sanat\u0131n\u0131n \u00f6nc\u00fcleri olmalar\u0131n\u0131n yan\u0131 s\u0131ra m\u00fchendislikte, mimaride, hidrolik biliminde de ustayd\u0131lar. Bu hikayede, g\u00f6rkemli bir Roma villas\u0131nda, gen\u00e7 \u00e7\u0131rak Numerio&#8217;nun babas\u0131 h\u0131rs\u0131zl\u0131kla su\u00e7lan\u0131r. Numerio, masum olduklar\u0131n\u0131 kan\u0131tlamay\u0131 ve su\u00e7luyu bulmay\u0131 ba\u015farabilicek mi?<\/p>\n","protected":false},"excerpt":{"rendered":"<p>B\u00fcy\u00fck Antik Uygarl\u0131klar\u0131n Gizemlerini ve Harikalar\u0131n\u0131 Ke\u015ffet!Merak Uyand\u0131ran Pek \u00c7ok Bilgiyle Zenginle\u015ftirilmi\u015f Bir Hikaye Okuyacaks\u0131n. Eski Zamanlar\u0131n M\u00fchendisleriRomal\u0131lar, modern d\u00fcnyan\u0131n temelini atm\u0131\u015flard\u0131r. Askerlik sanat\u0131n\u0131n \u00f6nc\u00fcleri olmalar\u0131n\u0131n<span class=\"excerpt-hellip\"> [\u2026]<\/span><\/p>\n","protected":false},"featured_media":0,"template":"","meta":{"_monsterinsights_skip_tracking":false,"_monsterinsights_sitenote_active":false,"_monsterinsights_sitenote_note":"","_monsterinsights_sitenote_category":0},"product_brand":[],"product_cat":[12274,12284],"product_tag":[],"class_list":{"0":"post-714882","1":"product","2":"type-product","3":"status-publish","5":"product_cat-cocuk-ve-genclik-kitaplari","6":"product_cat-hikayeler","7":"pa_cilt-ciltsiz","8":"pa_tur-kitap","9":"pa_yayinevi-redhouse-kidz-yayinlari","10":"pa_yazar-christian-hill","12":"first","13":"instock","14":"sale","15":"shipping-taxable","16":"purchasable","17":"product-type-simple"},"_links":{"self":[{"href":"https:\/\/roveyayinevi.com.tr\/index.php\/wp-json\/wp\/v2\/product\/714882","targetHints":{"allow":["GET"]}}],"collection":[{"href":"https:\/\/roveyayinevi.com.tr\/index.php\/wp-json\/wp\/v2\/product"}],"about":[{"href":"https:\/\/roveyayinevi.com.tr\/index.php\/wp-json\/wp\/v2\/types\/product"}],"wp:attachment":[{"href":"https:\/\/roveyayinevi.com.tr\/index.php\/wp-json\/wp\/v2\/media?parent=714882"}],"wp:term":[{"taxonomy":"product_brand","embeddable":true,"href":"https:\/\/roveyayinevi.com.tr\/index.php\/wp-json\/wp\/v2\/product_brand?post=714882"},{"taxonomy":"product_cat","embeddable":true,"href":"https:\/\/roveyayinevi.com.tr\/index.php\/wp-json\/wp\/v2\/product_cat?post=714882"},{"taxonomy":"product_tag","embeddable":true,"href":"https:\/\/roveyayinevi.com.tr\/index.php\/wp-json\/wp\/v2\/product_tag?post=714882"}],"curies":[{"name":"wp","href":"https:\/\/api.w.org\/{rel}","templated":true}]}}