{"id":714878,"date":"2025-08-27T17:23:50","date_gmt":"2025-08-27T14:23:50","guid":{"rendered":"https:\/\/roveyayinevi.com.tr\/index.php\/urun\/sarap-tutkununun-el-kitabi\/"},"modified":"2026-04-16T02:23:16","modified_gmt":"2026-04-15T23:23:16","slug":"sarap-tutkununun-el-kitabi","status":"publish","type":"product","link":"https:\/\/roveyayinevi.com.tr\/index.php\/urun\/sarap-tutkununun-el-kitabi\/","title":{"rendered":"\u015earap Tutkununun El Kitab\u0131"},"content":{"rendered":"<p>\u015eEREFE! \u015eARABIN D\u00dcNYASINA HO\u015e GELD\u0130N\u0130Z! \u201c\u015earap hakk\u0131nda her zaman \u00f6\u011frenmek istedi\u011finiz ama kime soraca\u011f\u0131n\u0131z\u0131 bilemedi\u011finiz her \u015feyi anlatan m\u00fckemmel bir el kitab\u0131! Daha \u00f6nce akl\u0131n\u0131za dahi gelmeyen birbirinden ilgin\u00e7 bilgilerle dolu. \u015earab\u0131 seviyorsan\u0131z, bu kitaba bay\u0131lacaks\u0131n\u0131z!\u201d -Amazon \u0130ster yo\u011fun g\u00f6vdeli k\u0131rm\u0131z\u0131lar\u0131 sevin, ister meyvemsi beyaz\u0131 veya k\u00f6p\u00fck k\u00f6p\u00fck \u015fampanyay\u0131\u2026 Hi\u00e7 fark etmez. Bu kitapla birlikte \u015faraba dair her \u015feyi \u00f6\u011frenecek ve ger\u00e7ek bir \u015farap tutkunundan \u015farap uzman\u0131na d\u00f6n\u00fc\u015feceksiniz.\u015earap Nas\u0131l Yap\u0131l\u0131r\u015earap Nas\u0131l Servis Edilir\u015earap Nas\u0131l Y\u0131lland\u0131r\u0131l\u0131r\u015earap Tad\u0131m\u0131 Nas\u0131l Yap\u0131l\u0131r\u015earap ile Yiyecek Nas\u0131l E\u015fle\u015ftirilir Bunlar ve \u00e7ok daha fazlas\u0131 sizi bekliyor.<\/p>\n","protected":false},"excerpt":{"rendered":"<p>\u015eEREFE! \u015eARABIN D\u00dcNYASINA HO\u015e GELD\u0130N\u0130Z! \u201c\u015earap hakk\u0131nda her zaman \u00f6\u011frenmek istedi\u011finiz ama kime soraca\u011f\u0131n\u0131z\u0131 bilemedi\u011finiz her \u015feyi anlatan m\u00fckemmel bir el kitab\u0131! Daha \u00f6nce akl\u0131n\u0131za dahi<span class=\"excerpt-hellip\"> [\u2026]<\/span><\/p>\n","protected":false},"featured_media":0,"template":"","meta":{"_monsterinsights_skip_tracking":false,"_monsterinsights_sitenote_active":false,"_monsterinsights_sitenote_note":"","_monsterinsights_sitenote_category":0},"product_brand":[],"product_cat":[28265,15563],"product_tag":[],"class_list":{"0":"post-714878","1":"product","2":"type-product","3":"status-publish","5":"product_cat-diger-hobi","6":"product_cat-hobi","7":"pa_cilt-ciltsiz","8":"pa_tur-kitap","9":"pa_yayinevi-epsilon-yayinlari","10":"pa_yazar-melissa-monosof","12":"first","13":"instock","14":"sale","15":"shipping-taxable","16":"purchasable","17":"product-type-simple"},"_links":{"self":[{"href":"https:\/\/roveyayinevi.com.tr\/index.php\/wp-json\/wp\/v2\/product\/714878","targetHints":{"allow":["GET"]}}],"collection":[{"href":"https:\/\/roveyayinevi.com.tr\/index.php\/wp-json\/wp\/v2\/product"}],"about":[{"href":"https:\/\/roveyayinevi.com.tr\/index.php\/wp-json\/wp\/v2\/types\/product"}],"wp:attachment":[{"href":"https:\/\/roveyayinevi.com.tr\/index.php\/wp-json\/wp\/v2\/media?parent=714878"}],"wp:term":[{"taxonomy":"product_brand","embeddable":true,"href":"https:\/\/roveyayinevi.com.tr\/index.php\/wp-json\/wp\/v2\/product_brand?post=714878"},{"taxonomy":"product_cat","embeddable":true,"href":"https:\/\/roveyayinevi.com.tr\/index.php\/wp-json\/wp\/v2\/product_cat?post=714878"},{"taxonomy":"product_tag","embeddable":true,"href":"https:\/\/roveyayinevi.com.tr\/index.php\/wp-json\/wp\/v2\/product_tag?post=714878"}],"curies":[{"name":"wp","href":"https:\/\/api.w.org\/{rel}","templated":true}]}}