{"id":714876,"date":"2025-08-27T17:23:48","date_gmt":"2025-08-27T14:23:48","guid":{"rendered":"https:\/\/roveyayinevi.com.tr\/index.php\/urun\/kucuk-mucizeler-dukkani\/"},"modified":"2025-11-22T04:49:11","modified_gmt":"2025-11-22T01:49:11","slug":"kucuk-mucizeler-dukkani","status":"publish","type":"product","link":"https:\/\/roveyayinevi.com.tr\/index.php\/urun\/kucuk-mucizeler-dukkani\/","title":{"rendered":"K\u00fc\u00e7\u00fck Mucizeler D\u00fckkan\u0131"},"content":{"rendered":"<p>Kitaplar\u0131 b\u00fct\u00fcn d\u00fcnyada onlarca dile \u00e7evrilen ve milyonlarca satan Debbie Macomber, en sevilen serisiyle art\u0131k Epsilon\u2019da&#8230; Seattle\u2019daki k\u00fc\u00e7\u00fck y\u00fcn ve \u00f6rg\u00fc d\u00fckk\u00e2n\u0131, sahibi Lydia Hoffman i\u00e7in yeni bir ba\u015flang\u0131\u00e7 hayalini ve kanser hastal\u0131\u011f\u0131n\u0131n geride kald\u0131\u011f\u0131 bir hayat\u0131 temsil etmektedir. Bir de tabii, a\u015fk ihtimalinin her daim canl\u0131 oldu\u011fu bir hayat\u0131\u2026 Lydia amat\u00f6rlere \u00f6rg\u00fc dersleri verir ve ilk ders \u201cBebek Battaniyesi Nas\u0131l \u00d6r\u00fcl\u00fcr?\u201d ba\u015fl\u0131kl\u0131d\u0131r. Derslere kat\u0131lan \u00fc\u00e7 kad\u0131n vard\u0131r. Jacqueline Donovan, biricik o\u011fluyla evlenen gelinini asla onaylamamaktad\u0131r, ama kim bilir belki de \u00f6rd\u00fc\u011f\u00fc bebek battaniyesi aralar\u0131n\u0131n d\u00fczelmesine yard\u0131mc\u0131 olacakt\u0131r\u2026 Carol Girard i\u00e7inse, \u00f6rd\u00fc\u011f\u00fc bebek battaniyesi, \u00e7ocuk sahibi olmak i\u00e7in son bir giri\u015fimde bulunan kocas\u0131 ve kendisi i\u00e7in bir umut mesaj\u0131 ta\u015f\u0131maktad\u0131r. Sert g\u00f6r\u00fcn\u00fcml\u00fc Alix Townsend\u2019e gelince, o \u00f6rg\u00fc \u00f6rmeyi mahkemenin verdi\u011fi kamu hizmeti cezas\u0131 kapsam\u0131nda \u00f6\u011frenmek zorunda kalm\u0131\u015ft\u0131r. \u00d6rg\u00fc gibi eski bir zanaat\u0131n bir araya getirdi\u011fi bu birbirinden olduk\u00e7a farkl\u0131 d\u00f6rt kad\u0131n, hem kendileri hem de birbirleri hakk\u0131nda beklenmedik ke\u015fifler yapacaklard\u0131r. Beraberinde dostluk ve kabul\u00fc, kahkaha ve hayalleri getiren ke\u015fifler. Yaln\u0131zca kad\u0131nlar\u0131n payla\u015fabilece\u011fi ke\u015fifler\u2026<\/p>\n","protected":false},"excerpt":{"rendered":"<p>Kitaplar\u0131 b\u00fct\u00fcn d\u00fcnyada onlarca dile \u00e7evrilen ve milyonlarca satan Debbie Macomber, en sevilen serisiyle art\u0131k Epsilon\u2019da&#8230; Seattle\u2019daki k\u00fc\u00e7\u00fck y\u00fcn ve \u00f6rg\u00fc d\u00fckk\u00e2n\u0131, sahibi Lydia Hoffman i\u00e7in<span class=\"excerpt-hellip\"> [\u2026]<\/span><\/p>\n","protected":false},"featured_media":0,"template":"","meta":{"_monsterinsights_skip_tracking":false,"_monsterinsights_sitenote_active":false,"_monsterinsights_sitenote_note":"","_monsterinsights_sitenote_category":0},"product_brand":[],"product_cat":[12291,12711],"product_tag":[],"class_list":{"0":"post-714876","1":"product","2":"type-product","3":"status-publish","5":"product_cat-edebiyat","6":"product_cat-roman-oyku","7":"pa_cilt-ciltsiz","8":"pa_tur-kitap","9":"pa_yayinevi-epsilon-yayinlari","10":"pa_yazar-debbie-macomber","12":"first","13":"instock","14":"sale","15":"shipping-taxable","16":"purchasable","17":"product-type-simple"},"_links":{"self":[{"href":"https:\/\/roveyayinevi.com.tr\/index.php\/wp-json\/wp\/v2\/product\/714876","targetHints":{"allow":["GET"]}}],"collection":[{"href":"https:\/\/roveyayinevi.com.tr\/index.php\/wp-json\/wp\/v2\/product"}],"about":[{"href":"https:\/\/roveyayinevi.com.tr\/index.php\/wp-json\/wp\/v2\/types\/product"}],"wp:attachment":[{"href":"https:\/\/roveyayinevi.com.tr\/index.php\/wp-json\/wp\/v2\/media?parent=714876"}],"wp:term":[{"taxonomy":"product_brand","embeddable":true,"href":"https:\/\/roveyayinevi.com.tr\/index.php\/wp-json\/wp\/v2\/product_brand?post=714876"},{"taxonomy":"product_cat","embeddable":true,"href":"https:\/\/roveyayinevi.com.tr\/index.php\/wp-json\/wp\/v2\/product_cat?post=714876"},{"taxonomy":"product_tag","embeddable":true,"href":"https:\/\/roveyayinevi.com.tr\/index.php\/wp-json\/wp\/v2\/product_tag?post=714876"}],"curies":[{"name":"wp","href":"https:\/\/api.w.org\/{rel}","templated":true}]}}