{"id":714873,"date":"2025-08-27T17:23:47","date_gmt":"2025-08-27T14:23:47","guid":{"rendered":"https:\/\/roveyayinevi.com.tr\/index.php\/urun\/avrupa-merkezcilik-bir-ideolojinin-elestirisi\/"},"modified":"2026-04-16T02:23:15","modified_gmt":"2026-04-15T23:23:15","slug":"avrupa-merkezcilik-bir-ideolojinin-elestirisi","status":"publish","type":"product","link":"https:\/\/roveyayinevi.com.tr\/index.php\/urun\/avrupa-merkezcilik-bir-ideolojinin-elestirisi\/","title":{"rendered":"Avrupa-Merkezcilik (Bir \u0130deolojinin Ele\u015ftirisi)"},"content":{"rendered":"<p>Azgeli\u015fmi\u015flik, kalk\u0131nma, kriz, d\u00fcnya ekonomik sistemi (emperyalizm), merkez ve \u00e7evre \u00fclkeler gibi tart\u0131\u015fmal\u0131 konulara toplumcu bir bak\u0131\u015fla e\u011filen Ba\u011f\u0131ml\u0131l\u0131k Okulu\u2019nun kurucular\u0131ndan Samir Amin, Avrupa-merkezcili\u011fe kar\u015f\u0131 geli\u015ftirdi\u011fi ele\u015ftirel yakla\u015f\u0131m\u0131, deyi\u015f yerindeyse Marksizmi Avrupa-merkezci bak\u0131\u015f a\u00e7\u0131s\u0131ndan \u201cs\u0131y\u0131r\u0131p koparmas\u0131\u201d ile de \u00f6ne \u00e7\u0131kan bir yazar. Avrupa-Merkezcilik ise onun bu radikal giri\u015fimi ya da hesapla\u015fmas\u0131n\u0131, en a\u00e7\u0131k ve derinlikli haliyle takip edebildi\u011fimiz klasik bir yap\u0131t\u0131.  Avrupa\u2019n\u0131n, Frans\u0131z Devrimi\u2019yle ve \u201c\u00d6zg\u00fcrl\u00fck, E\u015fitlik, Karde\u015flik\u201d slogan\u0131yla billurla\u015fan de\u011ferleri bir yanda, k\u00fclt\u00fcrc\u00fcl\u00fck, emperyalist s\u00f6m\u00fcrgecilik, farkl\u0131l\u0131klar\u0131 yok sayan g\u00fcd\u00fck bir evrenselcilik, i\u00e7e kapanma e\u011filimi di\u011fer yanda, zorlu denklemler Samir Amin\u2019in geli\u015ftirdi\u011fi yakla\u015f\u0131mda nas\u0131l bir \u00e7\u00f6z\u00fcme kavu\u015fuyor? Kitab\u0131n son b\u00f6l\u00fcm\u00fcn\u00fcn ba\u015fl\u0131\u011f\u0131nda ifade edildi\u011fi gibi \u201c\u00c7a\u011fda\u015f D\u00fcnyaya \u0130li\u015fkin Avrupa-Merkezli Olmayan Bir G\u00f6r\u00fc\u015f\u201d sunan Samir Amin, bu g\u00f6r\u00fc\u015f\u00fcn\u00fc tarihten g\u00fcncelli\u011fe nas\u0131l temellendiriyor?  Fikret Ba\u015fkaya\u2019n\u0131n s\u00f6zleriyle: \u201cSamir Amin\u2019in bu eseri, hem kendi tarihimize hem de ba\u015fkalar\u0131n\u0131n tarihine ele\u015ftirel bakmam\u0131za yard\u0131m edebilecek \u00f6nemli tezler i\u00e7eriyor. Ya\u015fad\u0131\u011f\u0131m\u0131z co\u011frafyada en \u00e7ok ihtiya\u00e7 duydu\u011fumuz \u015fey Avrupa-merkezcilikten ar\u0131nd\u0131r\u0131lm\u0131\u015f ele\u015ftirel bir bilin\u00e7tir.\u201d<\/p>\n","protected":false},"excerpt":{"rendered":"<p>Azgeli\u015fmi\u015flik, kalk\u0131nma, kriz, d\u00fcnya ekonomik sistemi (emperyalizm), merkez ve \u00e7evre \u00fclkeler gibi tart\u0131\u015fmal\u0131 konulara toplumcu bir bak\u0131\u015fla e\u011filen Ba\u011f\u0131ml\u0131l\u0131k Okulu\u2019nun kurucular\u0131ndan Samir Amin, Avrupa-merkezcili\u011fe kar\u015f\u0131 geli\u015ftirdi\u011fi<span class=\"excerpt-hellip\"> [\u2026]<\/span><\/p>\n","protected":false},"featured_media":0,"template":"","meta":{"_monsterinsights_skip_tracking":false,"_monsterinsights_sitenote_active":false,"_monsterinsights_sitenote_note":"","_monsterinsights_sitenote_category":0},"product_brand":[],"product_cat":[13590,12337],"product_tag":[],"class_list":{"0":"post-714873","1":"product","2":"type-product","3":"status-publish","5":"product_cat-arastirma-inceleme-politika-siyaset","6":"product_cat-politika-siyaset","7":"pa_cilt-ciltsiz","8":"pa_tur-kitap","9":"pa_yayinevi-yordam-kitap","10":"pa_yazar-samir-amin","12":"first","13":"instock","14":"sale","15":"shipping-taxable","16":"purchasable","17":"product-type-simple"},"_links":{"self":[{"href":"https:\/\/roveyayinevi.com.tr\/index.php\/wp-json\/wp\/v2\/product\/714873","targetHints":{"allow":["GET"]}}],"collection":[{"href":"https:\/\/roveyayinevi.com.tr\/index.php\/wp-json\/wp\/v2\/product"}],"about":[{"href":"https:\/\/roveyayinevi.com.tr\/index.php\/wp-json\/wp\/v2\/types\/product"}],"wp:attachment":[{"href":"https:\/\/roveyayinevi.com.tr\/index.php\/wp-json\/wp\/v2\/media?parent=714873"}],"wp:term":[{"taxonomy":"product_brand","embeddable":true,"href":"https:\/\/roveyayinevi.com.tr\/index.php\/wp-json\/wp\/v2\/product_brand?post=714873"},{"taxonomy":"product_cat","embeddable":true,"href":"https:\/\/roveyayinevi.com.tr\/index.php\/wp-json\/wp\/v2\/product_cat?post=714873"},{"taxonomy":"product_tag","embeddable":true,"href":"https:\/\/roveyayinevi.com.tr\/index.php\/wp-json\/wp\/v2\/product_tag?post=714873"}],"curies":[{"name":"wp","href":"https:\/\/api.w.org\/{rel}","templated":true}]}}