{"id":714872,"date":"2025-08-27T17:23:46","date_gmt":"2025-08-27T14:23:46","guid":{"rendered":"https:\/\/roveyayinevi.com.tr\/index.php\/urun\/bir-damla-deniz\/"},"modified":"2026-04-16T02:23:15","modified_gmt":"2026-04-15T23:23:15","slug":"bir-damla-deniz","status":"publish","type":"product","link":"https:\/\/roveyayinevi.com.tr\/index.php\/urun\/bir-damla-deniz\/","title":{"rendered":"Bir Damla Deniz"},"content":{"rendered":"<p>Frans\u0131z yazar Ingrid Chabbert ile \u0130spanyol ill\u00fcstrat\u00f6r Guridi\u2019nin imzas\u0131n\u0131 ta\u015f\u0131yan Bir Damla Deniz, hayallerin ger\u00e7ek oldu\u011fu, ku\u015faklar aras\u0131 bir sevgi \u00f6yk\u00fcs\u00fc.Bir Damla Deniz&#8217;de, hayat\u0131 boyunca denizi hi\u00e7 g\u00f6rmemi\u015f b\u00fcy\u00fck b\u00fcy\u00fckannesinin yar\u0131m kalm\u0131\u015f hayalini ger\u00e7ekle\u015ftirmek i\u00e7in yollara d\u00fc\u015fen k\u00fc\u00e7\u00fck Ali\u2019nin umut, fedak\u00e2rl\u0131k ve azim dolu hik\u00e2yesi anlat\u0131l\u0131yor.\u015eiirsel metni ve oryantal motiflerden beslenen yal\u0131n \u00e7izimleriyle her ya\u015ftan kitapseverin i\u00e7ini \u0131s\u0131tan Bir Damla Deniz, hayatta ne olursa olsun, hayalleri ger\u00e7ekle\u015ftirmek i\u00e7in hi\u00e7bir zaman ge\u00e7 kal\u0131nmayaca\u011f\u0131n\u0131 hat\u0131rlat\u0131yor.Y\u00fcz ya\u015f\u0131ndaki bir palmiyenin az ilerisinde, \u00e7\u00f6l\u00fcn s\u0131n\u0131r\u0131nda huzurlu bir ya\u015fam s\u00fcren Ali, bir g\u00fcn, art\u0131k y\u00fcr\u00fcmekte g\u00fc\u00e7l\u00fck \u00e7eken b\u00fcy\u00fck b\u00fcy\u00fckannesinin t\u00fcm hayallerini ger\u00e7ekle\u015ftirip ger\u00e7ekle\u015ftirmedi\u011fini sorar ve onun denizi hi\u00e7 g\u00f6rmedi\u011fini \u00f6\u011frenir. Ertesi g\u00fcn b\u00fcy\u00fck b\u00fcy\u00fckannesine denizi getirmek i\u00e7in kovas\u0131n\u0131 da alarak tek ba\u015f\u0131na yola koyulur. \u0130lk kez denizin g\u00fczelli\u011fiyle tan\u0131\u015facak olan Ali\u2019yi hayalden ger\u00e7e\u011fe uzanan \u015fa\u015f\u0131rt\u0131c\u0131 bir yolculuk beklemektedir\u2026Ali ile b\u00fcy\u00fck b\u00fcy\u00fckannesinin \u00f6yk\u00fcs\u00fcne ortak olan \u00e7ocuklar\u0131n aile ba\u011flar\u0131n\u0131n \u00f6nemini kavramas\u0131na katk\u0131da bulunan bu sevimli kitap, ayn\u0131 zamanda, aile b\u00fcy\u00fcklerinin torunlar\u0131 i\u00e7in alabilecekleri anlaml\u0131 bir hediye.Sevdiklerimizi mutlu etmek ad\u0131na ataca\u011f\u0131m\u0131z k\u00fc\u00e7\u00fcc\u00fck bir ad\u0131m\u0131n bile, onlarla birlikte bizi de mutlu edebilece\u011fini an\u0131msatan Bir Damla Deniz, hem duygusal hem de ger\u00e7ek\u00e7i hik\u00e2yesiyle kalplere dokunuyor.<\/p>\n","protected":false},"excerpt":{"rendered":"<p>Frans\u0131z yazar Ingrid Chabbert ile \u0130spanyol ill\u00fcstrat\u00f6r Guridi\u2019nin imzas\u0131n\u0131 ta\u015f\u0131yan Bir Damla Deniz, hayallerin ger\u00e7ek oldu\u011fu, ku\u015faklar aras\u0131 bir sevgi \u00f6yk\u00fcs\u00fc.Bir Damla Deniz&#8217;de, hayat\u0131 boyunca denizi<span class=\"excerpt-hellip\"> [\u2026]<\/span><\/p>\n","protected":false},"featured_media":0,"template":"","meta":{"_monsterinsights_skip_tracking":false,"_monsterinsights_sitenote_active":false,"_monsterinsights_sitenote_note":"","_monsterinsights_sitenote_category":0},"product_brand":[],"product_cat":[12913,12274],"product_tag":[],"class_list":{"0":"post-714872","1":"product","2":"type-product","3":"status-publish","5":"product_cat-3-6-yas-kitaplari","6":"product_cat-cocuk-ve-genclik-kitaplari","7":"pa_cilt-ciltsiz","8":"pa_tur-kitap","9":"pa_yayinevi-ucanbalik-yayincilik","10":"pa_yazar-ingrid-chabbert","12":"first","13":"instock","14":"sale","15":"shipping-taxable","16":"purchasable","17":"product-type-simple"},"_links":{"self":[{"href":"https:\/\/roveyayinevi.com.tr\/index.php\/wp-json\/wp\/v2\/product\/714872","targetHints":{"allow":["GET"]}}],"collection":[{"href":"https:\/\/roveyayinevi.com.tr\/index.php\/wp-json\/wp\/v2\/product"}],"about":[{"href":"https:\/\/roveyayinevi.com.tr\/index.php\/wp-json\/wp\/v2\/types\/product"}],"wp:attachment":[{"href":"https:\/\/roveyayinevi.com.tr\/index.php\/wp-json\/wp\/v2\/media?parent=714872"}],"wp:term":[{"taxonomy":"product_brand","embeddable":true,"href":"https:\/\/roveyayinevi.com.tr\/index.php\/wp-json\/wp\/v2\/product_brand?post=714872"},{"taxonomy":"product_cat","embeddable":true,"href":"https:\/\/roveyayinevi.com.tr\/index.php\/wp-json\/wp\/v2\/product_cat?post=714872"},{"taxonomy":"product_tag","embeddable":true,"href":"https:\/\/roveyayinevi.com.tr\/index.php\/wp-json\/wp\/v2\/product_tag?post=714872"}],"curies":[{"name":"wp","href":"https:\/\/api.w.org\/{rel}","templated":true}]}}