{"id":714871,"date":"2025-08-27T17:23:46","date_gmt":"2025-08-27T14:23:46","guid":{"rendered":"https:\/\/roveyayinevi.com.tr\/index.php\/urun\/genlerimizden-ibaret-degiliz\/"},"modified":"2026-04-16T02:23:15","modified_gmt":"2026-04-15T23:23:15","slug":"genlerimizden-ibaret-degiliz","status":"publish","type":"product","link":"https:\/\/roveyayinevi.com.tr\/index.php\/urun\/genlerimizden-ibaret-degiliz\/","title":{"rendered":"Genlerimizden \u0130baret De\u011filiz"},"content":{"rendered":"<p>Biyoloji, psikoloji ve toplum bilimlerinin kesi\u015fim noktas\u0131nda \u00e7\u0131\u011f\u0131r a\u00e7an bir yap\u0131t. \u0130lk bask\u0131s\u0131n\u0131 1984 y\u0131l\u0131nda yapan ve b\u00fcy\u00fck tart\u0131\u015fmalar yaratarak alan\u0131nda bir klasik haline gelen Genlerimizden \u0130baret De\u011filiz, uzun y\u0131llar boyunca tart\u0131\u015f\u0131lmazl\u0131k mertebesine eri\u015fmi\u015f olan bir bilim dal\u0131n\u0131, biyolojiyi konu ediniyor ve biyolojik determinizmin bilimsel, toplumsal, politik k\u00f6kenlerini analiz ediyor. \u201cS\u0131n\u0131f, \u0131rk veya toplumsal cinsiyet temelli e\u015fitsizlikler, genetik kal\u0131t\u0131m\u0131n sonu\u00e7lar\u0131d\u0131r\u201d sav\u0131n\u0131 ortaya atan biyolojik determinizm, hemen ard\u0131ndan k\u00f6t\u00fc haberi verir: Bu konuda yapacak bir \u015fey yok! \u00d6yle ya, biyolojiyi de\u011fi\u015ftiremiyorsan biyoloji kaynakl\u0131 \u015feyleri de de\u011fi\u015ftiremezsin. Ger\u00e7ekten \u00f6yle mi peki? \u0130\u015fte yazarlar bu sorunun cevab\u0131n\u0131 ar\u0131yor. Evrimsel biyolog ve genetik\u00e7i Richard C. Lewontin, biyoloji ve n\u00f6robiyoloji profes\u00f6r\u00fc Steven Rose ve psikolog Leon J. Kamin\u2019in bu klasikle\u015fmi\u015f eseri, biyoloji ile ideoloji aras\u0131ndaki ili\u015fkiye daha \u00f6nce bakmad\u0131\u011f\u0131n\u0131z bir pencereden bakman\u0131z\u0131 istiyor. \u201cBilim, burjuva toplumunun nihai me\u015fruiyet sa\u011flay\u0131c\u0131s\u0131d\u0131r. Biyolojik determinizm s\u0131n\u0131flar aras\u0131ndaki m\u00fccadelede kullan\u0131lacak silah ise, o zaman \u00fcniversiteler silah fabrikas\u0131d\u0131r.\u201d Yay\u0131mland\u0131\u011f\u0131 g\u00fcnden itibaren tart\u0131\u015fmalar yaratm\u0131\u015f, Stephen Jay Gould, Richard Dawkins, Edward Osborne Wilson gibi yazarlar\u0131n hakk\u0131nda ele\u015ftiri ve de\u011ferlendirmeler kaleme ald\u0131\u011f\u0131 Genlerimizden \u0130baret De\u011filiz \u015fimdi T\u00fcrk\u00e7ede.<\/p>\n","protected":false},"excerpt":{"rendered":"<p>Biyoloji, psikoloji ve toplum bilimlerinin kesi\u015fim noktas\u0131nda \u00e7\u0131\u011f\u0131r a\u00e7an bir yap\u0131t. \u0130lk bask\u0131s\u0131n\u0131 1984 y\u0131l\u0131nda yapan ve b\u00fcy\u00fck tart\u0131\u015fmalar yaratarak alan\u0131nda bir klasik haline gelen Genlerimizden<span class=\"excerpt-hellip\"> [\u2026]<\/span><\/p>\n","protected":false},"featured_media":0,"template":"","meta":{"_monsterinsights_skip_tracking":false,"_monsterinsights_sitenote_active":false,"_monsterinsights_sitenote_note":"","_monsterinsights_sitenote_category":0},"product_brand":[],"product_cat":[13590,12337],"product_tag":[],"class_list":{"0":"post-714871","1":"product","2":"type-product","3":"status-publish","5":"product_cat-arastirma-inceleme-politika-siyaset","6":"product_cat-politika-siyaset","7":"pa_cilt-ciltsiz","8":"pa_tur-kitap","9":"pa_yayinevi-yordam-kitap","10":"pa_yazar-kolektif","12":"first","13":"instock","14":"sale","15":"shipping-taxable","16":"purchasable","17":"product-type-simple"},"_links":{"self":[{"href":"https:\/\/roveyayinevi.com.tr\/index.php\/wp-json\/wp\/v2\/product\/714871","targetHints":{"allow":["GET"]}}],"collection":[{"href":"https:\/\/roveyayinevi.com.tr\/index.php\/wp-json\/wp\/v2\/product"}],"about":[{"href":"https:\/\/roveyayinevi.com.tr\/index.php\/wp-json\/wp\/v2\/types\/product"}],"wp:attachment":[{"href":"https:\/\/roveyayinevi.com.tr\/index.php\/wp-json\/wp\/v2\/media?parent=714871"}],"wp:term":[{"taxonomy":"product_brand","embeddable":true,"href":"https:\/\/roveyayinevi.com.tr\/index.php\/wp-json\/wp\/v2\/product_brand?post=714871"},{"taxonomy":"product_cat","embeddable":true,"href":"https:\/\/roveyayinevi.com.tr\/index.php\/wp-json\/wp\/v2\/product_cat?post=714871"},{"taxonomy":"product_tag","embeddable":true,"href":"https:\/\/roveyayinevi.com.tr\/index.php\/wp-json\/wp\/v2\/product_tag?post=714871"}],"curies":[{"name":"wp","href":"https:\/\/api.w.org\/{rel}","templated":true}]}}