{"id":714867,"date":"2025-08-27T17:23:43","date_gmt":"2025-08-27T14:23:43","guid":{"rendered":"https:\/\/roveyayinevi.com.tr\/index.php\/urun\/donus-4\/"},"modified":"2026-04-16T02:23:15","modified_gmt":"2026-04-15T23:23:15","slug":"donus-4","status":"publish","type":"product","link":"https:\/\/roveyayinevi.com.tr\/index.php\/urun\/donus-4\/","title":{"rendered":"D\u00f6n\u00fc\u015f"},"content":{"rendered":"<p>Hayat\u0131n\u0131 Roma\u2019da s\u00fcrd\u00fcren, s\u00fcrd\u00fcrmekten mutlu olan bir adam, y\u0131llar \u00f6nce terk etmek zorunda kald\u0131\u011f\u0131 \u00fclkesine, kendisi i\u00e7in art\u0131k ya\u015famayan bir yere ait o kente geri d\u00f6n\u00fcyor. U\u00e7aktan iner inmez \u015fehrin geri kalm\u0131\u015fl\u0131\u011f\u0131n\u0131 ele veren \u00e7irkinlikler bir s\u00fcre sonra yerini tarifsiz bir e\u011fretili\u011fe, hayal ile ger\u00e7ek aras\u0131ndaki \u00e7izgiyi buland\u0131ran tuhaf tersliklere b\u0131rak\u0131yor. Ve ortaya ge\u00e7mi\u015fin kay\u0131plar\u0131yla mal\u00fbl bir kent manzaras\u0131 \u00e7\u0131k\u0131yor.<\/p>\n","protected":false},"excerpt":{"rendered":"<p>Hayat\u0131n\u0131 Roma\u2019da s\u00fcrd\u00fcren, s\u00fcrd\u00fcrmekten mutlu olan bir adam, y\u0131llar \u00f6nce terk etmek zorunda kald\u0131\u011f\u0131 \u00fclkesine, kendisi i\u00e7in art\u0131k ya\u015famayan bir yere ait o kente geri d\u00f6n\u00fcyor.<span class=\"excerpt-hellip\"> [\u2026]<\/span><\/p>\n","protected":false},"featured_media":0,"template":"","meta":{"_monsterinsights_skip_tracking":false,"_monsterinsights_sitenote_active":false,"_monsterinsights_sitenote_note":"","_monsterinsights_sitenote_category":0},"product_brand":[],"product_cat":[12291,13872],"product_tag":[],"class_list":{"0":"post-714867","1":"product","2":"type-product","3":"status-publish","5":"product_cat-edebiyat","6":"product_cat-klasikler","7":"pa_cilt-ciltsiz","8":"pa_tur-kitap","9":"pa_yayinevi-kirmizi-kedi-yayinevi","10":"pa_yazar-alberto-manguel","12":"first","13":"instock","14":"sale","15":"shipping-taxable","16":"purchasable","17":"product-type-simple"},"_links":{"self":[{"href":"https:\/\/roveyayinevi.com.tr\/index.php\/wp-json\/wp\/v2\/product\/714867","targetHints":{"allow":["GET"]}}],"collection":[{"href":"https:\/\/roveyayinevi.com.tr\/index.php\/wp-json\/wp\/v2\/product"}],"about":[{"href":"https:\/\/roveyayinevi.com.tr\/index.php\/wp-json\/wp\/v2\/types\/product"}],"wp:attachment":[{"href":"https:\/\/roveyayinevi.com.tr\/index.php\/wp-json\/wp\/v2\/media?parent=714867"}],"wp:term":[{"taxonomy":"product_brand","embeddable":true,"href":"https:\/\/roveyayinevi.com.tr\/index.php\/wp-json\/wp\/v2\/product_brand?post=714867"},{"taxonomy":"product_cat","embeddable":true,"href":"https:\/\/roveyayinevi.com.tr\/index.php\/wp-json\/wp\/v2\/product_cat?post=714867"},{"taxonomy":"product_tag","embeddable":true,"href":"https:\/\/roveyayinevi.com.tr\/index.php\/wp-json\/wp\/v2\/product_tag?post=714867"}],"curies":[{"name":"wp","href":"https:\/\/api.w.org\/{rel}","templated":true}]}}