{"id":714864,"date":"2025-08-27T17:23:41","date_gmt":"2025-08-27T14:23:41","guid":{"rendered":"https:\/\/roveyayinevi.com.tr\/index.php\/urun\/deliligin-daglarinda\/"},"modified":"2026-02-03T02:37:37","modified_gmt":"2026-02-02T23:37:37","slug":"deliligin-daglarinda","status":"publish","type":"product","link":"https:\/\/roveyayinevi.com.tr\/index.php\/urun\/deliligin-daglarinda\/","title":{"rendered":"Delili\u011fin Da\u011flar\u0131nda"},"content":{"rendered":"<p>\u201cAnlatmam gereken ger\u00e7eklerden ka\u00e7\u0131n\u0131lmaz olarak ku\u015fku duyulacak; yine de e\u011fer mant\u0131ks\u0131z ve inan\u0131lmaz g\u00f6z\u00fcken \u015feyleri \u00e7\u0131karacak olsayd\u0131m, geriye hi\u00e7bir \u015fey kalmazd\u0131.\u201d Lovecraft\u2019\u0131n neden \u00e7a\u011f\u0131m\u0131z\u0131n en b\u00fcy\u00fck korku yazarlar\u0131ndan biri oldu\u011funu g\u00f6steren ve ona hak etti\u011fi \u015f\u00f6hretini kazand\u0131ran en hacimli eseri Delili\u011fin Da\u011flar\u0131nda, bir ka\u00e7\u0131\u015f, yabanc\u0131la\u015fma ve y\u00fczle\u015fme \u00f6yk\u00fcs\u00fcn\u00fcn yan\u0131 s\u0131ra tuhaf kurgu t\u00fcr\u00fcn\u00fcn de ba\u015fyap\u0131t\u0131. Miskatonic \u00dcniversitesi&#8217;nden bir ekip ara\u015ft\u0131rma i\u00e7in Antartika&#8217;ya gider. Yapt\u0131klar\u0131 sondajlarda jeolojik bulgulardan \u00e7ok daha fazlas\u0131na rastlarlar. \u00c7a\u011flard\u0131r \u00f6l\u00fc olan bu k\u0131ta, insan\u0131n gezegen \u00fczerinde ilk y\u00fcr\u00fcy\u00fc\u015f\u00fcnden y\u0131llar y\u0131llar \u00f6nce ya\u015fayan varl\u0131klar\u0131n g\u00f6rkemli izlerini korumaktad\u0131r derinliklerinde. Ancak onlar\u0131 as\u0131l tehlikeye s\u00fcr\u00fckleyen, \u201cY\u00fcce Eskiler\u201din deh\u015fet verici \u015fehrini ke\u015ffetmeleridir. \u201cDo\u011fa\u00fcst\u00fc korkunun en iyi romanlar\u0131ndan biri.\u201d <\/p>\n","protected":false},"excerpt":{"rendered":"<p>\u201cAnlatmam gereken ger\u00e7eklerden ka\u00e7\u0131n\u0131lmaz olarak ku\u015fku duyulacak; yine de e\u011fer mant\u0131ks\u0131z ve inan\u0131lmaz g\u00f6z\u00fcken \u015feyleri \u00e7\u0131karacak olsayd\u0131m, geriye hi\u00e7bir \u015fey kalmazd\u0131.\u201d Lovecraft\u2019\u0131n neden \u00e7a\u011f\u0131m\u0131z\u0131n en b\u00fcy\u00fck<span class=\"excerpt-hellip\"> [\u2026]<\/span><\/p>\n","protected":false},"featured_media":0,"template":"","meta":{"_monsterinsights_skip_tracking":false,"_monsterinsights_sitenote_active":false,"_monsterinsights_sitenote_note":"","_monsterinsights_sitenote_category":0},"product_brand":[],"product_cat":[12291,12711],"product_tag":[],"class_list":{"0":"post-714864","1":"product","2":"type-product","3":"status-publish","5":"product_cat-edebiyat","6":"product_cat-roman-oyku","7":"pa_cilt-ciltsiz","8":"pa_tur-kitap","9":"pa_yayinevi-ithaki-yayinlari","10":"pa_yazar-h-p-lovecraft","12":"first","13":"instock","14":"sale","15":"shipping-taxable","16":"purchasable","17":"product-type-simple"},"_links":{"self":[{"href":"https:\/\/roveyayinevi.com.tr\/index.php\/wp-json\/wp\/v2\/product\/714864","targetHints":{"allow":["GET"]}}],"collection":[{"href":"https:\/\/roveyayinevi.com.tr\/index.php\/wp-json\/wp\/v2\/product"}],"about":[{"href":"https:\/\/roveyayinevi.com.tr\/index.php\/wp-json\/wp\/v2\/types\/product"}],"wp:attachment":[{"href":"https:\/\/roveyayinevi.com.tr\/index.php\/wp-json\/wp\/v2\/media?parent=714864"}],"wp:term":[{"taxonomy":"product_brand","embeddable":true,"href":"https:\/\/roveyayinevi.com.tr\/index.php\/wp-json\/wp\/v2\/product_brand?post=714864"},{"taxonomy":"product_cat","embeddable":true,"href":"https:\/\/roveyayinevi.com.tr\/index.php\/wp-json\/wp\/v2\/product_cat?post=714864"},{"taxonomy":"product_tag","embeddable":true,"href":"https:\/\/roveyayinevi.com.tr\/index.php\/wp-json\/wp\/v2\/product_tag?post=714864"}],"curies":[{"name":"wp","href":"https:\/\/api.w.org\/{rel}","templated":true}]}}