{"id":714863,"date":"2025-08-27T17:23:41","date_gmt":"2025-08-27T14:23:41","guid":{"rendered":"https:\/\/roveyayinevi.com.tr\/index.php\/urun\/tek-basina-durma-cesareti\/"},"modified":"2026-04-16T02:23:15","modified_gmt":"2026-04-15T23:23:15","slug":"tek-basina-durma-cesareti","status":"publish","type":"product","link":"https:\/\/roveyayinevi.com.tr\/index.php\/urun\/tek-basina-durma-cesareti\/","title":{"rendered":"Tek Ba\u015f\u0131na Durma Cesareti"},"content":{"rendered":"<p>U. G. Krishnamurti\u2019nin \u00f6\u011fretilerinde, ger\u00e7ekten bilgelikle dolu bir insana olan \u00f6zlemimizi yans\u0131tan zorlay\u0131c\u0131 bir safl\u0131\u011fa rastl\u0131yoruz. D\u00fcnya tarihinde otoriteyi b\u00f6ylesine sorgulama cesareti g\u00f6steren pek az ki\u015fi olmu\u015f ve hi\u00e7 kimse kendi \u00f6nemsizli\u011fine b\u00f6yle b\u00fcy\u00fck bir c\u00fcretle bakamam\u0131\u015ft\u0131r. U. G. Krishnamurti veya sadece U. G. olarak bilinen Uppaluri Gopala Krishnamurti (9 Temmuz 1918 \u2013 22 Mart 2007), genellikle \u201canti-guru\u201d veya \u201cguru olmay\u0131 reddeden adam\u201d olarak an\u0131lan bir konu\u015fmac\u0131 ve filozoftu. 1980\u2019lerin ba\u015f\u0131nda Amsterdam\u2019da yapt\u0131\u011f\u0131 konu\u015fmalardan olu\u015fan bu koleksiyon, U. G. Krishnamurti\u2019nin en iyi ve en sars\u0131c\u0131 fikirlerinden olu\u015fmaktad\u0131r.<\/p>\n","protected":false},"excerpt":{"rendered":"<p>U. G. Krishnamurti\u2019nin \u00f6\u011fretilerinde, ger\u00e7ekten bilgelikle dolu bir insana olan \u00f6zlemimizi yans\u0131tan zorlay\u0131c\u0131 bir safl\u0131\u011fa rastl\u0131yoruz. D\u00fcnya tarihinde otoriteyi b\u00f6ylesine sorgulama cesareti g\u00f6steren pek az ki\u015fi<span class=\"excerpt-hellip\"> [\u2026]<\/span><\/p>\n","protected":false},"featured_media":0,"template":"","meta":{"_monsterinsights_skip_tracking":false,"_monsterinsights_sitenote_active":false,"_monsterinsights_sitenote_note":"","_monsterinsights_sitenote_category":0},"product_brand":[],"product_cat":[12364,12376],"product_tag":[],"class_list":{"0":"post-714863","1":"product","2":"type-product","3":"status-publish","5":"product_cat-genel-konular","6":"product_cat-kisisel-gelisim","7":"pa_cilt-ciltsiz","8":"pa_tur-kitap","9":"pa_yayinevi-ganj-yayinevi","10":"pa_yazar-u-g-krishnamurti","12":"first","13":"instock","14":"sale","15":"shipping-taxable","16":"purchasable","17":"product-type-simple"},"_links":{"self":[{"href":"https:\/\/roveyayinevi.com.tr\/index.php\/wp-json\/wp\/v2\/product\/714863","targetHints":{"allow":["GET"]}}],"collection":[{"href":"https:\/\/roveyayinevi.com.tr\/index.php\/wp-json\/wp\/v2\/product"}],"about":[{"href":"https:\/\/roveyayinevi.com.tr\/index.php\/wp-json\/wp\/v2\/types\/product"}],"wp:attachment":[{"href":"https:\/\/roveyayinevi.com.tr\/index.php\/wp-json\/wp\/v2\/media?parent=714863"}],"wp:term":[{"taxonomy":"product_brand","embeddable":true,"href":"https:\/\/roveyayinevi.com.tr\/index.php\/wp-json\/wp\/v2\/product_brand?post=714863"},{"taxonomy":"product_cat","embeddable":true,"href":"https:\/\/roveyayinevi.com.tr\/index.php\/wp-json\/wp\/v2\/product_cat?post=714863"},{"taxonomy":"product_tag","embeddable":true,"href":"https:\/\/roveyayinevi.com.tr\/index.php\/wp-json\/wp\/v2\/product_tag?post=714863"}],"curies":[{"name":"wp","href":"https:\/\/api.w.org\/{rel}","templated":true}]}}