{"id":714859,"date":"2025-08-27T17:23:38","date_gmt":"2025-08-27T14:23:38","guid":{"rendered":"https:\/\/roveyayinevi.com.tr\/index.php\/urun\/kolektif-bellek\/"},"modified":"2026-04-16T02:23:15","modified_gmt":"2026-04-15T23:23:15","slug":"kolektif-bellek","status":"publish","type":"product","link":"https:\/\/roveyayinevi.com.tr\/index.php\/urun\/kolektif-bellek\/","title":{"rendered":"Kolektif Bellek"},"content":{"rendered":"<p>\u015eahsi hat\u0131ralar\u0131m\u0131z kendimize mi aittir? K\u00fc\u00e7\u00fck bir \u00e7ocukken b\u00fcy\u00fckbabam\u0131zla birlikte tan\u0131k oldu\u011fumuz bir toplumsal olay, lisedeki ilk g\u00fcn\u00fcm\u00fcz, bir Paris seyahatinde g\u00f6r\u00fcp ya\u015fad\u0131klar\u0131m\u0131z\u2026 Peki ya tarih ile sosyal bak\u0131mdan hat\u0131rlad\u0131klar\u0131m\u0131z ayn\u0131 \u015fey midir? Tarih bir sosyal grubun hat\u0131rlama \u015fekli midir? Belle\u011fin ve hat\u0131rlaman\u0131n zaman ile mek\u00e2n ile hatta m\u00fczik ile bir ili\u015fkisi var m\u0131d\u0131r? Maurice Halbwachs\u2019\u0131n arkas\u0131nda b\u0131rakt\u0131\u011f\u0131 el yazmalar\u0131ndan yola \u00e7\u0131karak haz\u0131rlanan bu metin bize uzun vadede yay\u0131mlamay\u0131 tasarlad\u0131\u011f\u0131 \u00f6nemli eserinden par\u00e7alar sunuyor. Bu par\u00e7alar, bellek ve toplum aras\u0131ndaki ili\u015fkilerin Halbwachs\u2019\u0131n d\u00fc\u015f\u00fcncesinin merkezi ve nihai a\u015famas\u0131 haline geldi\u011fini g\u00f6steriyor. Halbwachs\u2019\u0131n \u00e7al\u0131\u015fmas\u0131n\u0131 ilgin\u00e7 k\u0131lan nokta, klasik pozitivist varsay\u0131m\u0131n aksine, yorumsamac\u0131l\u0131k ile determinizmi bir araya getiriyor olmas\u0131d\u0131r. Halbwachs\u2019\u0131n bellek analizinin alt\u0131nda bir zaman tan\u0131m\u0131 da gizlidir. Zaman art\u0131k, her t\u00fcrl\u00fc olay\u0131n i\u00e7inde ger\u00e7ekle\u015fti\u011fi homojen ve yeknesak bir ortam de\u011fildir. Zamana indirgenemez deneyimin alanlar\u0131n\u0131 sorgulad\u0131klar\u0131 i\u00e7in varolu\u015fsal d\u00fc\u015f\u00fcnceye ba\u011fl\u0131 olmayan \u00f6\u011feler aras\u0131ndaki e\u015fg\u00fcd\u00fcm\u00fcn basit bir ilkesidir. Bir dostu, Halbwachs\u2019\u0131n en y\u00fcksek erdeminin belki de d\u00fc\u015f\u00fcnsel g\u00f6z\u00fc peklik oldu\u011funu s\u00f6yl\u00fcyor. Bu g\u00f6z\u00fc pekli\u011fin Halbwachs\u2019\u0131n ya\u015fam\u0131ndaki kar\u015f\u0131l\u0131\u011f\u0131, iltifatlara ald\u0131rmamak ve sosyal hayat\u0131n zorluklar\u0131 kar\u015f\u0131s\u0131nda kay\u0131ts\u0131z kalmakt\u0131r. \u0130nsan kavram\u0131n\u0131 nesnelerden ayr\u0131 bir varl\u0131k olarak tan\u0131mlamaya bu denli \u00e7aba g\u00f6steren d\u00fc\u015f\u00fcn\u00fcrlerden birinin, toplum ve bireyin birlikte ink\u00e2r ve yok edildi\u011fi toplama kamp\u0131 cehennemine maruz kalarak ya\u015fam\u0131n\u0131 yitirmi\u015f olmas\u0131 bir anlamda hayli simgeseldir.<\/p>\n","protected":false},"excerpt":{"rendered":"<p>\u015eahsi hat\u0131ralar\u0131m\u0131z kendimize mi aittir? K\u00fc\u00e7\u00fck bir \u00e7ocukken b\u00fcy\u00fckbabam\u0131zla birlikte tan\u0131k oldu\u011fumuz bir toplumsal olay, lisedeki ilk g\u00fcn\u00fcm\u00fcz, bir Paris seyahatinde g\u00f6r\u00fcp ya\u015fad\u0131klar\u0131m\u0131z\u2026 Peki ya tarih<span class=\"excerpt-hellip\"> [\u2026]<\/span><\/p>\n","protected":false},"featured_media":0,"template":"","meta":{"_monsterinsights_skip_tracking":false,"_monsterinsights_sitenote_active":false,"_monsterinsights_sitenote_note":"","_monsterinsights_sitenote_category":0},"product_brand":[],"product_cat":[12835,12324],"product_tag":[],"class_list":{"0":"post-714859","1":"product","2":"type-product","3":"status-publish","5":"product_cat-genel-sosyoloji","6":"product_cat-sosyoloji","7":"pa_cilt-ciltsiz","8":"pa_tur-kitap","9":"pa_yayinevi-pinhan-yayincilik","10":"pa_yazar-maurice-halbwachs","12":"first","13":"instock","14":"sale","15":"shipping-taxable","16":"purchasable","17":"product-type-simple"},"_links":{"self":[{"href":"https:\/\/roveyayinevi.com.tr\/index.php\/wp-json\/wp\/v2\/product\/714859","targetHints":{"allow":["GET"]}}],"collection":[{"href":"https:\/\/roveyayinevi.com.tr\/index.php\/wp-json\/wp\/v2\/product"}],"about":[{"href":"https:\/\/roveyayinevi.com.tr\/index.php\/wp-json\/wp\/v2\/types\/product"}],"wp:attachment":[{"href":"https:\/\/roveyayinevi.com.tr\/index.php\/wp-json\/wp\/v2\/media?parent=714859"}],"wp:term":[{"taxonomy":"product_brand","embeddable":true,"href":"https:\/\/roveyayinevi.com.tr\/index.php\/wp-json\/wp\/v2\/product_brand?post=714859"},{"taxonomy":"product_cat","embeddable":true,"href":"https:\/\/roveyayinevi.com.tr\/index.php\/wp-json\/wp\/v2\/product_cat?post=714859"},{"taxonomy":"product_tag","embeddable":true,"href":"https:\/\/roveyayinevi.com.tr\/index.php\/wp-json\/wp\/v2\/product_tag?post=714859"}],"curies":[{"name":"wp","href":"https:\/\/api.w.org\/{rel}","templated":true}]}}