{"id":714857,"date":"2025-08-27T17:23:37","date_gmt":"2025-08-27T14:23:37","guid":{"rendered":"https:\/\/roveyayinevi.com.tr\/index.php\/urun\/7-sinif-preface-course-book\/"},"modified":"2026-04-16T02:23:15","modified_gmt":"2026-04-15T23:23:15","slug":"7-sinif-preface-course-book","status":"publish","type":"product","link":"https:\/\/roveyayinevi.com.tr\/index.php\/urun\/7-sinif-preface-course-book\/","title":{"rendered":"7. S\u0131n\u0131f Preface Course Book"},"content":{"rendered":"<p>7. S\u0131n\u0131f Preface Course Book<\/p>\n","protected":false},"excerpt":{"rendered":"<p>7. S\u0131n\u0131f Preface Course Book<\/p>\n","protected":false},"featured_media":0,"template":"","meta":{"_monsterinsights_skip_tracking":false,"_monsterinsights_sitenote_active":false,"_monsterinsights_sitenote_note":"","_monsterinsights_sitenote_category":0},"product_brand":[],"product_cat":[57007,57008,12566,57006,50915,13473],"product_tag":[],"class_list":{"0":"post-714857","1":"product","2":"type-product","3":"status-publish","5":"product_cat-7-sinif-ingilizce","6":"product_cat-7-sinif-ingilizce-konu-anlatim","7":"product_cat-egitim","8":"product_cat-ortaogretim-7-sinif","9":"product_cat-ortaogretim-yardimci-kitaplar","10":"product_cat-sinavlara-hazirlik-okula-yardimci-kaynaklar","11":"pa_cilt-ciltsiz","12":"pa_tur-kitap","13":"pa_yayinevi-nitelik-yayinlari","14":"pa_yazar-senol-korkmaz-hayriye-sonmez","16":"first","17":"instock","18":"sale","19":"shipping-taxable","20":"purchasable","21":"product-type-simple"},"_links":{"self":[{"href":"https:\/\/roveyayinevi.com.tr\/index.php\/wp-json\/wp\/v2\/product\/714857","targetHints":{"allow":["GET"]}}],"collection":[{"href":"https:\/\/roveyayinevi.com.tr\/index.php\/wp-json\/wp\/v2\/product"}],"about":[{"href":"https:\/\/roveyayinevi.com.tr\/index.php\/wp-json\/wp\/v2\/types\/product"}],"wp:attachment":[{"href":"https:\/\/roveyayinevi.com.tr\/index.php\/wp-json\/wp\/v2\/media?parent=714857"}],"wp:term":[{"taxonomy":"product_brand","embeddable":true,"href":"https:\/\/roveyayinevi.com.tr\/index.php\/wp-json\/wp\/v2\/product_brand?post=714857"},{"taxonomy":"product_cat","embeddable":true,"href":"https:\/\/roveyayinevi.com.tr\/index.php\/wp-json\/wp\/v2\/product_cat?post=714857"},{"taxonomy":"product_tag","embeddable":true,"href":"https:\/\/roveyayinevi.com.tr\/index.php\/wp-json\/wp\/v2\/product_tag?post=714857"}],"curies":[{"name":"wp","href":"https:\/\/api.w.org\/{rel}","templated":true}]}}