{"id":714856,"date":"2025-08-27T17:23:37","date_gmt":"2025-08-27T14:23:37","guid":{"rendered":"https:\/\/roveyayinevi.com.tr\/index.php\/urun\/muskaranin-sessiz-cigligi\/"},"modified":"2026-04-16T02:23:15","modified_gmt":"2026-04-15T23:23:15","slug":"muskaranin-sessiz-cigligi","status":"publish","type":"product","link":"https:\/\/roveyayinevi.com.tr\/index.php\/urun\/muskaranin-sessiz-cigligi\/","title":{"rendered":"Mu\u015fkara&#8217;n\u0131n Sessiz \u00c7\u0131\u011fl\u0131\u011f\u0131"},"content":{"rendered":"<p>Su\u00e7!\u0130nsanl\u0131kla ya\u015f\u0131t say\u0131lan bu eylemin a\u00e7\u0131l\u0131m\u0131 \u015f\u00f6yledir:Topluma zarar verdi\u011fi ya da tehilikeli oldu\u011fu kanun koruyucu taraf\u0131ndan kabul edilen ve belirtilen eyleme su\u00e7 denir.Peki ya yapt\u0131\u011f\u0131 eylemi kendi d\u00fcnyalar\u0131nda su\u00e7 de\u011fil de insanl\u0131\u011fa yard\u0131m olarak alg\u0131layan birileri varsa aram\u0131zda&#8230;\u0130lker G\u00fcna\u00e7g\u00fcn\u00d6zel bir banka \u00e7al\u0131\u015fan\u0131 ve ayn\u0131 zamanda yazar olan \u0130LKER G\u00dcNA\u00c7G\u00dcN, 1976 tarihinde Adana&#8217;da d\u00fcnyaya geldi. \u0130lkokul ve ortaokulu burada tamamlayarak, lise \u00f6\u011frenimini de yine ayn\u0131 ilimizde devam etti.\u0130LKER G\u00dcNA\u00c7G\u00dcN, hen\u00fcz ortaokul y\u0131llar\u0131ndayken yazmaya ilgi duymaya ba\u015flad\u0131.Bu y\u0131llarda amat\u00f6rce yazd\u0131\u011f\u0131 notlar, hikayeler \u00e7evresindeki insanlar taraf\u0131ndan takdir ile kar\u015f\u0131land\u0131. \u0130\u00e7indeki yazma tutkusu ile g\u00fcnlerce evinden uzak kalarak kaleme ald\u0131\u011f\u0131 SELLUKA adl\u0131 eseri b\u00fcy\u00fck be\u011feni toplad\u0131. Hayran\u0131 oldu\u011fu ve \u00e7ok sevdi\u011fi dedesinin G\u00fcney Kore sava\u015f\u0131nda ya\u015fad\u0131klar\u0131n\u0131 anlatt\u0131\u011f\u0131 SAK\u0130N SABAHLAR \u00dcLKES\u0130 isimli eseri, Kore dil bilimciler taraf\u0131ndan olduk\u00e7a be\u011fenilir, \u00e7eviri yap\u0131larak \u00fclkelerinde yay\u0131mlanmak i\u00e7in beklemektedir. Yaln\u0131z ya\u015famay\u0131 ve yaln\u0131zl\u0131\u011f\u0131 se\u00e7en yazar Z\u0130RVEDEK\u0130 YALNIZLIK eseri ile farkl\u0131 hayatlar\u0131 bir araya getirmeyi ba\u015farm\u0131\u015f sat\u0131\u015f teknikleriyle harmanlad\u0131\u011f\u0131 roman\u0131 b\u00fcy\u00fck yank\u0131 uyand\u0131rm\u0131\u015ft\u0131r. \u0130LKER G\u00dcNA\u00c7G\u00dcN \u00e7al\u0131\u015fmalar\u0131na ve yazmaya halen devam etmektedir.<\/p>\n","protected":false},"excerpt":{"rendered":"<p>Su\u00e7!\u0130nsanl\u0131kla ya\u015f\u0131t say\u0131lan bu eylemin a\u00e7\u0131l\u0131m\u0131 \u015f\u00f6yledir:Topluma zarar verdi\u011fi ya da tehilikeli oldu\u011fu kanun koruyucu taraf\u0131ndan kabul edilen ve belirtilen eyleme su\u00e7 denir.Peki ya yapt\u0131\u011f\u0131 eylemi<span class=\"excerpt-hellip\"> [\u2026]<\/span><\/p>\n","protected":false},"featured_media":0,"template":"","meta":{"_monsterinsights_skip_tracking":false,"_monsterinsights_sitenote_active":false,"_monsterinsights_sitenote_note":"","_monsterinsights_sitenote_category":0},"product_brand":[],"product_cat":[12291,12711],"product_tag":[],"class_list":{"0":"post-714856","1":"product","2":"type-product","3":"status-publish","5":"product_cat-edebiyat","6":"product_cat-roman-oyku","7":"pa_cilt-ciltsiz","8":"pa_tur-kitap","9":"pa_yayinevi-servet-yayinevi","10":"pa_yazar-ilker-gunacgun","12":"first","13":"instock","14":"sale","15":"shipping-taxable","16":"purchasable","17":"product-type-simple"},"_links":{"self":[{"href":"https:\/\/roveyayinevi.com.tr\/index.php\/wp-json\/wp\/v2\/product\/714856","targetHints":{"allow":["GET"]}}],"collection":[{"href":"https:\/\/roveyayinevi.com.tr\/index.php\/wp-json\/wp\/v2\/product"}],"about":[{"href":"https:\/\/roveyayinevi.com.tr\/index.php\/wp-json\/wp\/v2\/types\/product"}],"wp:attachment":[{"href":"https:\/\/roveyayinevi.com.tr\/index.php\/wp-json\/wp\/v2\/media?parent=714856"}],"wp:term":[{"taxonomy":"product_brand","embeddable":true,"href":"https:\/\/roveyayinevi.com.tr\/index.php\/wp-json\/wp\/v2\/product_brand?post=714856"},{"taxonomy":"product_cat","embeddable":true,"href":"https:\/\/roveyayinevi.com.tr\/index.php\/wp-json\/wp\/v2\/product_cat?post=714856"},{"taxonomy":"product_tag","embeddable":true,"href":"https:\/\/roveyayinevi.com.tr\/index.php\/wp-json\/wp\/v2\/product_tag?post=714856"}],"curies":[{"name":"wp","href":"https:\/\/api.w.org\/{rel}","templated":true}]}}