{"id":714852,"date":"2025-08-27T17:23:34","date_gmt":"2025-08-27T14:23:34","guid":{"rendered":"https:\/\/roveyayinevi.com.tr\/index.php\/urun\/uc-ok\/"},"modified":"2026-04-16T02:23:15","modified_gmt":"2026-04-15T23:23:15","slug":"uc-ok","status":"publish","type":"product","link":"https:\/\/roveyayinevi.com.tr\/index.php\/urun\/uc-ok\/","title":{"rendered":"\u00dc\u00e7 Ok"},"content":{"rendered":"<p>Sultan Alp Arslan&#8217;\u0131n tahta \u00e7\u0131k\u0131\u015f\u0131nda neler ya\u015fand\u0131? Tahta \u00e7\u0131kt\u0131ktan sonra ilk icraat\u0131 vezirli\u011fe Nizam\u00fclm\u00fclk&#8217;\u00fc getirmek olan Sel\u00e7uklu Devleti&#8217;nin yeni sultan\u0131 Alp Arslan&#8217;\u0131n veziri ve ak\u0131l hocas\u0131 Nizam\u00fclm\u00fclk ile tan\u0131\u015fmas\u0131 nas\u0131l oldu?Ak\u0131n ak\u0131n Anadolu&#8217;ya gelen T\u00fcrklerden kurtulmak isteyen Romen Diyojen, Malazgirt&#8217;te say\u0131ca \u00fcst\u00fcn oldu\u011fu Sel\u00e7uklu Devleti&#8217;ne yapt\u0131\u011f\u0131 hangi hata y\u00fcz\u00fcnden yenildi ve kendisini hangi Sel\u00e7uklu askeri esir ald\u0131?Melik\u015fah d\u00f6neminde daha belirgin hale gelen Bat\u0131ni faaliyetlerinin Sel\u00e7uklu Devleti&#8217;ndeki etkileri nelerdi? D\u00f6nemin en \u00f6nemli Bat\u0131ni temsilcisi olan Hasan Sabbah&#8217;\u0131n Sel\u00e7uklu Devleti&#8217;ne ve Nizam\u00fclm\u00fclk&#8217;e olan kininin kayna\u011f\u0131 neydi?Alp Arlsan&#8217;\u0131n \u00f6l\u00fcm\u00fcnden sonra Melik\u015fah&#8217;a hem vezirlik hem de babal\u0131k yapan Nizam\u00fclm\u00fclk ile Melik\u015fah&#8217;\u0131n aras\u0131n\u0131n a\u00e7\u0131lmas\u0131 nas\u0131l oldu, daha sonra hangi olaylar geli\u015fti? Nizam\u00fclm\u00fclk&#8217;\u00fcn \u00f6l\u00fcm\u00fcndeki s\u0131r perdesi neydi?Kat\u0131ld\u0131\u011f\u0131 hi\u00e7bir sava\u015f\u0131 kaybetmeyen Artuk Bey&#8217;in hayat\u0131 etraf\u0131nda 1063 &#8211; 1092 y\u0131llar\u0131nda B\u00fcy\u00fck Sel\u00e7uklu Devleti&#8217;nin ger\u00e7eklere dayal\u0131 kurgulanm\u0131\u015f hikayesi \u00dc\u00e7 Ok ile okuyucular\u0131yla bulu\u015fuyor. <\/p>\n","protected":false},"excerpt":{"rendered":"<p>Sultan Alp Arslan&#8217;\u0131n tahta \u00e7\u0131k\u0131\u015f\u0131nda neler ya\u015fand\u0131? Tahta \u00e7\u0131kt\u0131ktan sonra ilk icraat\u0131 vezirli\u011fe Nizam\u00fclm\u00fclk&#8217;\u00fc getirmek olan Sel\u00e7uklu Devleti&#8217;nin yeni sultan\u0131 Alp Arslan&#8217;\u0131n veziri ve ak\u0131l hocas\u0131<span class=\"excerpt-hellip\"> [\u2026]<\/span><\/p>\n","protected":false},"featured_media":0,"template":"","meta":{"_monsterinsights_skip_tracking":false,"_monsterinsights_sitenote_active":false,"_monsterinsights_sitenote_note":"","_monsterinsights_sitenote_category":0},"product_brand":[],"product_cat":[12291,12745],"product_tag":[],"class_list":{"0":"post-714852","1":"product","2":"type-product","3":"status-publish","5":"product_cat-edebiyat","6":"product_cat-tarihi-roman","7":"pa_cilt-ciltsiz","8":"pa_tur-kitap","9":"pa_yayinevi-vaveyla-yayincilik","10":"pa_yazar-muslim-akil-avci","12":"first","13":"instock","14":"sale","15":"shipping-taxable","16":"purchasable","17":"product-type-simple"},"_links":{"self":[{"href":"https:\/\/roveyayinevi.com.tr\/index.php\/wp-json\/wp\/v2\/product\/714852","targetHints":{"allow":["GET"]}}],"collection":[{"href":"https:\/\/roveyayinevi.com.tr\/index.php\/wp-json\/wp\/v2\/product"}],"about":[{"href":"https:\/\/roveyayinevi.com.tr\/index.php\/wp-json\/wp\/v2\/types\/product"}],"wp:attachment":[{"href":"https:\/\/roveyayinevi.com.tr\/index.php\/wp-json\/wp\/v2\/media?parent=714852"}],"wp:term":[{"taxonomy":"product_brand","embeddable":true,"href":"https:\/\/roveyayinevi.com.tr\/index.php\/wp-json\/wp\/v2\/product_brand?post=714852"},{"taxonomy":"product_cat","embeddable":true,"href":"https:\/\/roveyayinevi.com.tr\/index.php\/wp-json\/wp\/v2\/product_cat?post=714852"},{"taxonomy":"product_tag","embeddable":true,"href":"https:\/\/roveyayinevi.com.tr\/index.php\/wp-json\/wp\/v2\/product_tag?post=714852"}],"curies":[{"name":"wp","href":"https:\/\/api.w.org\/{rel}","templated":true}]}}