{"id":714850,"date":"2025-08-27T17:23:32","date_gmt":"2025-08-27T14:23:32","guid":{"rendered":"https:\/\/roveyayinevi.com.tr\/index.php\/urun\/ektelesi-svein\/"},"modified":"2026-04-16T02:23:15","modified_gmt":"2026-04-15T23:23:15","slug":"ektelesi-svein","status":"publish","type":"product","link":"https:\/\/roveyayinevi.com.tr\/index.php\/urun\/ektelesi-svein\/","title":{"rendered":"Ektelesi Svein"},"content":{"rendered":"<p>\u0130nsal\u0131\u011f\u0131 g\u00f6lgelerin aras\u0131ndan gizlice korumakta olan yar\u0131 karga yar\u0131 insan \u0131rk\u0131n\u0131n \u00fcyesi Svein Larian, do\u011farken annesini, on ya\u015f\u0131ndayken babas\u0131n\u0131 kaybetmi\u015fti. Hi\u00e7bir \u015feyi kalmam\u0131\u015fken benli\u011fini her \u015feyiyle ona adayaca\u011f\u0131 kad\u0131nla tan\u0131\u015ft\u0131. Hayat\u0131n\u0131n d\u00f6n\u00fcm noktas\u0131nda olan Svein, tapt\u0131\u011f\u0131 kad\u0131n\u0131n g\u00f6zetiminde b\u00fcy\u00fcrken, bu kad\u0131n\u0131n emirleri do\u011frultusunda dostlar\u0131n\u0131 bile g\u00f6z\u00fcn\u00fc k\u0131rpmadan \u00f6ld\u00fcrebilen bir makineye d\u00f6n\u00fc\u015fecekti. Ald\u0131\u011f\u0131 son emirle \u0130dam Senfonisi&#8217;ne giden Svein, \u00f6l\u00fcmle burun buruna gelecekti ve bunu \u00f6d\u00fcl\u00fc tapt\u0131\u011f\u0131 kad\u0131n ile \u00f6zg\u00fcrce ya\u015fayaca\u011f\u0131 bir hayat olacakt\u0131.<\/p>\n","protected":false},"excerpt":{"rendered":"<p>\u0130nsal\u0131\u011f\u0131 g\u00f6lgelerin aras\u0131ndan gizlice korumakta olan yar\u0131 karga yar\u0131 insan \u0131rk\u0131n\u0131n \u00fcyesi Svein Larian, do\u011farken annesini, on ya\u015f\u0131ndayken babas\u0131n\u0131 kaybetmi\u015fti. Hi\u00e7bir \u015feyi kalmam\u0131\u015fken benli\u011fini her \u015feyiyle<span class=\"excerpt-hellip\"> [\u2026]<\/span><\/p>\n","protected":false},"featured_media":0,"template":"","meta":{"_monsterinsights_skip_tracking":false,"_monsterinsights_sitenote_active":false,"_monsterinsights_sitenote_note":"","_monsterinsights_sitenote_category":0},"product_brand":[],"product_cat":[12291,14777],"product_tag":[],"class_list":{"0":"post-714850","1":"product","2":"type-product","3":"status-publish","5":"product_cat-edebiyat","6":"product_cat-fantastik","7":"pa_cilt-ciltsiz","8":"pa_tur-kitap","9":"pa_yayinevi-vaveyla-yayincilik","10":"pa_yazar-taylan-ali-yilmaz","12":"first","13":"instock","14":"sale","15":"shipping-taxable","16":"purchasable","17":"product-type-simple"},"_links":{"self":[{"href":"https:\/\/roveyayinevi.com.tr\/index.php\/wp-json\/wp\/v2\/product\/714850","targetHints":{"allow":["GET"]}}],"collection":[{"href":"https:\/\/roveyayinevi.com.tr\/index.php\/wp-json\/wp\/v2\/product"}],"about":[{"href":"https:\/\/roveyayinevi.com.tr\/index.php\/wp-json\/wp\/v2\/types\/product"}],"wp:attachment":[{"href":"https:\/\/roveyayinevi.com.tr\/index.php\/wp-json\/wp\/v2\/media?parent=714850"}],"wp:term":[{"taxonomy":"product_brand","embeddable":true,"href":"https:\/\/roveyayinevi.com.tr\/index.php\/wp-json\/wp\/v2\/product_brand?post=714850"},{"taxonomy":"product_cat","embeddable":true,"href":"https:\/\/roveyayinevi.com.tr\/index.php\/wp-json\/wp\/v2\/product_cat?post=714850"},{"taxonomy":"product_tag","embeddable":true,"href":"https:\/\/roveyayinevi.com.tr\/index.php\/wp-json\/wp\/v2\/product_tag?post=714850"}],"curies":[{"name":"wp","href":"https:\/\/api.w.org\/{rel}","templated":true}]}}