{"id":714846,"date":"2025-08-27T17:23:30","date_gmt":"2025-08-27T14:23:30","guid":{"rendered":"https:\/\/roveyayinevi.com.tr\/index.php\/urun\/mogolistan-seyahatnamesi\/"},"modified":"2026-04-16T02:23:15","modified_gmt":"2026-04-15T23:23:15","slug":"mogolistan-seyahatnamesi","status":"publish","type":"product","link":"https:\/\/roveyayinevi.com.tr\/index.php\/urun\/mogolistan-seyahatnamesi\/","title":{"rendered":"Mo\u011folistan Seyahatnamesi"},"content":{"rendered":"<p>Tarihin en kudretli ordusuna sahip Mo\u011follar, yaln\u0131z Do\u011fu d\u00fcnyas\u0131n\u0131 de\u011fil Bat\u0131 d\u00fcnyas\u0131n\u0131 da her ad\u0131mlar\u0131yla sarsm\u0131\u015flard\u0131r. \u00d6zellikle Mo\u011fol ordular\u0131n\u0131n Macaristan\u2019\u0131 ge\u00e7ip, Adriyatik k\u0131y\u0131lar\u0131na kadar dayanmas\u0131, ba\u015fta Papa olmak \u00fczere Bat\u0131 d\u00fcnyas\u0131 bu sel gibi b\u00fcy\u00fcyen istila kar\u015f\u0131s\u0131nda deh\u015fete d\u00fc\u015fm\u00fc\u015ft\u00fcr. Papa Innocentius (1243-1254) derhal Mo\u011follara el\u00e7iler yollay\u0131p bu el\u00e7ilerin bar\u0131\u015f te\u015febb\u00fcs\u00fcnde bulunmalar\u0131n\u0131 emretmi\u015ftir.  13. y\u00fczy\u0131l\u0131n \u00fcnl\u00fc seyyah\u0131 Plano Carpini b\u00fcy\u00fck bir cesaret \u00f6rne\u011fi g\u00f6sterip Mo\u011fol imparatorluk saray\u0131ndaki h\u00fck\u00fcmdar\u0131n aya\u011f\u0131na kadar gitmi\u015f, Mo\u011fol topraklar\u0131nda aylarca kalm\u0131\u015f, onlar\u0131 etrafl\u0131ca tan\u0131m\u0131\u015f ve tekrar Papa\u2019n\u0131n huzuruna sa\u011f olarak d\u00f6nebilmi\u015f bir ke\u015fi\u015ftir. Carpini, el\u00e7ilik g\u00f6revi sonras\u0131nda yazd\u0131\u011f\u0131 seyahatnameyle sadece Mo\u011fol topraklar\u0131nda g\u00f6rd\u00fcklerini anlatmam\u0131\u015ft\u0131r. Mo\u011follar\u0131n \u00f6rf ve \u00e2detlerini, ya\u015fant\u0131lar\u0131n\u0131, inan\u00e7lar\u0131n\u0131, ibadetlerini, geleneklerini, tarihlerini, sava\u015f usullerini ve di\u011fer uluslarla olan ili\u015fkilerini kayda ge\u00e7irmi\u015ftir. Mo\u011fol tehlikesine kar\u015f\u0131 Bat\u0131l\u0131lar\u0131n nas\u0131l tedbirler almas\u0131 gerekti\u011fi konusundaki somut \u00f6nerileriyle de seyahatnamesini bir a\u015fama \u00f6teye g\u00f6t\u00fcrm\u00fc\u015ft\u00fcr.  Prof. Dr. Ergin Ayan\u2019\u0131n terc\u00fcmesi ve notlar\u0131yla yay\u0131ma haz\u0131rlanan bu \u00e7al\u0131\u015fmada, co\u011frafyas\u0131yla ve iklimiyle Mo\u011fol yurdu, k\u0131l\u0131k k\u0131yafetlerinden m\u00fclkiyet d\u00fc\u015f\u00fcncelerine Mo\u011fol halk\u0131, Ritus ad\u0131 verilen Mo\u011fol din\u00ee t\u00f6renleri, yasalar\u0131ndan yiyeceklerine Mo\u011fol ya\u015fay\u0131\u015f\u0131, kurulu\u015fundan h\u00fck\u00fcmdarlar\u0131na, harp sanatlar\u0131ndan ordular\u0131na Mo\u011fol \u0130mparatorlu\u011fu, zapt ettikleri \u00fclkelerden p\u00fcsk\u00fcrt\u00fcl\u00fc\u015flerine dek tarihi delip ge\u00e7en \u201cD\u00fcnyan\u0131n Mo\u011fol \u00c7a\u011f\u0131\u201d ortaya konuyor.  Mo\u011folistan Seyahatnamesi: 13. Y\u00fczy\u0131lda Avrupa\u2019dan Orta Asya\u2019ya Yolculuk (1245-1247) adl\u0131 eser, d\u00fcnya tarihi boyunca insanl\u0131\u011f\u0131n ortak haf\u0131zas\u0131ndan ve bilin\u00e7alt\u0131ndan hi\u00e7 \u00e7\u0131kmayacak Mo\u011follar\u0131n en \u00f6nemli zamanlar\u0131na dair birinci elden yaz\u0131lm\u0131\u015f bir kaynak \u00f6zelli\u011fi ta\u015f\u0131maktad\u0131r.<\/p>\n","protected":false},"excerpt":{"rendered":"<p>Tarihin en kudretli ordusuna sahip Mo\u011follar, yaln\u0131z Do\u011fu d\u00fcnyas\u0131n\u0131 de\u011fil Bat\u0131 d\u00fcnyas\u0131n\u0131 da her ad\u0131mlar\u0131yla sarsm\u0131\u015flard\u0131r. \u00d6zellikle Mo\u011fol ordular\u0131n\u0131n Macaristan\u2019\u0131 ge\u00e7ip, Adriyatik k\u0131y\u0131lar\u0131na kadar dayanmas\u0131, ba\u015fta<span class=\"excerpt-hellip\"> [\u2026]<\/span><\/p>\n","protected":false},"featured_media":0,"template":"","meta":{"_monsterinsights_skip_tracking":false,"_monsterinsights_sitenote_active":false,"_monsterinsights_sitenote_note":"","_monsterinsights_sitenote_category":0},"product_brand":[],"product_cat":[12370,12304],"product_tag":[],"class_list":{"0":"post-714846","1":"product","2":"type-product","3":"status-publish","5":"product_cat-arastirma-inceleme","6":"product_cat-tarih","7":"pa_cilt-ciltsiz","8":"pa_tur-kitap","9":"pa_yayinevi-kronik-kitap","10":"pa_yazar-plano-carpini","12":"first","13":"instock","14":"sale","15":"shipping-taxable","16":"purchasable","17":"product-type-simple"},"_links":{"self":[{"href":"https:\/\/roveyayinevi.com.tr\/index.php\/wp-json\/wp\/v2\/product\/714846","targetHints":{"allow":["GET"]}}],"collection":[{"href":"https:\/\/roveyayinevi.com.tr\/index.php\/wp-json\/wp\/v2\/product"}],"about":[{"href":"https:\/\/roveyayinevi.com.tr\/index.php\/wp-json\/wp\/v2\/types\/product"}],"wp:attachment":[{"href":"https:\/\/roveyayinevi.com.tr\/index.php\/wp-json\/wp\/v2\/media?parent=714846"}],"wp:term":[{"taxonomy":"product_brand","embeddable":true,"href":"https:\/\/roveyayinevi.com.tr\/index.php\/wp-json\/wp\/v2\/product_brand?post=714846"},{"taxonomy":"product_cat","embeddable":true,"href":"https:\/\/roveyayinevi.com.tr\/index.php\/wp-json\/wp\/v2\/product_cat?post=714846"},{"taxonomy":"product_tag","embeddable":true,"href":"https:\/\/roveyayinevi.com.tr\/index.php\/wp-json\/wp\/v2\/product_tag?post=714846"}],"curies":[{"name":"wp","href":"https:\/\/api.w.org\/{rel}","templated":true}]}}