{"id":714843,"date":"2025-08-27T17:23:28","date_gmt":"2025-08-27T14:23:28","guid":{"rendered":"https:\/\/roveyayinevi.com.tr\/index.php\/urun\/asik-degil\/"},"modified":"2026-04-16T02:23:15","modified_gmt":"2026-04-15T23:23:15","slug":"asik-degil","status":"publish","type":"product","link":"https:\/\/roveyayinevi.com.tr\/index.php\/urun\/asik-degil\/","title":{"rendered":"A\u015f\u0131k De\u011fil"},"content":{"rendered":"<p>Jasper ve Ori \u00e7ok yak\u0131n arkada\u015flard\u0131, ikisi de \u015f\u00f6valyeydi. Ayr\u0131ca birbirlerinin kitap okuma e\u015fiydiler, ta ki \u00f6\u011fretmenleri Bayan Tosh onlar\u0131 ay\u0131rana dek. Art\u0131k Jasper\u2019\u0131n okuma e\u015fi Isabel\u2019di. Isabel\u2019in en sevdi\u011fi oyun bebek\u00e7ilikti. Bir de Jasper\u2019\u0131 seviyordu, hem de \u00e7ok! Daha Jasper neler oldu\u011funu anlamadan kendini Isabel\u2019in evinde, onunla oyun oynarken buldu. Yine bebek\u00e7ilik oynayacaklar\u0131n\u0131 zanneden Jasper\u2019\u0131 bir s\u00fcrpriz bekliyordu: Isabel\u2019in trambolini vard\u0131! Asl\u0131nda Jasper, Isabel\u2019le arkada\u015f olmak istemiyordu ama trambolinde z\u0131plamak \u00e7ok ho\u015funa gitmi\u015fti! Ayr\u0131ca bir sorun vard\u0131: Isabel ona \u00e2\u015f\u0131k olmu\u015ftu! Jasper trambolinde z\u0131plamaya devam etmek istiyordu ancak Isabel\u2019in ona \u00e2\u015f\u0131k OLMAMASINI nas\u0131l sa\u011flayacakt\u0131? \u00c2\u015f\u0131k De\u011fil, ilgin\u00e7 ve merakl\u0131 bir \u00e7ocuk olan Jasper John Dooley\u2019nin ser\u00fcvenlerini anlatan serinin \u00fc\u00e7\u00fcnc\u00fc kitab\u0131. K\u00fc\u00e7\u00fck okurlar\u0131m\u0131z hem onun ya\u015fad\u0131klar\u0131na g\u00fclecek hem de kar\u015f\u0131la\u015ft\u0131\u011f\u0131 sorunlar\u0131n \u00fcstesinden nas\u0131l yarat\u0131c\u0131 bir \u015fekilde geldi\u011fine \u015fa\u015f\u0131racaklar.<\/p>\n","protected":false},"excerpt":{"rendered":"<p>Jasper ve Ori \u00e7ok yak\u0131n arkada\u015flard\u0131, ikisi de \u015f\u00f6valyeydi. Ayr\u0131ca birbirlerinin kitap okuma e\u015fiydiler, ta ki \u00f6\u011fretmenleri Bayan Tosh onlar\u0131 ay\u0131rana dek. Art\u0131k Jasper\u2019\u0131n okuma e\u015fi<span class=\"excerpt-hellip\"> [\u2026]<\/span><\/p>\n","protected":false},"featured_media":0,"template":"","meta":{"_monsterinsights_skip_tracking":false,"_monsterinsights_sitenote_active":false,"_monsterinsights_sitenote_note":"","_monsterinsights_sitenote_category":0},"product_brand":[],"product_cat":[12274,12284],"product_tag":[],"class_list":{"0":"post-714843","1":"product","2":"type-product","3":"status-publish","5":"product_cat-cocuk-ve-genclik-kitaplari","6":"product_cat-hikayeler","7":"pa_cilt-ciltsiz","8":"pa_tur-kitap","9":"pa_yayinevi-kirmizi-kedi-yayinevi","10":"pa_yazar-caroline-adderson","12":"first","13":"instock","14":"sale","15":"shipping-taxable","16":"purchasable","17":"product-type-simple"},"_links":{"self":[{"href":"https:\/\/roveyayinevi.com.tr\/index.php\/wp-json\/wp\/v2\/product\/714843","targetHints":{"allow":["GET"]}}],"collection":[{"href":"https:\/\/roveyayinevi.com.tr\/index.php\/wp-json\/wp\/v2\/product"}],"about":[{"href":"https:\/\/roveyayinevi.com.tr\/index.php\/wp-json\/wp\/v2\/types\/product"}],"wp:attachment":[{"href":"https:\/\/roveyayinevi.com.tr\/index.php\/wp-json\/wp\/v2\/media?parent=714843"}],"wp:term":[{"taxonomy":"product_brand","embeddable":true,"href":"https:\/\/roveyayinevi.com.tr\/index.php\/wp-json\/wp\/v2\/product_brand?post=714843"},{"taxonomy":"product_cat","embeddable":true,"href":"https:\/\/roveyayinevi.com.tr\/index.php\/wp-json\/wp\/v2\/product_cat?post=714843"},{"taxonomy":"product_tag","embeddable":true,"href":"https:\/\/roveyayinevi.com.tr\/index.php\/wp-json\/wp\/v2\/product_tag?post=714843"}],"curies":[{"name":"wp","href":"https:\/\/api.w.org\/{rel}","templated":true}]}}