{"id":714841,"date":"2025-08-27T17:23:26","date_gmt":"2025-08-27T14:23:26","guid":{"rendered":"https:\/\/roveyayinevi.com.tr\/index.php\/urun\/albert-amca-ile-kara-delikler-2\/"},"modified":"2026-04-16T02:23:15","modified_gmt":"2026-04-15T23:23:15","slug":"albert-amca-ile-kara-delikler-2","status":"publish","type":"product","link":"https:\/\/roveyayinevi.com.tr\/index.php\/urun\/albert-amca-ile-kara-delikler-2\/","title":{"rendered":"Albert Amca ile Kara Delikler &#8211; 2"},"content":{"rendered":"<p>Deneyimli pedagog, fizik\u00e7i ve yazar Russell Stannard \u201cAlbert Amca\u201d dizisiyle, Einstein\u2019\u0131n teorilerini, \u0131\u015f\u0131k h\u0131z\u0131 ve g\u00f6relilik gibi \u00f6nemli kavramlar\u0131 ustal\u0131kl\u0131, anla\u015f\u0131l\u0131r, e\u011flenceli bir dille aktar\u0131rken, karma\u015f\u0131k bilimsel ger\u00e7eklerin g\u00fcndelik \u00f6rnekler \u00fczerinden kolayl\u0131kla anla\u015f\u0131lmas\u0131n\u0131 sa\u011fl\u0131yor.   Stannard, Einstein\u2019\u0131n bilime sa\u011flad\u0131\u011f\u0131 b\u00fcy\u00fck katk\u0131lar\u0131n yan\u0131 s\u0131ra, \u00fcnl\u00fc biliminsan\u0131n\u0131n s\u0131rad\u0131\u015f\u0131, renkli ve al\u00e7akg\u00f6n\u00fcll\u00fc karakterini de sayfalara yans\u0131t\u0131yor. Kitapta her soruyu sab\u0131rla cevaplayan, denemekten asla korkmayan, \u00e7ocuklara ve gen\u00e7lere bunun \u00f6nemini anlatan bir Einstein\u2019la kar\u015f\u0131la\u015f\u0131yoruz. *** Albert Amca dizisinin ikinci kitab\u0131 Kara Delikler\u2019de Einstein ve ye\u011feni Gedanken d\u00fc\u015f\u00fcnce balonunun bilinmeyen ve ola\u011fan\u00fcst\u00fc d\u00fcnyas\u0131na ad\u0131m at\u0131yorlar. G\u00f6revleriyse her \u015feyi yutan kara deliklerin gizemini \u00e7\u00f6zmek. Peki bu gizemi b\u00f6cekleri inceleyerek \u00e7\u00f6zebilirler mi?   Einstein\u2019in seksen y\u0131ldan uzun zaman \u00f6nce yay\u0131mlad\u0131\u011f\u0131 ve modern fizi\u011fin yap\u0131ta\u015flar\u0131ndan g\u00f6relilik kuram\u0131, Stannard\u2019\u0131n e\u011flenceli anlat\u0131m\u0131yla heyecan dolu bir ser\u00fcvene d\u00f6n\u00fc\u015f\u00fcyor. \u0130\u015fte bu kitapta cevab\u0131n\u0131 arad\u0131\u011f\u0131m\u0131z baz\u0131 sorular:   K\u00fctle\u00e7ekim nedir? Ne i\u015fe yarar? Ay\u2019da k\u00fctle\u00e7ekimin olmad\u0131\u011f\u0131n\u0131 da kim s\u00f6yledi?! Uzay\u0131 titrek bir j\u00f6leye benzetebilir miyiz? Ebeveynlerimizden daha ya\u015fl\u0131 olabilir miyiz? Uzay neden \u00e7arp\u0131kt\u0131r? B\u00fcy\u00fck Patlama\u2019da patlayan tam olarak neydi? VE K\u0130M N\u0130YE PATLATTI? Bir b\u00f6cek evrenin gizemini \u00e7\u00f6zebilir mi? <\/p>\n","protected":false},"excerpt":{"rendered":"<p>Deneyimli pedagog, fizik\u00e7i ve yazar Russell Stannard \u201cAlbert Amca\u201d dizisiyle, Einstein\u2019\u0131n teorilerini, \u0131\u015f\u0131k h\u0131z\u0131 ve g\u00f6relilik gibi \u00f6nemli kavramlar\u0131 ustal\u0131kl\u0131, anla\u015f\u0131l\u0131r, e\u011flenceli bir dille aktar\u0131rken, karma\u015f\u0131k<span class=\"excerpt-hellip\"> [\u2026]<\/span><\/p>\n","protected":false},"featured_media":0,"template":"","meta":{"_monsterinsights_skip_tracking":false,"_monsterinsights_sitenote_active":false,"_monsterinsights_sitenote_note":"","_monsterinsights_sitenote_category":0},"product_brand":[],"product_cat":[12274,12284],"product_tag":[],"class_list":{"0":"post-714841","1":"product","2":"type-product","3":"status-publish","5":"product_cat-cocuk-ve-genclik-kitaplari","6":"product_cat-hikayeler","7":"pa_cilt-ciltsiz","8":"pa_tur-kitap","9":"pa_yayinevi-kolektif-kitap","10":"pa_yazar-russell-stannard","12":"first","13":"instock","14":"sale","15":"shipping-taxable","16":"purchasable","17":"product-type-simple"},"_links":{"self":[{"href":"https:\/\/roveyayinevi.com.tr\/index.php\/wp-json\/wp\/v2\/product\/714841","targetHints":{"allow":["GET"]}}],"collection":[{"href":"https:\/\/roveyayinevi.com.tr\/index.php\/wp-json\/wp\/v2\/product"}],"about":[{"href":"https:\/\/roveyayinevi.com.tr\/index.php\/wp-json\/wp\/v2\/types\/product"}],"wp:attachment":[{"href":"https:\/\/roveyayinevi.com.tr\/index.php\/wp-json\/wp\/v2\/media?parent=714841"}],"wp:term":[{"taxonomy":"product_brand","embeddable":true,"href":"https:\/\/roveyayinevi.com.tr\/index.php\/wp-json\/wp\/v2\/product_brand?post=714841"},{"taxonomy":"product_cat","embeddable":true,"href":"https:\/\/roveyayinevi.com.tr\/index.php\/wp-json\/wp\/v2\/product_cat?post=714841"},{"taxonomy":"product_tag","embeddable":true,"href":"https:\/\/roveyayinevi.com.tr\/index.php\/wp-json\/wp\/v2\/product_tag?post=714841"}],"curies":[{"name":"wp","href":"https:\/\/api.w.org\/{rel}","templated":true}]}}