{"id":714839,"date":"2025-08-27T17:23:25","date_gmt":"2025-08-27T14:23:25","guid":{"rendered":"https:\/\/roveyayinevi.com.tr\/index.php\/urun\/albert-amca-ile-zaman-ve-uzay-1\/"},"modified":"2026-04-16T02:23:15","modified_gmt":"2026-04-15T23:23:15","slug":"albert-amca-ile-zaman-ve-uzay-1","status":"publish","type":"product","link":"https:\/\/roveyayinevi.com.tr\/index.php\/urun\/albert-amca-ile-zaman-ve-uzay-1\/","title":{"rendered":"Albert Amca ile Zaman ve Uzay &#8211; 1"},"content":{"rendered":"<p>Deneyimli pedagog, fizik\u00e7i ve yazar Russell Stannard \u201cAlbert Amca\u201d dizisiyle, Einstein\u2019\u0131n teorilerini, \u0131\u015f\u0131k h\u0131z\u0131 ve g\u00f6relilik gibi \u00f6nemli kavramlar\u0131 ustal\u0131kl\u0131, anla\u015f\u0131l\u0131r, e\u011flenceli bir dille aktar\u0131rken, karma\u015f\u0131k bilimsel ger\u00e7eklerin g\u00fcndelik \u00f6rnekler \u00fczerinden kolayl\u0131kla anla\u015f\u0131lmas\u0131n\u0131 sa\u011fl\u0131yor.   Stannard, Einstein\u2019\u0131n bilime sa\u011flad\u0131\u011f\u0131 b\u00fcy\u00fck katk\u0131lar\u0131n yan\u0131 s\u0131ra, \u00fcnl\u00fc biliminsan\u0131n\u0131n s\u0131rad\u0131\u015f\u0131, renkli ve al\u00e7akg\u00f6n\u00fcll\u00fc karakterini de sayfalara yans\u0131t\u0131yor. Kitapta her soruyu sab\u0131rla cevaplayan, denemekten asla korkmayan, \u00e7ocuklara ve gen\u00e7lere bunun \u00f6nemini anlatan bir Einstein\u2019la kar\u015f\u0131la\u015f\u0131yoruz. *** Albert Amca \u00fc\u00e7lemesinin ilk kitab\u0131 Zaman ve Uzay\u2019da Albert Einstein ile merakl\u0131 ye\u011feni Gedanken\u2019in \u201cd\u00fc\u015f\u00fcnce\u201d deneyleri ger\u00e7e\u011fe ve her bilimsel ger\u00e7ek de heyecan dolu bir ser\u00fcvene d\u00f6n\u00fc\u015f\u00fcyor. Kitap uzaybilimle yeni tan\u0131\u015fan her ya\u015ftan okuru etkileyecek t\u00fcrden. \u0130kilinin bu kitapta cevab\u0131n\u0131 arad\u0131klar\u0131 sorulardan baz\u0131lar\u0131 \u015funlar:   I\u015f\u0131k h\u0131z\u0131n\u0131 ge\u00e7mek m\u00fcmk\u00fcn m\u00fc? \u015ei\u015fmanlamadan nas\u0131l kilo al\u0131r\u0131z? Nas\u0131l sonsuza kadar ya\u015fayabilir ve bunun fark\u0131nda olmay\u0131z? Ni\u00e7in bazen hareket edenin biz mi yoksa yan\u0131m\u0131zdaki araba m\u0131 oldu\u011funu anlayamay\u0131z? <\/p>\n","protected":false},"excerpt":{"rendered":"<p>Deneyimli pedagog, fizik\u00e7i ve yazar Russell Stannard \u201cAlbert Amca\u201d dizisiyle, Einstein\u2019\u0131n teorilerini, \u0131\u015f\u0131k h\u0131z\u0131 ve g\u00f6relilik gibi \u00f6nemli kavramlar\u0131 ustal\u0131kl\u0131, anla\u015f\u0131l\u0131r, e\u011flenceli bir dille aktar\u0131rken, karma\u015f\u0131k<span class=\"excerpt-hellip\"> [\u2026]<\/span><\/p>\n","protected":false},"featured_media":0,"template":"","meta":{"_monsterinsights_skip_tracking":false,"_monsterinsights_sitenote_active":false,"_monsterinsights_sitenote_note":"","_monsterinsights_sitenote_category":0},"product_brand":[],"product_cat":[12274,12284],"product_tag":[],"class_list":{"0":"post-714839","1":"product","2":"type-product","3":"status-publish","5":"product_cat-cocuk-ve-genclik-kitaplari","6":"product_cat-hikayeler","7":"pa_cilt-ciltsiz","8":"pa_tur-kitap","9":"pa_yayinevi-kolektif-kitap","10":"pa_yazar-russell-stannard","12":"first","13":"instock","14":"sale","15":"shipping-taxable","16":"purchasable","17":"product-type-simple"},"_links":{"self":[{"href":"https:\/\/roveyayinevi.com.tr\/index.php\/wp-json\/wp\/v2\/product\/714839","targetHints":{"allow":["GET"]}}],"collection":[{"href":"https:\/\/roveyayinevi.com.tr\/index.php\/wp-json\/wp\/v2\/product"}],"about":[{"href":"https:\/\/roveyayinevi.com.tr\/index.php\/wp-json\/wp\/v2\/types\/product"}],"wp:attachment":[{"href":"https:\/\/roveyayinevi.com.tr\/index.php\/wp-json\/wp\/v2\/media?parent=714839"}],"wp:term":[{"taxonomy":"product_brand","embeddable":true,"href":"https:\/\/roveyayinevi.com.tr\/index.php\/wp-json\/wp\/v2\/product_brand?post=714839"},{"taxonomy":"product_cat","embeddable":true,"href":"https:\/\/roveyayinevi.com.tr\/index.php\/wp-json\/wp\/v2\/product_cat?post=714839"},{"taxonomy":"product_tag","embeddable":true,"href":"https:\/\/roveyayinevi.com.tr\/index.php\/wp-json\/wp\/v2\/product_tag?post=714839"}],"curies":[{"name":"wp","href":"https:\/\/api.w.org\/{rel}","templated":true}]}}