{"id":714833,"date":"2025-08-27T17:23:12","date_gmt":"2025-08-27T14:23:12","guid":{"rendered":"https:\/\/roveyayinevi.com.tr\/index.php\/urun\/leon-festingerin-bilissel-uyumsuzluk-kurami\/"},"modified":"2026-04-16T02:23:15","modified_gmt":"2026-04-15T23:23:15","slug":"leon-festingerin-bilissel-uyumsuzluk-kurami","status":"publish","type":"product","link":"https:\/\/roveyayinevi.com.tr\/index.php\/urun\/leon-festingerin-bilissel-uyumsuzluk-kurami\/","title":{"rendered":"Leon Festinger&#8217;in Bili\u015fsel Uyumsuzluk Kuram\u0131"},"content":{"rendered":"<p>Clarion adl\u0131 bir gezegendeki \u00fcst\u00fcn varl\u0131klar taraf\u0131ndan kendisine mesajlar g\u00f6nderildi\u011fini iddia eden MarianKeech, sel felaketiyle Kuzey Amerika k\u0131tas\u0131n\u0131n yok olaca\u011f\u0131n\u0131 ve inananlar\u0131n \u00fcst\u00fcn varl\u0131klar taraf\u0131ndan bir uzay arac\u0131yla kurtar\u0131laca\u011f\u0131n\u0131 iddia etmektedir. \u0130\u015flerini b\u0131rak\u0131p, paralar\u0131n\u0131 ve m\u00fclklerini ba\u011f\u0131\u015flayarak &#8220;Arayanlar (Seekers)&#8221; olarak adland\u0131r\u0131lan tarikata kat\u0131lanlar heyecanla, uzay gemisinin geli\u015fini ve maceran\u0131n ba\u015fla-mas\u0131n\u0131 beklemektedirler. Bu durum, 1954&#8217;ten bu yana &#8220;ki\u015finin uyumsuz iki fikre sahip oldu\u011funda ortaya \u00e7\u0131kan zihinsel karma\u015fa&#8221; olarak tan\u0131mlad\u0131klar\u0131 \u201cbili\u015fsel uyumsuzluk\u201d teorisinin laboratuvar deneylerini yapan LeonFestinger ve meslekta\u015flar\u0131(1) i\u00e7in teoriyi ger\u00e7ek hayatta test etmenin bir f\u0131rsat\u0131 olmu\u015ftur. Bunun \u00fczerine LeonFestinger, Henry Riecken ve StanleySchachter, kehanetlerin ger\u00e7ekle\u015fmedi\u011fi durumda ki\u015filerin tepkilerini, m\u00fcrit rol\u00fcne girdikleri tarikatta g\u00f6zlemlemi\u015flerdir. Marian Keech ve kehanetlerine inanan m\u00fcritler i\u00e7in haz\u0131rl\u0131k a\u015famas\u0131nda yapt\u0131klar\u0131 \u015feylerin geri al\u0131nmas\u0131 g\u00fc\u00e7, hatta imk\u00e2ns\u0131z olacakt\u0131r. \u00c7\u00fcnk\u00fc i\u015flerini, mal varl\u0131klar\u0131n\u0131 ve daha pek \u00e7ok \u015feyi d\u00fcnyev\u00ee olduklar\u0131 i\u00e7in elden \u00e7\u0131karm\u0131\u015flard\u0131r. Dahas\u0131 bu kehanetlere inanmayanlarla kar\u015f\u0131 kar\u015f\u0131ya kald\u0131klar\u0131nda yan\u0131lm\u0131\u015f olduklar\u0131n\u0131 itiraf etmek i\u015fi daha da zorla\u015ft\u0131racakt\u0131r.  <\/p>\n","protected":false},"excerpt":{"rendered":"<p>Clarion adl\u0131 bir gezegendeki \u00fcst\u00fcn varl\u0131klar taraf\u0131ndan kendisine mesajlar g\u00f6nderildi\u011fini iddia eden MarianKeech, sel felaketiyle Kuzey Amerika k\u0131tas\u0131n\u0131n yok olaca\u011f\u0131n\u0131 ve inananlar\u0131n \u00fcst\u00fcn varl\u0131klar taraf\u0131ndan bir<span class=\"excerpt-hellip\"> [\u2026]<\/span><\/p>\n","protected":false},"featured_media":0,"template":"","meta":{"_monsterinsights_skip_tracking":false,"_monsterinsights_sitenote_active":false,"_monsterinsights_sitenote_note":"","_monsterinsights_sitenote_category":0},"product_brand":[],"product_cat":[12573,12566],"product_tag":[],"class_list":{"0":"post-714833","1":"product","2":"type-product","3":"status-publish","5":"product_cat-akademik-kitaplar","6":"product_cat-egitim","7":"pa_cilt-ciltsiz","8":"pa_tur-kitap","9":"pa_yayinevi-ani-yayincilik","10":"pa_yazar-esin-yucel","12":"first","13":"instock","14":"sale","15":"shipping-taxable","16":"purchasable","17":"product-type-simple"},"_links":{"self":[{"href":"https:\/\/roveyayinevi.com.tr\/index.php\/wp-json\/wp\/v2\/product\/714833","targetHints":{"allow":["GET"]}}],"collection":[{"href":"https:\/\/roveyayinevi.com.tr\/index.php\/wp-json\/wp\/v2\/product"}],"about":[{"href":"https:\/\/roveyayinevi.com.tr\/index.php\/wp-json\/wp\/v2\/types\/product"}],"wp:attachment":[{"href":"https:\/\/roveyayinevi.com.tr\/index.php\/wp-json\/wp\/v2\/media?parent=714833"}],"wp:term":[{"taxonomy":"product_brand","embeddable":true,"href":"https:\/\/roveyayinevi.com.tr\/index.php\/wp-json\/wp\/v2\/product_brand?post=714833"},{"taxonomy":"product_cat","embeddable":true,"href":"https:\/\/roveyayinevi.com.tr\/index.php\/wp-json\/wp\/v2\/product_cat?post=714833"},{"taxonomy":"product_tag","embeddable":true,"href":"https:\/\/roveyayinevi.com.tr\/index.php\/wp-json\/wp\/v2\/product_tag?post=714833"}],"curies":[{"name":"wp","href":"https:\/\/api.w.org\/{rel}","templated":true}]}}