{"id":714832,"date":"2025-08-27T17:23:12","date_gmt":"2025-08-27T14:23:12","guid":{"rendered":"https:\/\/roveyayinevi.com.tr\/index.php\/urun\/okul-oncesi-egitimde-bir-erken-okuryazarlik-becerisi-fonolojik-farkindalik\/"},"modified":"2026-04-16T02:23:15","modified_gmt":"2026-04-15T23:23:15","slug":"okul-oncesi-egitimde-bir-erken-okuryazarlik-becerisi-fonolojik-farkindalik","status":"publish","type":"product","link":"https:\/\/roveyayinevi.com.tr\/index.php\/urun\/okul-oncesi-egitimde-bir-erken-okuryazarlik-becerisi-fonolojik-farkindalik\/","title":{"rendered":"Okul \u00d6ncesi E\u011fitimde Bir Erken Okuryazarl\u0131k Becerisi: Fonolojik Fark\u0131ndal\u0131k"},"content":{"rendered":"<p>Okul \u00f6ncesi d\u00f6nemdeki \u00e7ocuklar\u0131n ilerideki okul ya\u015fant\u0131lar\u0131nda okuma-yazma s\u00fcrecini kolayla\u015ft\u0131ran ve destekleyen en \u00f6nemli \u00f6n ko\u015ful becerilerinden biri fonolojik fark\u0131ndal\u0131kt\u0131r. Farkl\u0131 y\u00f6ntemlerle ve farkl\u0131 alfabetik dillerde yap\u0131lan \u00e7al\u0131\u015fmalarda, okuma-yazma geli\u015fimi ile fonolojik fark\u0131ndal\u0131k aras\u0131nda g\u00fc\u00e7l\u00fc bir ili\u015fki oldu\u011fu g\u00f6r\u00fclmektedir. Yap\u0131lan pek \u00e7ok ara\u015ft\u0131rma, fonolojik fark\u0131ndal\u0131k becerisinin okuma h\u0131z\u0131, okuma ak\u0131c\u0131l\u0131\u011f\u0131 ve okudu\u011funu anlayabilme i\u00e7in orta ya da g\u00fc\u00e7l\u00fc seviyede bir yorday\u0131c\u0131 oldu\u011funu g\u00f6stermektedir. \u0130lkokula d\u00fc\u015f\u00fck fonolojik fark\u0131ndal\u0131k ile ba\u015flayan \u00e7ocuklar, kelimelerin sahip oldu\u011fu ses yap\u0131s\u0131n\u0131n fark\u0131nda olan ve kelimelerdeki seslerle de\u011fi\u015fiklik yapabilen \u00e7ocuklara g\u00f6re okumada daha d\u00fc\u015f\u00fck performans g\u00f6stermektedir. Okul \u00f6ncesi d\u00f6nemde \u00e7ocuklar\u0131n fonolojik fark\u0131ndal\u0131k becerilerini kazanmas\u0131, ileriki y\u0131llardaki okuma-yazma ba\u015far\u0131s\u0131n\u0131 ve dolay\u0131s\u0131yla uzun vadede okul ba\u015far\u0131s\u0131n\u0131 etkilemektedir. Okul \u00f6ncesi d\u00f6nemde \u00e7ocuklara do\u011frudan uygulanan e\u011fitim programlar\u0131 ile fonolojik fark\u0131ndal\u0131k becerileri \u00f6nemli \u00f6l\u00e7\u00fcde kazand\u0131r\u0131labilmektedir.<\/p>\n","protected":false},"excerpt":{"rendered":"<p>Okul \u00f6ncesi d\u00f6nemdeki \u00e7ocuklar\u0131n ilerideki okul ya\u015fant\u0131lar\u0131nda okuma-yazma s\u00fcrecini kolayla\u015ft\u0131ran ve destekleyen en \u00f6nemli \u00f6n ko\u015ful becerilerinden biri fonolojik fark\u0131ndal\u0131kt\u0131r. Farkl\u0131 y\u00f6ntemlerle ve farkl\u0131 alfabetik dillerde<span class=\"excerpt-hellip\"> [\u2026]<\/span><\/p>\n","protected":false},"featured_media":0,"template":"","meta":{"_monsterinsights_skip_tracking":false,"_monsterinsights_sitenote_active":false,"_monsterinsights_sitenote_note":"","_monsterinsights_sitenote_category":0},"product_brand":[],"product_cat":[12573,12566],"product_tag":[],"class_list":{"0":"post-714832","1":"product","2":"type-product","3":"status-publish","5":"product_cat-akademik-kitaplar","6":"product_cat-egitim","7":"pa_cilt-ciltsiz","8":"pa_tur-kitap","9":"pa_yayinevi-ani-yayincilik","10":"pa_yazar-nurbanu-parpucu-berrin-dinc","12":"first","13":"instock","14":"sale","15":"shipping-taxable","16":"purchasable","17":"product-type-simple"},"_links":{"self":[{"href":"https:\/\/roveyayinevi.com.tr\/index.php\/wp-json\/wp\/v2\/product\/714832","targetHints":{"allow":["GET"]}}],"collection":[{"href":"https:\/\/roveyayinevi.com.tr\/index.php\/wp-json\/wp\/v2\/product"}],"about":[{"href":"https:\/\/roveyayinevi.com.tr\/index.php\/wp-json\/wp\/v2\/types\/product"}],"wp:attachment":[{"href":"https:\/\/roveyayinevi.com.tr\/index.php\/wp-json\/wp\/v2\/media?parent=714832"}],"wp:term":[{"taxonomy":"product_brand","embeddable":true,"href":"https:\/\/roveyayinevi.com.tr\/index.php\/wp-json\/wp\/v2\/product_brand?post=714832"},{"taxonomy":"product_cat","embeddable":true,"href":"https:\/\/roveyayinevi.com.tr\/index.php\/wp-json\/wp\/v2\/product_cat?post=714832"},{"taxonomy":"product_tag","embeddable":true,"href":"https:\/\/roveyayinevi.com.tr\/index.php\/wp-json\/wp\/v2\/product_tag?post=714832"}],"curies":[{"name":"wp","href":"https:\/\/api.w.org\/{rel}","templated":true}]}}