{"id":714830,"date":"2025-08-27T17:23:11","date_gmt":"2025-08-27T14:23:11","guid":{"rendered":"https:\/\/roveyayinevi.com.tr\/index.php\/urun\/egitim-ve-davranis-bilimlerinde-tek-denekli-arastirmalar\/"},"modified":"2026-04-16T02:23:14","modified_gmt":"2026-04-15T23:23:14","slug":"egitim-ve-davranis-bilimlerinde-tek-denekli-arastirmalar","status":"publish","type":"product","link":"https:\/\/roveyayinevi.com.tr\/index.php\/urun\/egitim-ve-davranis-bilimlerinde-tek-denekli-arastirmalar\/","title":{"rendered":"E\u011fitim ve Davran\u0131\u015f Bilimlerinde Tek &#8211; Denekli Ara\u015ft\u0131rmalar"},"content":{"rendered":"<p>E\u011fitim ve davran\u0131\u015f bilimlerinde giderek daha yayg\u0131n bir bi\u00e7imde kullan\u0131lan tek-denekli ara\u015ft\u0131rmalar, \u00fclkemizde \u00f6zellikle \u00d6zel E\u011fitim alan\u0131nda ara\u015ft\u0131rmac\u0131 ve uygulamac\u0131lar taraf\u0131ndan sorulan sorulara yan\u0131t vermek \u00fczere yo\u011fun olarak kullan\u0131lmaktad\u0131r. Birinci bask\u0131s\u0131 2012 y\u0131l\u0131nda T\u00fcrk Psikologlar Derne\u011fi taraf\u0131ndan ger\u00e7ekle\u015ftirilmi\u015f olan \u201cE\u011fitim ve Davran\u0131\u015f Bilimlerinde Tek-Denekli Ara\u015ft\u0131rmalar\u201d kitab\u0131 k\u0131sa s\u00fcrede t\u00fckenmi\u015ftir.   Birinci bask\u0131da g\u00f6zden ka\u00e7m\u0131\u015f olan ufak tefek yaz\u0131m hatalar\u0131 ya da anla\u015f\u0131lmas\u0131 zor ifadeler ve birinci bask\u0131y\u0131 okuyan okuyucular\u0131n ve \u00f6\u011frencilerimizin geribildirimleri \u00fczerinde \u00e7al\u0131\u015f\u0131larak kitap yeniden ayn\u0131 yazar ekibi ile bas\u0131ma haz\u0131rlanm\u0131\u015ft\u0131r. Yazar arkada\u015flar\u0131ma bu s\u00fcre\u00e7teki katk\u0131lar\u0131ndan dolay\u0131 te\u015fekk\u00fcr ederim. Kitab\u0131n tamam\u0131n\u0131n okunarak gerekli d\u00fczeltmelerin yap\u0131lmas\u0131 s\u00fcrecinde bana yard\u0131mc\u0131 olan e\u015fim Celil \u0130ftar\u2019a ve Ar\u015f. G\u00f6r. H. Deniz De\u011firmenci\u2019ye te\u015fekk\u00fcr ederim. <\/p>\n","protected":false},"excerpt":{"rendered":"<p>E\u011fitim ve davran\u0131\u015f bilimlerinde giderek daha yayg\u0131n bir bi\u00e7imde kullan\u0131lan tek-denekli ara\u015ft\u0131rmalar, \u00fclkemizde \u00f6zellikle \u00d6zel E\u011fitim alan\u0131nda ara\u015ft\u0131rmac\u0131 ve uygulamac\u0131lar taraf\u0131ndan sorulan sorulara yan\u0131t vermek \u00fczere<span class=\"excerpt-hellip\"> [\u2026]<\/span><\/p>\n","protected":false},"featured_media":0,"template":"","meta":{"_monsterinsights_skip_tracking":false,"_monsterinsights_sitenote_active":false,"_monsterinsights_sitenote_note":"","_monsterinsights_sitenote_category":0},"product_brand":[],"product_cat":[20502,12357],"product_tag":[],"class_list":{"0":"post-714830","1":"product","2":"type-product","3":"status-publish","5":"product_cat-basvuru-kitaplari-psikoloji","6":"product_cat-psikoloji","7":"pa_cilt-ciltsiz","8":"pa_tur-kitap","9":"pa_yayinevi-ani-yayincilik","10":"pa_yazar-kolektif","12":"first","13":"instock","14":"sale","15":"shipping-taxable","16":"purchasable","17":"product-type-simple"},"_links":{"self":[{"href":"https:\/\/roveyayinevi.com.tr\/index.php\/wp-json\/wp\/v2\/product\/714830","targetHints":{"allow":["GET"]}}],"collection":[{"href":"https:\/\/roveyayinevi.com.tr\/index.php\/wp-json\/wp\/v2\/product"}],"about":[{"href":"https:\/\/roveyayinevi.com.tr\/index.php\/wp-json\/wp\/v2\/types\/product"}],"wp:attachment":[{"href":"https:\/\/roveyayinevi.com.tr\/index.php\/wp-json\/wp\/v2\/media?parent=714830"}],"wp:term":[{"taxonomy":"product_brand","embeddable":true,"href":"https:\/\/roveyayinevi.com.tr\/index.php\/wp-json\/wp\/v2\/product_brand?post=714830"},{"taxonomy":"product_cat","embeddable":true,"href":"https:\/\/roveyayinevi.com.tr\/index.php\/wp-json\/wp\/v2\/product_cat?post=714830"},{"taxonomy":"product_tag","embeddable":true,"href":"https:\/\/roveyayinevi.com.tr\/index.php\/wp-json\/wp\/v2\/product_tag?post=714830"}],"curies":[{"name":"wp","href":"https:\/\/api.w.org\/{rel}","templated":true}]}}