{"id":714829,"date":"2025-08-27T17:23:10","date_gmt":"2025-08-27T14:23:10","guid":{"rendered":"https:\/\/roveyayinevi.com.tr\/index.php\/urun\/duskurdu-bir-dus-kurdu\/"},"modified":"2026-04-16T02:23:14","modified_gmt":"2026-04-15T23:23:14","slug":"duskurdu-bir-dus-kurdu","status":"publish","type":"product","link":"https:\/\/roveyayinevi.com.tr\/index.php\/urun\/duskurdu-bir-dus-kurdu\/","title":{"rendered":"D\u00fc\u015fkurdu Bir D\u00fc\u015f Kurdu"},"content":{"rendered":"<p>Ya\u015fam\u0131n g\u00fczelliklerini y\u00fccelten \u00f6yk\u00fclerle renkli bir d\u00fc\u015f d\u00fcnyas\u0131na yolculuk! \u00c7ocuk edebiyat\u0131m\u0131z\u0131n sevilen yazar\u0131 \u015eiirsel Ta\u015f, e\u011flenceli, d\u00fc\u015f\u00fcnd\u00fcr\u00fcc\u00fc, hi\u00e7 eskimeyecek \u00f6yk\u00fclerinin yer ald\u0131\u011f\u0131 D\u00fc\u015fkurdu Bir D\u00fc\u015f Kurdu\u2019nda birbirinden farkl\u0131 kahramanlar\u0131 bir araya getiriyor. Annelerine sinekkapan hediye eden karde\u015fler, \u2018balonca\u2019 konu\u015fan bir \u00e7ocuk, niyet \u00e7eken kar beyaz\u0131 bir tav\u015fan, k\u0131r\u0131nt\u0131 evrenini ke\u015ffeden ekmek k\u0131r\u0131nt\u0131s\u0131\u2026 Gu\u00a8lu\u00a8mseten \u00f6yku\u00a8leriyle bu reng\u00e2renk kahramanlar, okurlar\u0131 su\u00a8rprizlerle dolu bir du\u00a8\u015f du\u00a8nyas\u0131na davet ediyor!<\/p>\n","protected":false},"excerpt":{"rendered":"<p>Ya\u015fam\u0131n g\u00fczelliklerini y\u00fccelten \u00f6yk\u00fclerle renkli bir d\u00fc\u015f d\u00fcnyas\u0131na yolculuk! \u00c7ocuk edebiyat\u0131m\u0131z\u0131n sevilen yazar\u0131 \u015eiirsel Ta\u015f, e\u011flenceli, d\u00fc\u015f\u00fcnd\u00fcr\u00fcc\u00fc, hi\u00e7 eskimeyecek \u00f6yk\u00fclerinin yer ald\u0131\u011f\u0131 D\u00fc\u015fkurdu Bir D\u00fc\u015f Kurdu\u2019nda<span class=\"excerpt-hellip\"> [\u2026]<\/span><\/p>\n","protected":false},"featured_media":0,"template":"","meta":{"_monsterinsights_skip_tracking":false,"_monsterinsights_sitenote_active":false,"_monsterinsights_sitenote_note":"","_monsterinsights_sitenote_category":0},"product_brand":[],"product_cat":[12274,12284],"product_tag":[],"class_list":{"0":"post-714829","1":"product","2":"type-product","3":"status-publish","5":"product_cat-cocuk-ve-genclik-kitaplari","6":"product_cat-hikayeler","7":"pa_cilt-ciltsiz","8":"pa_tur-kitap","9":"pa_yayinevi-redhouse-kidz-yayinlari","10":"pa_yazar-siirsel-tas","12":"first","13":"instock","14":"sale","15":"shipping-taxable","16":"purchasable","17":"product-type-simple"},"_links":{"self":[{"href":"https:\/\/roveyayinevi.com.tr\/index.php\/wp-json\/wp\/v2\/product\/714829","targetHints":{"allow":["GET"]}}],"collection":[{"href":"https:\/\/roveyayinevi.com.tr\/index.php\/wp-json\/wp\/v2\/product"}],"about":[{"href":"https:\/\/roveyayinevi.com.tr\/index.php\/wp-json\/wp\/v2\/types\/product"}],"wp:attachment":[{"href":"https:\/\/roveyayinevi.com.tr\/index.php\/wp-json\/wp\/v2\/media?parent=714829"}],"wp:term":[{"taxonomy":"product_brand","embeddable":true,"href":"https:\/\/roveyayinevi.com.tr\/index.php\/wp-json\/wp\/v2\/product_brand?post=714829"},{"taxonomy":"product_cat","embeddable":true,"href":"https:\/\/roveyayinevi.com.tr\/index.php\/wp-json\/wp\/v2\/product_cat?post=714829"},{"taxonomy":"product_tag","embeddable":true,"href":"https:\/\/roveyayinevi.com.tr\/index.php\/wp-json\/wp\/v2\/product_tag?post=714829"}],"curies":[{"name":"wp","href":"https:\/\/api.w.org\/{rel}","templated":true}]}}