{"id":714827,"date":"2025-08-27T17:23:09","date_gmt":"2025-08-27T14:23:09","guid":{"rendered":"https:\/\/roveyayinevi.com.tr\/index.php\/urun\/gece-ucusu-3\/"},"modified":"2026-04-16T02:23:14","modified_gmt":"2026-04-15T23:23:14","slug":"gece-ucusu-3","status":"publish","type":"product","link":"https:\/\/roveyayinevi.com.tr\/index.php\/urun\/gece-ucusu-3\/","title":{"rendered":"Gece U\u00e7u\u015fu"},"content":{"rendered":"<p>Antoine de Saint-Exup\u00e9ry \u00f6l\u00fcms\u00fcz eseri K\u00fc\u00e7\u00fck Prens ile daha \u00e7ok tan\u0131n\u0131r; ama ya\u015fam\u0131 edebiyat\u0131n d\u0131\u015f\u0131na ta\u015fan ve ser\u00fcvenle yetinmeyen bir eylem adam\u0131d\u0131r. Gece U\u00e7u\u015fu, 1931 y\u0131l\u0131nda Femina \u00d6d\u00fcl\u00fc\u2019n\u00fc alm\u0131\u015f ve 1939 y\u0131l\u0131nda sinemaya uyarlanm\u0131\u015ft\u0131r ve etkileyici bir \u00fcslupla yaz\u0131lm\u0131\u015f k\u0131sa bir romand\u0131r. Exup\u00e9ry, kendi deneyimlerine de dayanarak, Patagonya, \u015eili ve Paraguay\u2019dan Arjantin\u2019e gece u\u00e7u\u015flar\u0131 yapan pilotlar\u0131n d\u00fcnyas\u0131na d\u00e2hil ediyor okurlar\u0131n\u0131. Bir tek gecede ya\u015fanan olaylardan yola \u00e7\u0131karak, insan\u0131n do\u011fayla m\u00fccadelesini, \u00f6l\u00fcme kar\u015f\u0131 duru\u015funu, amac\u0131na ula\u015fabilmek i\u00e7in g\u00f6ze ald\u0131\u011f\u0131 \u015feyleri destans\u0131 bir bi\u00e7imde anlatan Gece U\u00e7u\u015fu unutulmayacak bir romand\u0131r.Saint-Exup\u00e9ry u\u00e7may\u0131 yani \u201cDo\u011fan\u0131n ilahi g\u00fcc\u00fcn\u00fcn simgeleri olan geceye, g\u00fcne, da\u011flara, denizlere ve f\u0131rt\u0131nalara\u201d teslimiyet gerektiren bu deneyimi, bug\u00fcne kadar b\u00fcy\u00fcleyici bir dille anlat\u0131yor.<\/p>\n","protected":false},"excerpt":{"rendered":"<p>Antoine de Saint-Exup\u00e9ry \u00f6l\u00fcms\u00fcz eseri K\u00fc\u00e7\u00fck Prens ile daha \u00e7ok tan\u0131n\u0131r; ama ya\u015fam\u0131 edebiyat\u0131n d\u0131\u015f\u0131na ta\u015fan ve ser\u00fcvenle yetinmeyen bir eylem adam\u0131d\u0131r. Gece U\u00e7u\u015fu, 1931 y\u0131l\u0131nda<span class=\"excerpt-hellip\"> [\u2026]<\/span><\/p>\n","protected":false},"featured_media":0,"template":"","meta":{"_monsterinsights_skip_tracking":false,"_monsterinsights_sitenote_active":false,"_monsterinsights_sitenote_note":"","_monsterinsights_sitenote_category":0},"product_brand":[],"product_cat":[12291,13376],"product_tag":[],"class_list":{"0":"post-714827","1":"product","2":"type-product","3":"status-publish","5":"product_cat-edebiyat","6":"product_cat-fransiz-edebiyati","7":"pa_cilt-ciltsiz","8":"pa_tur-kitap","9":"pa_yayinevi-herdem-kitap","10":"pa_yazar-antoine-de-saint-exupery","12":"first","13":"instock","14":"sale","15":"shipping-taxable","16":"purchasable","17":"product-type-simple"},"_links":{"self":[{"href":"https:\/\/roveyayinevi.com.tr\/index.php\/wp-json\/wp\/v2\/product\/714827","targetHints":{"allow":["GET"]}}],"collection":[{"href":"https:\/\/roveyayinevi.com.tr\/index.php\/wp-json\/wp\/v2\/product"}],"about":[{"href":"https:\/\/roveyayinevi.com.tr\/index.php\/wp-json\/wp\/v2\/types\/product"}],"wp:attachment":[{"href":"https:\/\/roveyayinevi.com.tr\/index.php\/wp-json\/wp\/v2\/media?parent=714827"}],"wp:term":[{"taxonomy":"product_brand","embeddable":true,"href":"https:\/\/roveyayinevi.com.tr\/index.php\/wp-json\/wp\/v2\/product_brand?post=714827"},{"taxonomy":"product_cat","embeddable":true,"href":"https:\/\/roveyayinevi.com.tr\/index.php\/wp-json\/wp\/v2\/product_cat?post=714827"},{"taxonomy":"product_tag","embeddable":true,"href":"https:\/\/roveyayinevi.com.tr\/index.php\/wp-json\/wp\/v2\/product_tag?post=714827"}],"curies":[{"name":"wp","href":"https:\/\/api.w.org\/{rel}","templated":true}]}}