{"id":714823,"date":"2025-08-27T17:23:06","date_gmt":"2025-08-27T14:23:06","guid":{"rendered":"https:\/\/roveyayinevi.com.tr\/index.php\/urun\/franz-kafka-secme-eserleri\/"},"modified":"2026-04-16T02:23:14","modified_gmt":"2026-04-15T23:23:14","slug":"franz-kafka-secme-eserleri","status":"publish","type":"product","link":"https:\/\/roveyayinevi.com.tr\/index.php\/urun\/franz-kafka-secme-eserleri\/","title":{"rendered":"Franz Kafka &#8211; Se\u00e7me Eserleri"},"content":{"rendered":"<p>Modern edebiyat\u0131n en \u00f6nemli isimlerinden biri olarak kabul edilen Franz Kafka\u2019n\u0131n en dikkat \u00e7eken eserlerini sizler i\u00e7in bir araya getirdik. Kafka\u2019n\u0131n eserlerini okurken i\u00e7indeki melankolizmi iliklerinize kadar hissedecek ve d\u00f6nemin ger\u00e7eklerini capcanl\u0131 bir \u015fekilde g\u00f6zler \u00f6n\u00fcne seren sat\u0131rlar\u0131na tan\u0131k olacaks\u0131n\u0131z.\u0130\u015fte sizin i\u00e7in se\u00e7ti\u011fimiz eserler:D\u00f6n\u00fc\u015f\u00fcmDavaMilena\u2019ya Mektuplar<\/p>\n","protected":false},"excerpt":{"rendered":"<p>Modern edebiyat\u0131n en \u00f6nemli isimlerinden biri olarak kabul edilen Franz Kafka\u2019n\u0131n en dikkat \u00e7eken eserlerini sizler i\u00e7in bir araya getirdik. Kafka\u2019n\u0131n eserlerini okurken i\u00e7indeki melankolizmi iliklerinize<span class=\"excerpt-hellip\"> [\u2026]<\/span><\/p>\n","protected":false},"featured_media":0,"template":"","meta":{"_monsterinsights_skip_tracking":false,"_monsterinsights_sitenote_active":false,"_monsterinsights_sitenote_note":"","_monsterinsights_sitenote_category":0},"product_brand":[],"product_cat":[12291,12711],"product_tag":[],"class_list":{"0":"post-714823","1":"product","2":"type-product","3":"status-publish","5":"product_cat-edebiyat","6":"product_cat-roman-oyku","7":"pa_cilt-ciltsiz","8":"pa_tur-kitap","9":"pa_yayinevi-yakamoz-yayinevi","10":"pa_yazar-franz-kafka","12":"first","13":"instock","14":"sale","15":"shipping-taxable","16":"purchasable","17":"product-type-simple"},"_links":{"self":[{"href":"https:\/\/roveyayinevi.com.tr\/index.php\/wp-json\/wp\/v2\/product\/714823","targetHints":{"allow":["GET"]}}],"collection":[{"href":"https:\/\/roveyayinevi.com.tr\/index.php\/wp-json\/wp\/v2\/product"}],"about":[{"href":"https:\/\/roveyayinevi.com.tr\/index.php\/wp-json\/wp\/v2\/types\/product"}],"wp:attachment":[{"href":"https:\/\/roveyayinevi.com.tr\/index.php\/wp-json\/wp\/v2\/media?parent=714823"}],"wp:term":[{"taxonomy":"product_brand","embeddable":true,"href":"https:\/\/roveyayinevi.com.tr\/index.php\/wp-json\/wp\/v2\/product_brand?post=714823"},{"taxonomy":"product_cat","embeddable":true,"href":"https:\/\/roveyayinevi.com.tr\/index.php\/wp-json\/wp\/v2\/product_cat?post=714823"},{"taxonomy":"product_tag","embeddable":true,"href":"https:\/\/roveyayinevi.com.tr\/index.php\/wp-json\/wp\/v2\/product_tag?post=714823"}],"curies":[{"name":"wp","href":"https:\/\/api.w.org\/{rel}","templated":true}]}}